{"id":146848,"date":"2025-05-18T23:35:12","date_gmt":"2025-05-18T23:35:12","guid":{"rendered":"https:\/\/staging2.stylingagenten.com\/da\/produkt\/maybelline-brow-satin-duo-pencil-dark-brown\/"},"modified":"2026-04-08T14:48:42","modified_gmt":"2026-04-08T14:48:42","slug":"maybelline-brow-satin-duo-pencil-dark-brown","status":"publish","type":"product","link":"https:\/\/stylingagenten.com\/da\/produkt\/maybelline-brow-satin-duo-pencil-dark-brown\/","title":{"rendered":"Maybelline Brow Satin Duo Pencil Dark Brown"},"content":{"rendered":"<p>Duo \u00f8jenbrynsblyanten Brow Satin kombinerer \u00f8jenbrynsblyant og pudder i et enkelt produkt.<br \/>Med blyanten udfylder du efter \u00f8jenbrynets kontur, mens det matte pudder udfylder hullerne mellem linjerne.<br \/> Resultatet er fyldige \u00f8jenbryn med en naturlig finish.<\/p>\n<p>F\u00e5s i farverne:<br \/>Lys Blond<br \/>M\u00f8rkeblond<br \/>Mellembrun<br \/><strong>M\u00f8rkebrun<\/strong> <\/p>\n","protected":false},"excerpt":{"rendered":"<p>Duo \u00f8jenbrynsblyanten Brow Satin kombinerer \u00f8jenbrynsblyant og pudder i et enkelt produkt.Med blyanten udfylder du efter \u00f8jenbrynets kontur, mens det matte pudder udfylder hullerne mellem linjerne. Resultatet er fyldige \u00f8jenbryn med en naturlig finish. F\u00e5s i farverne:Lys BlondM\u00f8rkeblondMellembrunM\u00f8rkebrun<\/p>\n","protected":false},"featured_media":146844,"comment_status":"open","ping_status":"closed","template":"","meta":{"_trash_the_other_posts":false},"product_brand":[],"product_cat":[625],"product_tag":[3496],"berocket_brand":[1016],"class_list":{"0":"post-146848","1":"product","2":"type-product","3":"status-publish","4":"has-post-thumbnail","6":"product_cat-oejenbryns-blyant","7":"product_tag-maybelline-brow-satin-duo-pencil","8":"pa_brand-maybelline","9":"pa_variant-dark-brown","10":"berocket_brand-maybelline","12":"first","13":"outofstock","14":"sale","15":"taxable","16":"shipping-taxable","17":"purchasable","18":"product-type-simple"},"_links":{"self":[{"href":"https:\/\/stylingagenten.com\/da\/wp-json\/wp\/v2\/product\/146848","targetHints":{"allow":["GET"]}}],"collection":[{"href":"https:\/\/stylingagenten.com\/da\/wp-json\/wp\/v2\/product"}],"about":[{"href":"https:\/\/stylingagenten.com\/da\/wp-json\/wp\/v2\/types\/product"}],"replies":[{"embeddable":true,"href":"https:\/\/stylingagenten.com\/da\/wp-json\/wp\/v2\/comments?post=146848"}],"version-history":[{"count":0,"href":"https:\/\/stylingagenten.com\/da\/wp-json\/wp\/v2\/product\/146848\/revisions"}],"wp:featuredmedia":[{"embeddable":true,"href":"https:\/\/stylingagenten.com\/da\/wp-json\/wp\/v2\/media\/146844"}],"wp:attachment":[{"href":"https:\/\/stylingagenten.com\/da\/wp-json\/wp\/v2\/media?parent=146848"}],"wp:term":[{"taxonomy":"product_brand","embeddable":true,"href":"https:\/\/stylingagenten.com\/da\/wp-json\/wp\/v2\/product_brand?post=146848"},{"taxonomy":"product_cat","embeddable":true,"href":"https:\/\/stylingagenten.com\/da\/wp-json\/wp\/v2\/product_cat?post=146848"},{"taxonomy":"product_tag","embeddable":true,"href":"https:\/\/stylingagenten.com\/da\/wp-json\/wp\/v2\/product_tag?post=146848"},{"taxonomy":"berocket_brand","embeddable":true,"href":"https:\/\/stylingagenten.com\/da\/wp-json\/wp\/v2\/berocket_brand?post=146848"}],"curies":[{"name":"wp","href":"https:\/\/api.w.org\/{rel}","templated":true}]}}