{"id":146683,"date":"2025-05-18T23:34:46","date_gmt":"2025-05-18T23:34:46","guid":{"rendered":"https:\/\/staging2.stylingagenten.com\/da\/produkt\/beauty-uk-eyebrow-pencil-grey\/"},"modified":"2026-04-08T23:18:29","modified_gmt":"2026-04-08T23:18:29","slug":"beauty-uk-eyebrow-pencil-grey","status":"publish","type":"product","link":"https:\/\/stylingagenten.com\/da\/produkt\/beauty-uk-eyebrow-pencil-grey\/","title":{"rendered":"Beauty UK Eyebrow Pencil &#8211; Grey"},"content":{"rendered":"<p>Beauty UK Eye Brow Pencil &#8211; Gr\u00e5. Perfekt afbalanceret \u00f8jenbrynsblyant med en definerende \u00f8jenbrynsb\u00f8rste. Denne rigt pigmenterede blyant er det kunstneriske v\u00e6rkt\u00f8j, du skal bruge for at skabe dit individuelle \u00f8jenbrynslook.<\/p>\n<p>Farve &#8211; gr\u00e5<\/p>\n","protected":false},"excerpt":{"rendered":"<p>Beauty UK Eye Brow Pencil &#8211; Gr\u00e5. Perfekt afbalanceret \u00f8jenbrynsblyant med en definerende \u00f8jenbrynsb\u00f8rste. Denne rigt pigmenterede blyant er det kunstneriske v\u00e6rkt\u00f8j, du skal bruge for at skabe dit individuelle \u00f8jenbrynslook. Farve &#8211; gr\u00e5<\/p>\n","protected":false},"featured_media":146681,"comment_status":"open","ping_status":"closed","template":"","meta":{"_trash_the_other_posts":false},"product_brand":[],"product_cat":[625],"product_tag":[2494],"berocket_brand":[1059],"class_list":{"0":"post-146683","1":"product","2":"type-product","3":"status-publish","4":"has-post-thumbnail","6":"product_cat-oejenbryns-blyant","7":"product_tag-beauty-uk-eyebrow-pencil","8":"pa_brand-beautyuk","9":"pa_variant-grey","10":"berocket_brand-beautyuk","12":"first","13":"instock","14":"sale","15":"taxable","16":"shipping-taxable","17":"purchasable","18":"product-type-simple"},"_links":{"self":[{"href":"https:\/\/stylingagenten.com\/da\/wp-json\/wp\/v2\/product\/146683","targetHints":{"allow":["GET"]}}],"collection":[{"href":"https:\/\/stylingagenten.com\/da\/wp-json\/wp\/v2\/product"}],"about":[{"href":"https:\/\/stylingagenten.com\/da\/wp-json\/wp\/v2\/types\/product"}],"replies":[{"embeddable":true,"href":"https:\/\/stylingagenten.com\/da\/wp-json\/wp\/v2\/comments?post=146683"}],"version-history":[{"count":0,"href":"https:\/\/stylingagenten.com\/da\/wp-json\/wp\/v2\/product\/146683\/revisions"}],"wp:featuredmedia":[{"embeddable":true,"href":"https:\/\/stylingagenten.com\/da\/wp-json\/wp\/v2\/media\/146681"}],"wp:attachment":[{"href":"https:\/\/stylingagenten.com\/da\/wp-json\/wp\/v2\/media?parent=146683"}],"wp:term":[{"taxonomy":"product_brand","embeddable":true,"href":"https:\/\/stylingagenten.com\/da\/wp-json\/wp\/v2\/product_brand?post=146683"},{"taxonomy":"product_cat","embeddable":true,"href":"https:\/\/stylingagenten.com\/da\/wp-json\/wp\/v2\/product_cat?post=146683"},{"taxonomy":"product_tag","embeddable":true,"href":"https:\/\/stylingagenten.com\/da\/wp-json\/wp\/v2\/product_tag?post=146683"},{"taxonomy":"berocket_brand","embeddable":true,"href":"https:\/\/stylingagenten.com\/da\/wp-json\/wp\/v2\/berocket_brand?post=146683"}],"curies":[{"name":"wp","href":"https:\/\/api.w.org\/{rel}","templated":true}]}}