{"id":146652,"date":"2025-05-18T23:34:42","date_gmt":"2025-05-18T23:34:42","guid":{"rendered":"https:\/\/staging2.stylingagenten.com\/da\/produkt\/nyx-prof-makeup-lift-n-snatch-brow-tint-pen-brunette\/"},"modified":"2026-02-07T23:26:33","modified_gmt":"2026-02-07T23:26:33","slug":"nyx-prof-makeup-lift-n-snatch-brow-tint-pen-brunette","status":"publish","type":"product","link":"https:\/\/stylingagenten.com\/da\/produkt\/nyx-prof-makeup-lift-n-snatch-brow-tint-pen-brunette\/","title":{"rendered":"NYX PROF. MAKEUP Lift N Snatch Brow Tint Pen &#8211; Brunette"},"content":{"rendered":"<p><strong>NYX PROF. MAKEUP Lift N Snatch Brow Tint Pen<\/strong><\/p>\n<p>F&aring; et l\u00f8ftet &ouml;brynlook fra en blyant! Denne fleksible pen med mikrob\u00f8rstespids lader dig skabe tynde til tykke linjer, der faktisk ligner h\u00e5rgr\u00e6nsen IRL. Tonede, bygbare nuancer betyder, at du kan g\u00f8re; fra et super naturligt look til et defineret look med et par hurtige svirp! Skab et \u00f8jenbrynslook fra bunden, udfyld sparsomme omr\u00e5der eller byg ovenp\u00e5; dine \u00f8jenbryn. Op til 16 timers perfekte &ouml;\u00f8jenbryn!<\/p>\n","protected":false},"excerpt":{"rendered":"<p>NYX PROF. MAKEUP Lift N Snatch Brow Tint Pen F&aring; et l\u00f8ftet &ouml;brynlook fra en blyant! Denne fleksible pen med mikrob\u00f8rstespids lader dig skabe tynde til tykke linjer, der faktisk ligner h\u00e5rgr\u00e6nsen IRL. Tonede, bygbare nuancer betyder, at du kan g\u00f8re; fra et super naturligt look til et defineret look med et par hurtige svirp! [&hellip;]<\/p>\n","protected":false},"featured_media":146615,"comment_status":"open","ping_status":"closed","template":"","meta":{"_trash_the_other_posts":false},"product_brand":[],"product_cat":[625],"product_tag":[3677],"berocket_brand":[1025],"class_list":{"0":"post-146652","1":"product","2":"type-product","3":"status-publish","4":"has-post-thumbnail","6":"product_cat-oejenbryns-blyant","7":"product_tag-nyx-prof-makeup-lift-n-snatch-brow-tint-pen","8":"pa_brand-nyx","9":"pa_variant-brunette","10":"berocket_brand-nyx","12":"first","13":"instock","14":"sale","15":"taxable","16":"shipping-taxable","17":"purchasable","18":"product-type-simple"},"_links":{"self":[{"href":"https:\/\/stylingagenten.com\/da\/wp-json\/wp\/v2\/product\/146652","targetHints":{"allow":["GET"]}}],"collection":[{"href":"https:\/\/stylingagenten.com\/da\/wp-json\/wp\/v2\/product"}],"about":[{"href":"https:\/\/stylingagenten.com\/da\/wp-json\/wp\/v2\/types\/product"}],"replies":[{"embeddable":true,"href":"https:\/\/stylingagenten.com\/da\/wp-json\/wp\/v2\/comments?post=146652"}],"version-history":[{"count":0,"href":"https:\/\/stylingagenten.com\/da\/wp-json\/wp\/v2\/product\/146652\/revisions"}],"wp:featuredmedia":[{"embeddable":true,"href":"https:\/\/stylingagenten.com\/da\/wp-json\/wp\/v2\/media\/146615"}],"wp:attachment":[{"href":"https:\/\/stylingagenten.com\/da\/wp-json\/wp\/v2\/media?parent=146652"}],"wp:term":[{"taxonomy":"product_brand","embeddable":true,"href":"https:\/\/stylingagenten.com\/da\/wp-json\/wp\/v2\/product_brand?post=146652"},{"taxonomy":"product_cat","embeddable":true,"href":"https:\/\/stylingagenten.com\/da\/wp-json\/wp\/v2\/product_cat?post=146652"},{"taxonomy":"product_tag","embeddable":true,"href":"https:\/\/stylingagenten.com\/da\/wp-json\/wp\/v2\/product_tag?post=146652"},{"taxonomy":"berocket_brand","embeddable":true,"href":"https:\/\/stylingagenten.com\/da\/wp-json\/wp\/v2\/berocket_brand?post=146652"}],"curies":[{"name":"wp","href":"https:\/\/api.w.org\/{rel}","templated":true}]}}