{"id":146608,"date":"2025-05-18T23:34:35","date_gmt":"2025-05-18T23:34:35","guid":{"rendered":"https:\/\/staging2.stylingagenten.com\/da\/produkt\/nyx-prof-makeup-micro-brow-pencil-auburn\/"},"modified":"2025-12-18T21:54:04","modified_gmt":"2025-12-18T21:54:04","slug":"nyx-prof-makeup-micro-brow-pencil-auburn","status":"publish","type":"product","link":"https:\/\/stylingagenten.com\/da\/produkt\/nyx-prof-makeup-micro-brow-pencil-auburn\/","title":{"rendered":"NYX PROF. MAKEUP Micro Brow Pencil &#8211; Auburn"},"content":{"rendered":"<p>Brug NYX PROFESSIONAL MAKEUP Micro Brow Pencil &#8211; Auburn for at f\u00e5 definerede og fyldige bryn! Denne dejlige brynblyant har en dejlig formel, der glider p\u00e5 dine bryn, og dens tynde spids g\u00f8r det nemt at definere og forme dine bryn, som du vil have dem. Denne brynblyant g\u00f8r det nemt at f\u00e5 et pr\u00e6cist resultat med en flot og naturlig finish! Pennen har ogs\u00e5 en b\u00f8rste p\u00e5 den ene side.<\/p>\n<p>Indhold: 0,09 g<\/p><\/p>\n","protected":false},"excerpt":{"rendered":"<p>Brug NYX PROFESSIONAL MAKEUP Micro Brow Pencil &#8211; Auburn for at f\u00e5 definerede og fyldige bryn! Denne dejlige brynblyant har en dejlig formel, der glider p\u00e5 dine bryn, og dens tynde spids g\u00f8r det nemt at definere og forme dine bryn, som du vil have dem. Denne brynblyant g\u00f8r det nemt at f\u00e5 et pr\u00e6cist [&hellip;]<\/p>\n","protected":false},"featured_media":146606,"comment_status":"open","ping_status":"closed","template":"","meta":{"_trash_the_other_posts":false},"product_brand":[],"product_cat":[625],"product_tag":[3686],"berocket_brand":[1025],"class_list":{"0":"post-146608","1":"product","2":"type-product","3":"status-publish","4":"has-post-thumbnail","6":"product_cat-oejenbryns-blyant","7":"product_tag-nyx-prof-makeup-micro-brow-pencil","8":"pa_brand-nyx","9":"pa_variant-auburn","10":"berocket_brand-nyx","12":"first","13":"instock","14":"sale","15":"taxable","16":"shipping-taxable","17":"purchasable","18":"product-type-simple"},"_links":{"self":[{"href":"https:\/\/stylingagenten.com\/da\/wp-json\/wp\/v2\/product\/146608","targetHints":{"allow":["GET"]}}],"collection":[{"href":"https:\/\/stylingagenten.com\/da\/wp-json\/wp\/v2\/product"}],"about":[{"href":"https:\/\/stylingagenten.com\/da\/wp-json\/wp\/v2\/types\/product"}],"replies":[{"embeddable":true,"href":"https:\/\/stylingagenten.com\/da\/wp-json\/wp\/v2\/comments?post=146608"}],"version-history":[{"count":0,"href":"https:\/\/stylingagenten.com\/da\/wp-json\/wp\/v2\/product\/146608\/revisions"}],"wp:featuredmedia":[{"embeddable":true,"href":"https:\/\/stylingagenten.com\/da\/wp-json\/wp\/v2\/media\/146606"}],"wp:attachment":[{"href":"https:\/\/stylingagenten.com\/da\/wp-json\/wp\/v2\/media?parent=146608"}],"wp:term":[{"taxonomy":"product_brand","embeddable":true,"href":"https:\/\/stylingagenten.com\/da\/wp-json\/wp\/v2\/product_brand?post=146608"},{"taxonomy":"product_cat","embeddable":true,"href":"https:\/\/stylingagenten.com\/da\/wp-json\/wp\/v2\/product_cat?post=146608"},{"taxonomy":"product_tag","embeddable":true,"href":"https:\/\/stylingagenten.com\/da\/wp-json\/wp\/v2\/product_tag?post=146608"},{"taxonomy":"berocket_brand","embeddable":true,"href":"https:\/\/stylingagenten.com\/da\/wp-json\/wp\/v2\/berocket_brand?post=146608"}],"curies":[{"name":"wp","href":"https:\/\/api.w.org\/{rel}","templated":true}]}}