{"id":146601,"date":"2025-05-18T23:34:34","date_gmt":"2025-05-18T23:34:34","guid":{"rendered":"https:\/\/staging2.stylingagenten.com\/da\/produkt\/kokie-micro-fine-eyebrow-pencil-dark-brown\/"},"modified":"2026-03-17T07:58:30","modified_gmt":"2026-03-17T07:58:30","slug":"kokie-micro-fine-eyebrow-pencil-dark-brown","status":"publish","type":"product","link":"https:\/\/stylingagenten.com\/da\/produkt\/kokie-micro-fine-eyebrow-pencil-dark-brown\/","title":{"rendered":"Kokie Micro-Fine Eyebrow Pencil Dark Brown"},"content":{"rendered":"<p>Kokies Micro-Fine Eyebrow Pencil har en smal spids for at opn\u00e5 h\u00e5rlignende str\u00f8g med pr\u00e6cision og en spole til at blande for en naturlig finish. Denne langtidsholdbare formel kommer i fem flatterende nuancer.<\/p>\n<p>\u2022 Udtr\u00e6kkelig blyant<br \/>\u2022 Mikrofint pigment<br \/>\u2022 Udtv\u00e6ret<br \/>\u2022 Vandafvisende<\/p>\n","protected":false},"excerpt":{"rendered":"<p>Kokies Micro-Fine Eyebrow Pencil har en smal spids for at opn\u00e5 h\u00e5rlignende str\u00f8g med pr\u00e6cision og en spole til at blande for en naturlig finish. Denne langtidsholdbare formel kommer i fem flatterende nuancer. \u2022 Udtr\u00e6kkelig blyant\u2022 Mikrofint pigment\u2022 Udtv\u00e6ret\u2022 Vandafvisende<\/p>\n","protected":false},"featured_media":146574,"comment_status":"open","ping_status":"closed","template":"","meta":{"_trash_the_other_posts":false},"product_brand":[],"product_cat":[625],"product_tag":[3157],"berocket_brand":[1198],"class_list":{"0":"post-146601","1":"product","2":"type-product","3":"status-publish","4":"has-post-thumbnail","6":"product_cat-oejenbryns-blyant","7":"product_tag-kokie-micro-fine-eyebrow-pencil","8":"pa_brand-kokie-cosmetics","9":"pa_variant-dark-brown","10":"berocket_brand-kokie-cosmetics","12":"first","13":"instock","14":"sale","15":"taxable","16":"shipping-taxable","17":"purchasable","18":"product-type-simple"},"_links":{"self":[{"href":"https:\/\/stylingagenten.com\/da\/wp-json\/wp\/v2\/product\/146601","targetHints":{"allow":["GET"]}}],"collection":[{"href":"https:\/\/stylingagenten.com\/da\/wp-json\/wp\/v2\/product"}],"about":[{"href":"https:\/\/stylingagenten.com\/da\/wp-json\/wp\/v2\/types\/product"}],"replies":[{"embeddable":true,"href":"https:\/\/stylingagenten.com\/da\/wp-json\/wp\/v2\/comments?post=146601"}],"version-history":[{"count":0,"href":"https:\/\/stylingagenten.com\/da\/wp-json\/wp\/v2\/product\/146601\/revisions"}],"wp:featuredmedia":[{"embeddable":true,"href":"https:\/\/stylingagenten.com\/da\/wp-json\/wp\/v2\/media\/146574"}],"wp:attachment":[{"href":"https:\/\/stylingagenten.com\/da\/wp-json\/wp\/v2\/media?parent=146601"}],"wp:term":[{"taxonomy":"product_brand","embeddable":true,"href":"https:\/\/stylingagenten.com\/da\/wp-json\/wp\/v2\/product_brand?post=146601"},{"taxonomy":"product_cat","embeddable":true,"href":"https:\/\/stylingagenten.com\/da\/wp-json\/wp\/v2\/product_cat?post=146601"},{"taxonomy":"product_tag","embeddable":true,"href":"https:\/\/stylingagenten.com\/da\/wp-json\/wp\/v2\/product_tag?post=146601"},{"taxonomy":"berocket_brand","embeddable":true,"href":"https:\/\/stylingagenten.com\/da\/wp-json\/wp\/v2\/berocket_brand?post=146601"}],"curies":[{"name":"wp","href":"https:\/\/api.w.org\/{rel}","templated":true}]}}