{"id":146563,"date":"2025-05-18T23:34:28","date_gmt":"2025-05-18T23:34:28","guid":{"rendered":"https:\/\/staging2.stylingagenten.com\/da\/produkt\/maybelline-brow-ultra-slim-pencil-07-black\/"},"modified":"2025-12-18T21:52:38","modified_gmt":"2025-12-18T21:52:38","slug":"maybelline-brow-ultra-slim-pencil-07-black","status":"publish","type":"product","link":"https:\/\/stylingagenten.com\/da\/produkt\/maybelline-brow-ultra-slim-pencil-07-black\/","title":{"rendered":"Maybelline Brow Ultra Slim Pencil &#8211; 07 Black"},"content":{"rendered":"<p>F\u00e5 definerede og naturlige bryn med Brow Ultra Slim \u00f8jenbrynsblyant. J\u00e6vn p\u00e5f\u00f8ring med ultimativ pr\u00e6cision. Tynd 1,5 mm applikatorspids med h\u00e5rlignende kam for definerede, naturligt udseende bryn hele dagen. <\/p>\n<p>Trin 1: Tegn sm\u00e5, lette str\u00f8g langs \u00f8jenbrynskonturen. <br \/>Trin 2: Brug b\u00f8rsten og kam brynene opad og udad for at udj\u00e6vne farven og fiksere resultatet. <\/p>\n<p>1g<\/p>\n","protected":false},"excerpt":{"rendered":"<p>F\u00e5 definerede og naturlige bryn med Brow Ultra Slim \u00f8jenbrynsblyant. J\u00e6vn p\u00e5f\u00f8ring med ultimativ pr\u00e6cision. Tynd 1,5 mm applikatorspids med h\u00e5rlignende kam for definerede, naturligt udseende bryn hele dagen. Trin 1: Tegn sm\u00e5, lette str\u00f8g langs \u00f8jenbrynskonturen. Trin 2: Brug b\u00f8rsten og kam brynene opad og udad for at udj\u00e6vne farven og fiksere resultatet. 1g<\/p>\n","protected":false},"featured_media":146561,"comment_status":"open","ping_status":"closed","template":"","meta":{"_trash_the_other_posts":false},"product_brand":[],"product_cat":[625],"product_tag":[3497],"berocket_brand":[1016],"class_list":{"0":"post-146563","1":"product","2":"type-product","3":"status-publish","4":"has-post-thumbnail","6":"product_cat-oejenbryns-blyant","7":"product_tag-maybelline-brow-ultra-slim-pencil","8":"pa_brand-maybelline","9":"pa_variant-07-black","10":"berocket_brand-maybelline","12":"first","13":"instock","14":"sale","15":"taxable","16":"shipping-taxable","17":"purchasable","18":"product-type-simple"},"_links":{"self":[{"href":"https:\/\/stylingagenten.com\/da\/wp-json\/wp\/v2\/product\/146563","targetHints":{"allow":["GET"]}}],"collection":[{"href":"https:\/\/stylingagenten.com\/da\/wp-json\/wp\/v2\/product"}],"about":[{"href":"https:\/\/stylingagenten.com\/da\/wp-json\/wp\/v2\/types\/product"}],"replies":[{"embeddable":true,"href":"https:\/\/stylingagenten.com\/da\/wp-json\/wp\/v2\/comments?post=146563"}],"version-history":[{"count":0,"href":"https:\/\/stylingagenten.com\/da\/wp-json\/wp\/v2\/product\/146563\/revisions"}],"wp:featuredmedia":[{"embeddable":true,"href":"https:\/\/stylingagenten.com\/da\/wp-json\/wp\/v2\/media\/146561"}],"wp:attachment":[{"href":"https:\/\/stylingagenten.com\/da\/wp-json\/wp\/v2\/media?parent=146563"}],"wp:term":[{"taxonomy":"product_brand","embeddable":true,"href":"https:\/\/stylingagenten.com\/da\/wp-json\/wp\/v2\/product_brand?post=146563"},{"taxonomy":"product_cat","embeddable":true,"href":"https:\/\/stylingagenten.com\/da\/wp-json\/wp\/v2\/product_cat?post=146563"},{"taxonomy":"product_tag","embeddable":true,"href":"https:\/\/stylingagenten.com\/da\/wp-json\/wp\/v2\/product_tag?post=146563"},{"taxonomy":"berocket_brand","embeddable":true,"href":"https:\/\/stylingagenten.com\/da\/wp-json\/wp\/v2\/berocket_brand?post=146563"}],"curies":[{"name":"wp","href":"https:\/\/api.w.org\/{rel}","templated":true}]}}