{"id":146547,"date":"2025-05-18T23:34:27","date_gmt":"2025-05-18T23:34:27","guid":{"rendered":"https:\/\/staging2.stylingagenten.com\/da\/produkt\/max-factor-real-brow-fill-shape-05-black-brown\/"},"modified":"2026-03-10T15:49:05","modified_gmt":"2026-03-10T15:49:05","slug":"max-factor-real-brow-fill-shape-05-black-brown","status":"publish","type":"product","link":"https:\/\/stylingagenten.com\/da\/produkt\/max-factor-real-brow-fill-shape-05-black-brown\/","title":{"rendered":"Max Factor Real Brow Fill &amp; Shape 05 Black Brown"},"content":{"rendered":"<p>\u00c6gte pandefyld &amp; Shape 05 Black Brown fra Max Factor er en perfekt brynduo, der hj\u00e6lper dig med at skabe naturligt fyldige bryn. \u00d8jenbrynsblyanten har en twist-up funktion og er nem at arbejde med. Den dobbeltsidede brynblyant bruges i to trin, hvor den vinklede blyant bruges til at definere og forme dine bryn, mens pudderapplikatoren toner og udfylder sparsomme omr\u00e5der &#8211; for et naturligt brynlook.&nbsp;<br \/>\u2022 Brynduo, der giver naturligt fyldige bryn \u2022 Vinklet blyant definerer og former brynene \u2022 Pudder applikator toner og udfylder sparsomme omr\u00e5der<\/p>\n","protected":false},"excerpt":{"rendered":"<p>\u00c6gte pandefyld &amp; Shape 05 Black Brown fra Max Factor er en perfekt brynduo, der hj\u00e6lper dig med at skabe naturligt fyldige bryn. \u00d8jenbrynsblyanten har en twist-up funktion og er nem at arbejde med. Den dobbeltsidede brynblyant bruges i to trin, hvor den vinklede blyant bruges til at definere og forme dine bryn, mens pudderapplikatoren [&hellip;]<\/p>\n","protected":false},"featured_media":146538,"comment_status":"open","ping_status":"closed","template":"","meta":{"_trash_the_other_posts":false},"product_brand":[],"product_cat":[625],"product_tag":[3492],"berocket_brand":[1013],"class_list":{"0":"post-146547","1":"product","2":"type-product","3":"status-publish","4":"has-post-thumbnail","6":"product_cat-oejenbryns-blyant","7":"product_tag-max-factor-real-brow-fill-shape","8":"pa_brand-max-factor","9":"pa_variant-05-black-brown","10":"berocket_brand-max-factor","12":"first","13":"instock","14":"sale","15":"taxable","16":"shipping-taxable","17":"purchasable","18":"product-type-simple"},"_links":{"self":[{"href":"https:\/\/stylingagenten.com\/da\/wp-json\/wp\/v2\/product\/146547","targetHints":{"allow":["GET"]}}],"collection":[{"href":"https:\/\/stylingagenten.com\/da\/wp-json\/wp\/v2\/product"}],"about":[{"href":"https:\/\/stylingagenten.com\/da\/wp-json\/wp\/v2\/types\/product"}],"replies":[{"embeddable":true,"href":"https:\/\/stylingagenten.com\/da\/wp-json\/wp\/v2\/comments?post=146547"}],"version-history":[{"count":0,"href":"https:\/\/stylingagenten.com\/da\/wp-json\/wp\/v2\/product\/146547\/revisions"}],"wp:featuredmedia":[{"embeddable":true,"href":"https:\/\/stylingagenten.com\/da\/wp-json\/wp\/v2\/media\/146538"}],"wp:attachment":[{"href":"https:\/\/stylingagenten.com\/da\/wp-json\/wp\/v2\/media?parent=146547"}],"wp:term":[{"taxonomy":"product_brand","embeddable":true,"href":"https:\/\/stylingagenten.com\/da\/wp-json\/wp\/v2\/product_brand?post=146547"},{"taxonomy":"product_cat","embeddable":true,"href":"https:\/\/stylingagenten.com\/da\/wp-json\/wp\/v2\/product_cat?post=146547"},{"taxonomy":"product_tag","embeddable":true,"href":"https:\/\/stylingagenten.com\/da\/wp-json\/wp\/v2\/product_tag?post=146547"},{"taxonomy":"berocket_brand","embeddable":true,"href":"https:\/\/stylingagenten.com\/da\/wp-json\/wp\/v2\/berocket_brand?post=146547"}],"curies":[{"name":"wp","href":"https:\/\/api.w.org\/{rel}","templated":true}]}}