{"id":146493,"date":"2025-05-18T23:34:18","date_gmt":"2025-05-18T23:34:18","guid":{"rendered":"https:\/\/staging2.stylingagenten.com\/da\/produkt\/maybelline-brow-ultra-slim-eyebrow-pencil-6-black-brown\/"},"modified":"2026-03-29T08:48:43","modified_gmt":"2026-03-29T08:48:43","slug":"maybelline-brow-ultra-slim-eyebrow-pencil-6-black-brown","status":"publish","type":"product","link":"https:\/\/stylingagenten.com\/da\/produkt\/maybelline-brow-ultra-slim-eyebrow-pencil-6-black-brown\/","title":{"rendered":"Maybelline Brow Ultra Slim Eyebrow Pencil 6 Black Brown"},"content":{"rendered":"<p>Maybelline Brow Ultra Slim Eyebrow Pencil 6 Black Brown<br \/>Maybelline F\u00e5 definerede og naturlige bryn med Brow Ultra Slim \u00f8jenbrynsblyanten. J\u00e6vn p\u00e5f\u00f8ring med ultimativ pr\u00e6cision. Tynd 1,5 mm applikatorspids med h\u00e5rlignende kam for definerede, naturligt udseende bryn hele dagen.<\/p>\n","protected":false},"excerpt":{"rendered":"<p>Maybelline Brow Ultra Slim Eyebrow Pencil 6 Black BrownMaybelline F\u00e5 definerede og naturlige bryn med Brow Ultra Slim \u00f8jenbrynsblyanten. J\u00e6vn p\u00e5f\u00f8ring med ultimativ pr\u00e6cision. Tynd 1,5 mm applikatorspids med h\u00e5rlignende kam for definerede, naturligt udseende bryn hele dagen.<\/p>\n","protected":false},"featured_media":146491,"comment_status":"open","ping_status":"closed","template":"","meta":{"_trash_the_other_posts":false},"product_brand":[],"product_cat":[625],"product_tag":[],"berocket_brand":[1016],"class_list":{"0":"post-146493","1":"product","2":"type-product","3":"status-publish","4":"has-post-thumbnail","6":"product_cat-oejenbryns-blyant","7":"pa_brand-maybelline","8":"berocket_brand-maybelline","10":"first","11":"outofstock","12":"sale","13":"taxable","14":"shipping-taxable","15":"purchasable","16":"product-type-simple"},"_links":{"self":[{"href":"https:\/\/stylingagenten.com\/da\/wp-json\/wp\/v2\/product\/146493","targetHints":{"allow":["GET"]}}],"collection":[{"href":"https:\/\/stylingagenten.com\/da\/wp-json\/wp\/v2\/product"}],"about":[{"href":"https:\/\/stylingagenten.com\/da\/wp-json\/wp\/v2\/types\/product"}],"replies":[{"embeddable":true,"href":"https:\/\/stylingagenten.com\/da\/wp-json\/wp\/v2\/comments?post=146493"}],"version-history":[{"count":0,"href":"https:\/\/stylingagenten.com\/da\/wp-json\/wp\/v2\/product\/146493\/revisions"}],"wp:featuredmedia":[{"embeddable":true,"href":"https:\/\/stylingagenten.com\/da\/wp-json\/wp\/v2\/media\/146491"}],"wp:attachment":[{"href":"https:\/\/stylingagenten.com\/da\/wp-json\/wp\/v2\/media?parent=146493"}],"wp:term":[{"taxonomy":"product_brand","embeddable":true,"href":"https:\/\/stylingagenten.com\/da\/wp-json\/wp\/v2\/product_brand?post=146493"},{"taxonomy":"product_cat","embeddable":true,"href":"https:\/\/stylingagenten.com\/da\/wp-json\/wp\/v2\/product_cat?post=146493"},{"taxonomy":"product_tag","embeddable":true,"href":"https:\/\/stylingagenten.com\/da\/wp-json\/wp\/v2\/product_tag?post=146493"},{"taxonomy":"berocket_brand","embeddable":true,"href":"https:\/\/stylingagenten.com\/da\/wp-json\/wp\/v2\/berocket_brand?post=146493"}],"curies":[{"name":"wp","href":"https:\/\/api.w.org\/{rel}","templated":true}]}}