{"id":146485,"date":"2025-05-18T23:34:16","date_gmt":"2025-05-18T23:34:16","guid":{"rendered":"https:\/\/staging2.stylingagenten.com\/da\/produkt\/artdeco-ultra-fine-brow-liner-15-saddle-0-9g\/"},"modified":"2026-03-06T00:07:40","modified_gmt":"2026-03-06T00:07:40","slug":"artdeco-ultra-fine-brow-liner-15-saddle-0-9g","status":"publish","type":"product","link":"https:\/\/stylingagenten.com\/da\/produkt\/artdeco-ultra-fine-brow-liner-15-saddle-0-9g\/","title":{"rendered":"Artdeco Ultra Fine Brow Liner 15 Saddle 0.9g"},"content":{"rendered":"<p>Ultra Brow Fine Liner er en vandt\u00e6t \u00f8jenbrynsblyant, der skaber ekstremt fine linjer, der ligner naturlige h\u00e5r \u2013 for fyldige bryn og et naturligt resultat! Blyanten inkluderer en ergonomisk formet b\u00f8rste, der g\u00f8r det nemt at forme brynene og slette skrappe linjer. <br \/>\u2022 Vandt\u00e6t \u00f8jenbrynsblyant <br \/>\u2022 Skaber ekstremt fine linjer, der minder om naturlige b\u00f8rster <br \/>\u2022 Inkluderer ergonomisk b\u00f8rste, der former brynene og sl\u00f8rer skarpe linjer <\/p>\n<p>Antioxidanterne vitamin C og E beskytter mod frie radikaler og styrker dine egne \u00f8jenbryn.<\/p>\n","protected":false},"excerpt":{"rendered":"<p>Ultra Brow Fine Liner er en vandt\u00e6t \u00f8jenbrynsblyant, der skaber ekstremt fine linjer, der ligner naturlige h\u00e5r \u2013 for fyldige bryn og et naturligt resultat! Blyanten inkluderer en ergonomisk formet b\u00f8rste, der g\u00f8r det nemt at forme brynene og slette skrappe linjer. \u2022 Vandt\u00e6t \u00f8jenbrynsblyant \u2022 Skaber ekstremt fine linjer, der minder om naturlige b\u00f8rster [&hellip;]<\/p>\n","protected":false},"featured_media":146461,"comment_status":"open","ping_status":"closed","template":"","meta":{"_trash_the_other_posts":false},"product_brand":[],"product_cat":[625],"product_tag":[2447],"berocket_brand":[1385],"class_list":{"0":"post-146485","1":"product","2":"type-product","3":"status-publish","4":"has-post-thumbnail","6":"product_cat-oejenbryns-blyant","7":"product_tag-artdeco-ultra-fine-brow-liner-0-9g","8":"pa_brand-artdeco","9":"pa_variant-15-saddle","10":"berocket_brand-artdeco","12":"first","13":"instock","14":"sale","15":"taxable","16":"shipping-taxable","17":"purchasable","18":"product-type-simple"},"_links":{"self":[{"href":"https:\/\/stylingagenten.com\/da\/wp-json\/wp\/v2\/product\/146485","targetHints":{"allow":["GET"]}}],"collection":[{"href":"https:\/\/stylingagenten.com\/da\/wp-json\/wp\/v2\/product"}],"about":[{"href":"https:\/\/stylingagenten.com\/da\/wp-json\/wp\/v2\/types\/product"}],"replies":[{"embeddable":true,"href":"https:\/\/stylingagenten.com\/da\/wp-json\/wp\/v2\/comments?post=146485"}],"version-history":[{"count":0,"href":"https:\/\/stylingagenten.com\/da\/wp-json\/wp\/v2\/product\/146485\/revisions"}],"wp:featuredmedia":[{"embeddable":true,"href":"https:\/\/stylingagenten.com\/da\/wp-json\/wp\/v2\/media\/146461"}],"wp:attachment":[{"href":"https:\/\/stylingagenten.com\/da\/wp-json\/wp\/v2\/media?parent=146485"}],"wp:term":[{"taxonomy":"product_brand","embeddable":true,"href":"https:\/\/stylingagenten.com\/da\/wp-json\/wp\/v2\/product_brand?post=146485"},{"taxonomy":"product_cat","embeddable":true,"href":"https:\/\/stylingagenten.com\/da\/wp-json\/wp\/v2\/product_cat?post=146485"},{"taxonomy":"product_tag","embeddable":true,"href":"https:\/\/stylingagenten.com\/da\/wp-json\/wp\/v2\/product_tag?post=146485"},{"taxonomy":"berocket_brand","embeddable":true,"href":"https:\/\/stylingagenten.com\/da\/wp-json\/wp\/v2\/berocket_brand?post=146485"}],"curies":[{"name":"wp","href":"https:\/\/api.w.org\/{rel}","templated":true}]}}