{"id":146399,"date":"2025-05-18T23:34:02","date_gmt":"2025-05-18T23:34:02","guid":{"rendered":"https:\/\/staging2.stylingagenten.com\/da\/produkt\/kokie-brow-mascara-tinted-eyebrow-gel-clear\/"},"modified":"2026-03-27T13:08:42","modified_gmt":"2026-03-27T13:08:42","slug":"kokie-brow-mascara-tinted-eyebrow-gel-clear","status":"publish","type":"product","link":"https:\/\/stylingagenten.com\/da\/produkt\/kokie-brow-mascara-tinted-eyebrow-gel-clear\/","title":{"rendered":"Kokie Brow Mascara Tinted Eyebrow Gel &#8211; Clear"},"content":{"rendered":"<p>Kokie&#8217;s Brow Mascara Tinted Eyebrow Gel &#8211; Clear er det perfekte produkt til dem, der \u00f8nsker at give deres \u00f8jenbryn et naturligt, defineret look uden at tilf\u00f8je farve. &nbsp;Denne formel er langtidsholdbar og nem at p\u00e5f\u00f8re, hvilket g\u00f8r den perfekt til daglig brug. Den blonde nuance er perfekt til lyse h\u00e5rfarver og giver \u00f8jenbrynene en naturlig, subtil nuance.<\/p>\n<p>Et af de mest fremtr\u00e6dende tr\u00e6k ved denne \u00f8jenbrynsgel er dens b\u00f8rsteapplikator. Blyanten er designet til at fordele formlen og pelsen j\u00e6vnt og t\u00e6mme brynene, s\u00e5 du f\u00e5r perfekt formede bryn hver gang.<\/p>\n<p>Ud over sine kosmetiske fordele indeholder denne \u00f8jenbrynsmascara ogs\u00e5 n\u00e6rende ingredienser, der hj\u00e6lper med at styrke og bl\u00f8dg\u00f8re brynene. Formlen indeholder E-vitamin og panthenol for at fremme sund h\u00e5rv\u00e6kst og holde dine \u00f8jenbryn i topform.<\/p>\n<p>Hvis du \u00f8nsker et naturligt og defineret look p\u00e5 dine \u00f8jenbryn uden at tilf\u00f8je farve, Kokie&#8217;s Brow Mascara Tinted Eyebrow Gel &#8211; Clear an fremragende valg. S\u00e5 hvorfor vente? Pr\u00f8v det selv, og oplev den forskel, det kan g\u00f8re for dine \u00f8jenbryn!<\/p>\n<p>Resultatet er smukke bryn med en naturlig finish, der holder hele dagen.<\/p>\n<p>F\u00e5s i Blonde, Lysebrune, Mellembrun, m\u00f8rkebrun, sort og klar<\/p>\n<p><\/p>\n","protected":false},"excerpt":{"rendered":"<p>Kokie&#8217;s Brow Mascara Tinted Eyebrow Gel &#8211; Clear er det perfekte produkt til dem, der \u00f8nsker at give deres \u00f8jenbryn et naturligt, defineret look uden at tilf\u00f8je farve. &nbsp;Denne formel er langtidsholdbar og nem at p\u00e5f\u00f8re, hvilket g\u00f8r den perfekt til daglig brug. Den blonde nuance er perfekt til lyse h\u00e5rfarver og giver \u00f8jenbrynene en [&hellip;]<\/p>\n","protected":false},"featured_media":146391,"comment_status":"open","ping_status":"closed","template":"","meta":{"_trash_the_other_posts":false},"product_brand":[],"product_cat":[627],"product_tag":[3135],"berocket_brand":[1198],"class_list":{"0":"post-146399","1":"product","2":"type-product","3":"status-publish","4":"has-post-thumbnail","6":"product_cat-oejenbrynsgel","7":"product_tag-kokie-brow-mascara-tinted-eyebrow-gel","8":"pa_brand-kokie-cosmetics","9":"pa_variant-clear","10":"berocket_brand-kokie-cosmetics","12":"first","13":"instock","14":"sale","15":"taxable","16":"shipping-taxable","17":"purchasable","18":"product-type-simple"},"_links":{"self":[{"href":"https:\/\/stylingagenten.com\/da\/wp-json\/wp\/v2\/product\/146399","targetHints":{"allow":["GET"]}}],"collection":[{"href":"https:\/\/stylingagenten.com\/da\/wp-json\/wp\/v2\/product"}],"about":[{"href":"https:\/\/stylingagenten.com\/da\/wp-json\/wp\/v2\/types\/product"}],"replies":[{"embeddable":true,"href":"https:\/\/stylingagenten.com\/da\/wp-json\/wp\/v2\/comments?post=146399"}],"version-history":[{"count":0,"href":"https:\/\/stylingagenten.com\/da\/wp-json\/wp\/v2\/product\/146399\/revisions"}],"wp:featuredmedia":[{"embeddable":true,"href":"https:\/\/stylingagenten.com\/da\/wp-json\/wp\/v2\/media\/146391"}],"wp:attachment":[{"href":"https:\/\/stylingagenten.com\/da\/wp-json\/wp\/v2\/media?parent=146399"}],"wp:term":[{"taxonomy":"product_brand","embeddable":true,"href":"https:\/\/stylingagenten.com\/da\/wp-json\/wp\/v2\/product_brand?post=146399"},{"taxonomy":"product_cat","embeddable":true,"href":"https:\/\/stylingagenten.com\/da\/wp-json\/wp\/v2\/product_cat?post=146399"},{"taxonomy":"product_tag","embeddable":true,"href":"https:\/\/stylingagenten.com\/da\/wp-json\/wp\/v2\/product_tag?post=146399"},{"taxonomy":"berocket_brand","embeddable":true,"href":"https:\/\/stylingagenten.com\/da\/wp-json\/wp\/v2\/berocket_brand?post=146399"}],"curies":[{"name":"wp","href":"https:\/\/api.w.org\/{rel}","templated":true}]}}