{"id":146356,"date":"2025-05-18T23:33:54","date_gmt":"2025-05-18T23:33:54","guid":{"rendered":"https:\/\/staging2.stylingagenten.com\/da\/produkt\/nyx-prof-makeup-thick-it-stick-it-brow-mascara-taupe\/"},"modified":"2026-02-05T09:17:44","modified_gmt":"2026-02-05T09:17:44","slug":"nyx-prof-makeup-thick-it-stick-it-brow-mascara-taupe","status":"publish","type":"product","link":"https:\/\/stylingagenten.com\/da\/produkt\/nyx-prof-makeup-thick-it-stick-it-brow-mascara-taupe\/","title":{"rendered":"NYX PROF. MAKEUP  Thick it. Stick it! Brow Mascara &#8211; Taupe"},"content":{"rendered":"<p>Ny vegansk \u00f8jenbrynsgel i 8 inklusive nuancer med h\u00f8j effekt til at farve, t\u00e6mme og tykkere alle typer \u00f8jenbryn med en naturlig finish, der holder i 16 timer. Ultra-bygbare, tonede fibre af vegetabilsk oprindelse tager \u00f8jenbryn til n\u00e6ste niveau; med hvert lag. Opgrader dine bryn fra tykke til tykkere til tykkeste for en enest\u00e5ende oplevelse.<\/p>\n<p>7ml<\/p>\n","protected":false},"excerpt":{"rendered":"<p>Ny vegansk \u00f8jenbrynsgel i 8 inklusive nuancer med h\u00f8j effekt til at farve, t\u00e6mme og tykkere alle typer \u00f8jenbryn med en naturlig finish, der holder i 16 timer. Ultra-bygbare, tonede fibre af vegetabilsk oprindelse tager \u00f8jenbryn til n\u00e6ste niveau; med hvert lag. Opgrader dine bryn fra tykke til tykkere til tykkeste for en enest\u00e5ende oplevelse. [&hellip;]<\/p>\n","protected":false},"featured_media":146305,"comment_status":"open","ping_status":"closed","template":"","meta":{"_trash_the_other_posts":false},"product_brand":[],"product_cat":[627,1005],"product_tag":[3643],"berocket_brand":[1025],"class_list":{"0":"post-146356","1":"product","2":"type-product","3":"status-publish","4":"has-post-thumbnail","6":"product_cat-oejenbrynsgel","7":"product_cat-outlet","8":"product_tag-nyx-prof-makeup-thick-it-stick-it-brow-mascara","9":"pa_brand-nyx","10":"pa_variant-taupe","11":"berocket_brand-nyx","13":"first","14":"instock","15":"sale","16":"taxable","17":"shipping-taxable","18":"purchasable","19":"product-type-simple"},"_links":{"self":[{"href":"https:\/\/stylingagenten.com\/da\/wp-json\/wp\/v2\/product\/146356","targetHints":{"allow":["GET"]}}],"collection":[{"href":"https:\/\/stylingagenten.com\/da\/wp-json\/wp\/v2\/product"}],"about":[{"href":"https:\/\/stylingagenten.com\/da\/wp-json\/wp\/v2\/types\/product"}],"replies":[{"embeddable":true,"href":"https:\/\/stylingagenten.com\/da\/wp-json\/wp\/v2\/comments?post=146356"}],"version-history":[{"count":0,"href":"https:\/\/stylingagenten.com\/da\/wp-json\/wp\/v2\/product\/146356\/revisions"}],"wp:featuredmedia":[{"embeddable":true,"href":"https:\/\/stylingagenten.com\/da\/wp-json\/wp\/v2\/media\/146305"}],"wp:attachment":[{"href":"https:\/\/stylingagenten.com\/da\/wp-json\/wp\/v2\/media?parent=146356"}],"wp:term":[{"taxonomy":"product_brand","embeddable":true,"href":"https:\/\/stylingagenten.com\/da\/wp-json\/wp\/v2\/product_brand?post=146356"},{"taxonomy":"product_cat","embeddable":true,"href":"https:\/\/stylingagenten.com\/da\/wp-json\/wp\/v2\/product_cat?post=146356"},{"taxonomy":"product_tag","embeddable":true,"href":"https:\/\/stylingagenten.com\/da\/wp-json\/wp\/v2\/product_tag?post=146356"},{"taxonomy":"berocket_brand","embeddable":true,"href":"https:\/\/stylingagenten.com\/da\/wp-json\/wp\/v2\/berocket_brand?post=146356"}],"curies":[{"name":"wp","href":"https:\/\/api.w.org\/{rel}","templated":true}]}}