{"id":146286,"date":"2025-05-18T23:33:45","date_gmt":"2025-05-18T23:33:45","guid":{"rendered":"https:\/\/staging2.stylingagenten.com\/da\/produkt\/makeup-revolution-soap-styler\/"},"modified":"2026-04-14T07:38:33","modified_gmt":"2026-04-14T07:38:33","slug":"makeup-revolution-soap-styler","status":"publish","type":"product","link":"https:\/\/stylingagenten.com\/da\/produkt\/makeup-revolution-soap-styler\/","title":{"rendered":"Makeup Revolution Soap Styler"},"content":{"rendered":"<p>Stop med at kigge i dit badev\u00e6relsesskab for at skabe det ber\u00f8mte &#8220;\u00f8jenbryns\u00e6betrick&#8221;. Disse dedikerede \u00f8jenbryn er uden tvivl din nye l\u00f8sning. Inspireret af Hollywood-tricket med at bruge s\u00e6be til at holde \u00f8jenbrynene p\u00e5; placere. Dette innovative produkt hj\u00e6lper med at holde brynene p\u00e6ne og luftige og tager fat i hvert h\u00e5r for at forme brynene. placere. Med en brynb\u00f8rste og spejl er dette kompakte s\u00e6t perfekt.<\/p>\n<p>S\u00e5dan bruges: Fugt applikatoren og fej hen over brynet, b\u00f8rst forsigtigt gennem brynene i den \u00f8nskede retning for at skabe et lamineret look, eller brug uden vand til at holde \u00f8jenbrynene p\u00e5; placere.<\/p>\n","protected":false},"excerpt":{"rendered":"<p>Stop med at kigge i dit badev\u00e6relsesskab for at skabe det ber\u00f8mte &#8220;\u00f8jenbryns\u00e6betrick&#8221;. Disse dedikerede \u00f8jenbryn er uden tvivl din nye l\u00f8sning. Inspireret af Hollywood-tricket med at bruge s\u00e6be til at holde \u00f8jenbrynene p\u00e5; placere. Dette innovative produkt hj\u00e6lper med at holde brynene p\u00e6ne og luftige og tager fat i hvert h\u00e5r for at forme [&hellip;]<\/p>\n","protected":false},"featured_media":146274,"comment_status":"open","ping_status":"closed","template":"","meta":{"_trash_the_other_posts":false},"product_brand":[],"product_cat":[627,1005],"product_tag":[],"berocket_brand":[1050],"class_list":{"0":"post-146286","1":"product","2":"type-product","3":"status-publish","4":"has-post-thumbnail","6":"product_cat-oejenbrynsgel","7":"product_cat-outlet","8":"pa_brand-makeup-revolution","9":"berocket_brand-makeup-revolution","11":"first","12":"instock","13":"sale","14":"taxable","15":"shipping-taxable","16":"purchasable","17":"product-type-simple"},"_links":{"self":[{"href":"https:\/\/stylingagenten.com\/da\/wp-json\/wp\/v2\/product\/146286","targetHints":{"allow":["GET"]}}],"collection":[{"href":"https:\/\/stylingagenten.com\/da\/wp-json\/wp\/v2\/product"}],"about":[{"href":"https:\/\/stylingagenten.com\/da\/wp-json\/wp\/v2\/types\/product"}],"replies":[{"embeddable":true,"href":"https:\/\/stylingagenten.com\/da\/wp-json\/wp\/v2\/comments?post=146286"}],"version-history":[{"count":1,"href":"https:\/\/stylingagenten.com\/da\/wp-json\/wp\/v2\/product\/146286\/revisions"}],"predecessor-version":[{"id":2000664,"href":"https:\/\/stylingagenten.com\/da\/wp-json\/wp\/v2\/product\/146286\/revisions\/2000664"}],"wp:featuredmedia":[{"embeddable":true,"href":"https:\/\/stylingagenten.com\/da\/wp-json\/wp\/v2\/media\/146274"}],"wp:attachment":[{"href":"https:\/\/stylingagenten.com\/da\/wp-json\/wp\/v2\/media?parent=146286"}],"wp:term":[{"taxonomy":"product_brand","embeddable":true,"href":"https:\/\/stylingagenten.com\/da\/wp-json\/wp\/v2\/product_brand?post=146286"},{"taxonomy":"product_cat","embeddable":true,"href":"https:\/\/stylingagenten.com\/da\/wp-json\/wp\/v2\/product_cat?post=146286"},{"taxonomy":"product_tag","embeddable":true,"href":"https:\/\/stylingagenten.com\/da\/wp-json\/wp\/v2\/product_tag?post=146286"},{"taxonomy":"berocket_brand","embeddable":true,"href":"https:\/\/stylingagenten.com\/da\/wp-json\/wp\/v2\/berocket_brand?post=146286"}],"curies":[{"name":"wp","href":"https:\/\/api.w.org\/{rel}","templated":true}]}}