{"id":146223,"date":"2025-05-18T23:33:36","date_gmt":"2025-05-18T23:33:36","guid":{"rendered":"https:\/\/staging2.stylingagenten.com\/da\/produkt\/wella-eimi-sugar-lift-sugar-spray-for-voluminous-texture-150ml\/"},"modified":"2026-04-08T20:49:16","modified_gmt":"2026-04-08T20:49:16","slug":"wella-eimi-sugar-lift-sugar-spray-for-voluminous-texture-150ml","status":"publish","type":"product","link":"https:\/\/stylingagenten.com\/da\/produkt\/wella-eimi-sugar-lift-sugar-spray-for-voluminous-texture-150ml\/","title":{"rendered":"Wella EIMI Sugar Lift Sugar Spray for Voluminous Texture 150ml"},"content":{"rendered":"<p style='margin-top:0cm;margin-right:0cm;margin-bottom:8.0pt;margin-left:0cm;font-size:15px;font-family:\"Calibri\",sans-serif'> En fleksibel, volumin\u00f8s sukkerspray, der giver dit h\u00e5r det ekstra l\u00f8ft og den glans, det har brug for til en perfekt frisure.<\/p>\n<p style='margin: 0cm 0cm 8pt;font-family: \"Calibri\", sans-serif'>Anvendelse: Spray i fugtigt h\u00e5r for optimal volumen og struktur.<\/p>\n","protected":false},"excerpt":{"rendered":"<p>En fleksibel, volumin\u00f8s sukkerspray, der giver dit h\u00e5r det ekstra l\u00f8ft og den glans, det har brug for til en perfekt frisure. Anvendelse: Spray i fugtigt h\u00e5r for optimal volumen og struktur.<\/p>\n","protected":false},"featured_media":146208,"comment_status":"open","ping_status":"closed","template":"","meta":{"_trash_the_other_posts":false},"product_brand":[],"product_cat":[624],"product_tag":[],"berocket_brand":[1030],"class_list":{"0":"post-146223","1":"product","2":"type-product","3":"status-publish","4":"has-post-thumbnail","6":"product_cat-varmebeskyttelse","7":"pa_brand-wella","8":"berocket_brand-wella","10":"first","11":"instock","12":"sale","13":"taxable","14":"shipping-taxable","15":"purchasable","16":"product-type-simple"},"_links":{"self":[{"href":"https:\/\/stylingagenten.com\/da\/wp-json\/wp\/v2\/product\/146223","targetHints":{"allow":["GET"]}}],"collection":[{"href":"https:\/\/stylingagenten.com\/da\/wp-json\/wp\/v2\/product"}],"about":[{"href":"https:\/\/stylingagenten.com\/da\/wp-json\/wp\/v2\/types\/product"}],"replies":[{"embeddable":true,"href":"https:\/\/stylingagenten.com\/da\/wp-json\/wp\/v2\/comments?post=146223"}],"version-history":[{"count":0,"href":"https:\/\/stylingagenten.com\/da\/wp-json\/wp\/v2\/product\/146223\/revisions"}],"wp:featuredmedia":[{"embeddable":true,"href":"https:\/\/stylingagenten.com\/da\/wp-json\/wp\/v2\/media\/146208"}],"wp:attachment":[{"href":"https:\/\/stylingagenten.com\/da\/wp-json\/wp\/v2\/media?parent=146223"}],"wp:term":[{"taxonomy":"product_brand","embeddable":true,"href":"https:\/\/stylingagenten.com\/da\/wp-json\/wp\/v2\/product_brand?post=146223"},{"taxonomy":"product_cat","embeddable":true,"href":"https:\/\/stylingagenten.com\/da\/wp-json\/wp\/v2\/product_cat?post=146223"},{"taxonomy":"product_tag","embeddable":true,"href":"https:\/\/stylingagenten.com\/da\/wp-json\/wp\/v2\/product_tag?post=146223"},{"taxonomy":"berocket_brand","embeddable":true,"href":"https:\/\/stylingagenten.com\/da\/wp-json\/wp\/v2\/berocket_brand?post=146223"}],"curies":[{"name":"wp","href":"https:\/\/api.w.org\/{rel}","templated":true}]}}