{"id":146138,"date":"2025-05-18T23:33:22","date_gmt":"2025-05-18T23:33:22","guid":{"rendered":"https:\/\/staging2.stylingagenten.com\/da\/produkt\/headtoy-heat-protection-175ml\/"},"modified":"2026-03-16T13:29:27","modified_gmt":"2026-03-16T13:29:27","slug":"headtoy-heat-protection-175ml","status":"publish","type":"product","link":"https:\/\/stylingagenten.com\/da\/produkt\/headtoy-heat-protection-175ml\/","title":{"rendered":"Headtoy Heat Protection 175ml"},"content":{"rendered":"<p>Varmebeskyttelsesspray, der giver tekstur til styling og beskytter h\u00e5ret ved brug af varme stylingv\u00e6rkt\u00f8jer. Beriget med gojib\u00e6r, kiwiekstrakt og vegetabilske proteiner, der styrker h\u00e5ret og har en farvebevarende effekt. <br \/>vegansk. Lavet i Sverige<\/p>\n<p>Vejledning: Spray i fugtigt eller t\u00f8rt h\u00e5r, f\u00f8r du bruger varme stylingv\u00e6rkt\u00f8jer.<\/p>\n","protected":false},"excerpt":{"rendered":"<p>Varmebeskyttelsesspray, der giver tekstur til styling og beskytter h\u00e5ret ved brug af varme stylingv\u00e6rkt\u00f8jer. Beriget med gojib\u00e6r, kiwiekstrakt og vegetabilske proteiner, der styrker h\u00e5ret og har en farvebevarende effekt. vegansk. Lavet i Sverige Vejledning: Spray i fugtigt eller t\u00f8rt h\u00e5r, f\u00f8r du bruger varme stylingv\u00e6rkt\u00f8jer.<\/p>\n","protected":false},"featured_media":146136,"comment_status":"open","ping_status":"closed","template":"","meta":{"_trash_the_other_posts":false},"product_brand":[],"product_cat":[624],"product_tag":[],"berocket_brand":[1335],"class_list":{"0":"post-146138","1":"product","2":"type-product","3":"status-publish","4":"has-post-thumbnail","6":"product_cat-varmebeskyttelse","7":"pa_brand-headtoy","8":"berocket_brand-headtoy","10":"first","11":"instock","12":"sale","13":"taxable","14":"shipping-taxable","15":"purchasable","16":"product-type-simple"},"_links":{"self":[{"href":"https:\/\/stylingagenten.com\/da\/wp-json\/wp\/v2\/product\/146138","targetHints":{"allow":["GET"]}}],"collection":[{"href":"https:\/\/stylingagenten.com\/da\/wp-json\/wp\/v2\/product"}],"about":[{"href":"https:\/\/stylingagenten.com\/da\/wp-json\/wp\/v2\/types\/product"}],"replies":[{"embeddable":true,"href":"https:\/\/stylingagenten.com\/da\/wp-json\/wp\/v2\/comments?post=146138"}],"version-history":[{"count":0,"href":"https:\/\/stylingagenten.com\/da\/wp-json\/wp\/v2\/product\/146138\/revisions"}],"wp:featuredmedia":[{"embeddable":true,"href":"https:\/\/stylingagenten.com\/da\/wp-json\/wp\/v2\/media\/146136"}],"wp:attachment":[{"href":"https:\/\/stylingagenten.com\/da\/wp-json\/wp\/v2\/media?parent=146138"}],"wp:term":[{"taxonomy":"product_brand","embeddable":true,"href":"https:\/\/stylingagenten.com\/da\/wp-json\/wp\/v2\/product_brand?post=146138"},{"taxonomy":"product_cat","embeddable":true,"href":"https:\/\/stylingagenten.com\/da\/wp-json\/wp\/v2\/product_cat?post=146138"},{"taxonomy":"product_tag","embeddable":true,"href":"https:\/\/stylingagenten.com\/da\/wp-json\/wp\/v2\/product_tag?post=146138"},{"taxonomy":"berocket_brand","embeddable":true,"href":"https:\/\/stylingagenten.com\/da\/wp-json\/wp\/v2\/berocket_brand?post=146138"}],"curies":[{"name":"wp","href":"https:\/\/api.w.org\/{rel}","templated":true}]}}