{"id":146112,"date":"2025-05-18T23:33:18","date_gmt":"2025-05-18T23:33:18","guid":{"rendered":"https:\/\/staging2.stylingagenten.com\/da\/produkt\/balmain-thermal-protection-spray-200ml\/"},"modified":"2026-03-11T22:00:17","modified_gmt":"2026-03-11T22:00:17","slug":"balmain-thermal-protection-spray-200ml","status":"publish","type":"product","link":"https:\/\/stylingagenten.com\/da\/produkt\/balmain-thermal-protection-spray-200ml\/","title":{"rendered":"Balmain Thermal Protection Spray 200ml"},"content":{"rendered":"<p>Beskyt dit h\u00e5r mod varme med Styler Protection fra Balmain Hair Couture! H\u00f8je temperaturer og hyppig brug af varmev\u00e6rkt\u00f8jer bidrager til hurtigere slitage af h\u00e5ret, s\u00e5 det er vigtigt at investere i god varmebeskyttelse for at forebygge slidt og skadet h\u00e5r.<\/p>\n<p>200 ml<\/p>\n","protected":false},"excerpt":{"rendered":"<p>Beskyt dit h\u00e5r mod varme med Styler Protection fra Balmain Hair Couture! H\u00f8je temperaturer og hyppig brug af varmev\u00e6rkt\u00f8jer bidrager til hurtigere slitage af h\u00e5ret, s\u00e5 det er vigtigt at investere i god varmebeskyttelse for at forebygge slidt og skadet h\u00e5r. 200 ml<\/p>\n","protected":false},"featured_media":146106,"comment_status":"open","ping_status":"closed","template":"","meta":{"_trash_the_other_posts":false},"product_brand":[],"product_cat":[624],"product_tag":[],"berocket_brand":[1144],"class_list":{"0":"post-146112","1":"product","2":"type-product","3":"status-publish","4":"has-post-thumbnail","6":"product_cat-varmebeskyttelse","7":"pa_brand-balmain","8":"berocket_brand-balmain","10":"first","11":"instock","12":"sale","13":"taxable","14":"shipping-taxable","15":"purchasable","16":"product-type-simple"},"_links":{"self":[{"href":"https:\/\/stylingagenten.com\/da\/wp-json\/wp\/v2\/product\/146112","targetHints":{"allow":["GET"]}}],"collection":[{"href":"https:\/\/stylingagenten.com\/da\/wp-json\/wp\/v2\/product"}],"about":[{"href":"https:\/\/stylingagenten.com\/da\/wp-json\/wp\/v2\/types\/product"}],"replies":[{"embeddable":true,"href":"https:\/\/stylingagenten.com\/da\/wp-json\/wp\/v2\/comments?post=146112"}],"version-history":[{"count":0,"href":"https:\/\/stylingagenten.com\/da\/wp-json\/wp\/v2\/product\/146112\/revisions"}],"wp:featuredmedia":[{"embeddable":true,"href":"https:\/\/stylingagenten.com\/da\/wp-json\/wp\/v2\/media\/146106"}],"wp:attachment":[{"href":"https:\/\/stylingagenten.com\/da\/wp-json\/wp\/v2\/media?parent=146112"}],"wp:term":[{"taxonomy":"product_brand","embeddable":true,"href":"https:\/\/stylingagenten.com\/da\/wp-json\/wp\/v2\/product_brand?post=146112"},{"taxonomy":"product_cat","embeddable":true,"href":"https:\/\/stylingagenten.com\/da\/wp-json\/wp\/v2\/product_cat?post=146112"},{"taxonomy":"product_tag","embeddable":true,"href":"https:\/\/stylingagenten.com\/da\/wp-json\/wp\/v2\/product_tag?post=146112"},{"taxonomy":"berocket_brand","embeddable":true,"href":"https:\/\/stylingagenten.com\/da\/wp-json\/wp\/v2\/berocket_brand?post=146112"}],"curies":[{"name":"wp","href":"https:\/\/api.w.org\/{rel}","templated":true}]}}