{"id":146095,"date":"2025-05-18T23:33:15","date_gmt":"2025-05-18T23:33:15","guid":{"rendered":"https:\/\/staging2.stylingagenten.com\/da\/produkt\/sachajuan-thermal-protection-spray-200ml\/"},"modified":"2026-04-01T14:18:43","modified_gmt":"2026-04-01T14:18:43","slug":"sachajuan-thermal-protection-spray-200ml","status":"publish","type":"product","link":"https:\/\/stylingagenten.com\/da\/produkt\/sachajuan-thermal-protection-spray-200ml\/","title":{"rendered":"SACHAJUAN Thermal Protection Spray 200ml"},"content":{"rendered":"<p>SACHAJUAN Thermal Protection Spray er en fremragende termisk beskyttelsesspray, der er velegnet til brug med alle varmev\u00e6rkt\u00f8jer. Skaber et beskyttende lag p\u00e5 h\u00e5ret, der forhindrer skader fra varme op til 230\u00b0 C. Produktet fungerer ogs\u00e5 godt som afsluttende behandling og giver en masse glans.<\/p>\n<p>200ml<\/p>\n","protected":false},"excerpt":{"rendered":"<p>SACHAJUAN Thermal Protection Spray er en fremragende termisk beskyttelsesspray, der er velegnet til brug med alle varmev\u00e6rkt\u00f8jer. Skaber et beskyttende lag p\u00e5 h\u00e5ret, der forhindrer skader fra varme op til 230\u00b0 C. Produktet fungerer ogs\u00e5 godt som afsluttende behandling og giver en masse glans. 200ml<\/p>\n","protected":false},"featured_media":146092,"comment_status":"open","ping_status":"closed","template":"","meta":{"_trash_the_other_posts":false},"product_brand":[],"product_cat":[624],"product_tag":[],"berocket_brand":[1409],"class_list":{"0":"post-146095","1":"product","2":"type-product","3":"status-publish","4":"has-post-thumbnail","6":"product_cat-varmebeskyttelse","7":"pa_brand-sachajuan","8":"berocket_brand-sachajuan","10":"first","11":"instock","12":"sale","13":"taxable","14":"shipping-taxable","15":"purchasable","16":"product-type-simple"},"_links":{"self":[{"href":"https:\/\/stylingagenten.com\/da\/wp-json\/wp\/v2\/product\/146095","targetHints":{"allow":["GET"]}}],"collection":[{"href":"https:\/\/stylingagenten.com\/da\/wp-json\/wp\/v2\/product"}],"about":[{"href":"https:\/\/stylingagenten.com\/da\/wp-json\/wp\/v2\/types\/product"}],"replies":[{"embeddable":true,"href":"https:\/\/stylingagenten.com\/da\/wp-json\/wp\/v2\/comments?post=146095"}],"version-history":[{"count":0,"href":"https:\/\/stylingagenten.com\/da\/wp-json\/wp\/v2\/product\/146095\/revisions"}],"wp:featuredmedia":[{"embeddable":true,"href":"https:\/\/stylingagenten.com\/da\/wp-json\/wp\/v2\/media\/146092"}],"wp:attachment":[{"href":"https:\/\/stylingagenten.com\/da\/wp-json\/wp\/v2\/media?parent=146095"}],"wp:term":[{"taxonomy":"product_brand","embeddable":true,"href":"https:\/\/stylingagenten.com\/da\/wp-json\/wp\/v2\/product_brand?post=146095"},{"taxonomy":"product_cat","embeddable":true,"href":"https:\/\/stylingagenten.com\/da\/wp-json\/wp\/v2\/product_cat?post=146095"},{"taxonomy":"product_tag","embeddable":true,"href":"https:\/\/stylingagenten.com\/da\/wp-json\/wp\/v2\/product_tag?post=146095"},{"taxonomy":"berocket_brand","embeddable":true,"href":"https:\/\/stylingagenten.com\/da\/wp-json\/wp\/v2\/berocket_brand?post=146095"}],"curies":[{"name":"wp","href":"https:\/\/api.w.org\/{rel}","templated":true}]}}