{"id":146093,"date":"2025-05-18T23:33:15","date_gmt":"2025-05-18T23:33:15","guid":{"rendered":"https:\/\/staging2.stylingagenten.com\/da\/produkt\/babyliss-airbrush-air-style-1000-as136e\/"},"modified":"2026-04-12T22:18:35","modified_gmt":"2026-04-12T22:18:35","slug":"babyliss-airbrush-air-style-1000-as136e","status":"publish","type":"product","link":"https:\/\/stylingagenten.com\/da\/produkt\/babyliss-airbrush-air-style-1000-as136e\/","title":{"rendered":"Babyliss Airbrush &#8211; Air Style 1000 AS136E"},"content":{"rendered":"<p><strong>Kraftfuld varmluftsb\u00f8rste med 1&nbsp;000&nbsp;W effekt og flere forskellige tilbeh\u00f8r til t\u00f8rring, udglatning, formning og kr\u00f8ller<br \/>&nbsp;<\/strong><br \/>&nbsp;Volumenb\u00f8rste med 50 mm diameter og varme, der former h\u00e5ret og g\u00f8r det fyldigt. Conform kr\u00f8lletilbeh\u00f8r, der nemt skaber bl\u00f8de kr\u00f8ller og b\u00f8lger. Stor h\u00e5rb\u00f8rste, der glatter og udglatter h\u00e5ret og giver et glat og skinnende resultat. Bl\u00e6semundstykke til t\u00f8rring af h\u00e5ret f\u00f8r styling.<\/p>\n<p>&nbsp;Ioniseringsfunktionen udsender v\u00e6rdifulde ioner, der g\u00f8r h\u00e5ret glattere og mere skinnende, mens du former det.<\/p>\n<p>&nbsp;&#8211; 1000 W<br \/>&amp;nbsp ;- Glat foundation b\u00f8rste<br \/>&nbsp;&#8211; 50 mm volumen b\u00f8rste med varme<br \/>&nbsp;&#8211; Tilpas h\u00e6ttetilbeh\u00f8r<br \/>&nbsp;&#8211; Foundationmundstykke <br \/>&nbsp;&#8211; 2 varme olier plus en k\u00f8lig tilstand<br \/> &nbsp;&#8211; Ioniserende effekt, der modvirker flyvende og kruset h\u00e5r<br \/>&nbsp;&#8211; 2,5 m drejesnor<br \/>&amp;nbsp ;- Varm handske<br \/>&nbsp;&#8211; 3 \u00e5rs garanti<\/p>\n","protected":false},"excerpt":{"rendered":"<p>Kraftfuld varmluftsb\u00f8rste med 1&nbsp;000&nbsp;W effekt og flere forskellige tilbeh\u00f8r til t\u00f8rring, udglatning, formning og kr\u00f8ller&nbsp;&nbsp;Volumenb\u00f8rste med 50 mm diameter og varme, der former h\u00e5ret og g\u00f8r det fyldigt. Conform kr\u00f8lletilbeh\u00f8r, der nemt skaber bl\u00f8de kr\u00f8ller og b\u00f8lger. Stor h\u00e5rb\u00f8rste, der glatter og udglatter h\u00e5ret og giver et glat og skinnende resultat. Bl\u00e6semundstykke til t\u00f8rring af [&hellip;]<\/p>\n","protected":false},"featured_media":146083,"comment_status":"open","ping_status":"closed","template":"","meta":{"_trash_the_other_posts":false},"product_brand":[],"product_cat":[652],"product_tag":[],"berocket_brand":[1166],"class_list":{"0":"post-146093","1":"product","2":"type-product","3":"status-publish","4":"has-post-thumbnail","6":"product_cat-varmeboerste","7":"pa_brand-babyliss","8":"berocket_brand-babyliss","10":"first","11":"outofstock","12":"sale","13":"taxable","14":"shipping-taxable","15":"purchasable","16":"product-type-simple"},"_links":{"self":[{"href":"https:\/\/stylingagenten.com\/da\/wp-json\/wp\/v2\/product\/146093","targetHints":{"allow":["GET"]}}],"collection":[{"href":"https:\/\/stylingagenten.com\/da\/wp-json\/wp\/v2\/product"}],"about":[{"href":"https:\/\/stylingagenten.com\/da\/wp-json\/wp\/v2\/types\/product"}],"replies":[{"embeddable":true,"href":"https:\/\/stylingagenten.com\/da\/wp-json\/wp\/v2\/comments?post=146093"}],"version-history":[{"count":0,"href":"https:\/\/stylingagenten.com\/da\/wp-json\/wp\/v2\/product\/146093\/revisions"}],"wp:featuredmedia":[{"embeddable":true,"href":"https:\/\/stylingagenten.com\/da\/wp-json\/wp\/v2\/media\/146083"}],"wp:attachment":[{"href":"https:\/\/stylingagenten.com\/da\/wp-json\/wp\/v2\/media?parent=146093"}],"wp:term":[{"taxonomy":"product_brand","embeddable":true,"href":"https:\/\/stylingagenten.com\/da\/wp-json\/wp\/v2\/product_brand?post=146093"},{"taxonomy":"product_cat","embeddable":true,"href":"https:\/\/stylingagenten.com\/da\/wp-json\/wp\/v2\/product_cat?post=146093"},{"taxonomy":"product_tag","embeddable":true,"href":"https:\/\/stylingagenten.com\/da\/wp-json\/wp\/v2\/product_tag?post=146093"},{"taxonomy":"berocket_brand","embeddable":true,"href":"https:\/\/stylingagenten.com\/da\/wp-json\/wp\/v2\/berocket_brand?post=146093"}],"curies":[{"name":"wp","href":"https:\/\/api.w.org\/{rel}","templated":true}]}}