{"id":146044,"date":"2025-05-18T23:33:06","date_gmt":"2025-05-18T23:33:06","guid":{"rendered":"https:\/\/staging2.stylingagenten.com\/da\/produkt\/remington-blow-dry-style-caring-1000w-rotating-airstyler\/"},"modified":"2026-03-29T21:38:30","modified_gmt":"2026-03-29T21:38:30","slug":"remington-blow-dry-style-caring-1000w-rotating-airstyler","status":"publish","type":"product","link":"https:\/\/stylingagenten.com\/da\/produkt\/remington-blow-dry-style-caring-1000w-rotating-airstyler\/","title":{"rendered":"Remington Blow Dry &amp; Style \u2013 Caring 1000W Rotating Airstyler"},"content":{"rendered":"<p>AS7580 \u2013 F\u00f8nt\u00f8rring og stilplejende 1000W roterende varmluftsb\u00f8rste<br \/>Giver dig i kontrol over din stil<\/p>\n<p>1000W roterende varmluftsb\u00f8rste. V\u00e6lg mellem 2 varme\/hastighedsindstillinger og koldluftfunktion til at fiksere h\u00e5ret. Varmluftsb\u00f8rsten er designet til at v\u00e6re nem at arbejde med og har en to-vejs rotation, s\u00e5 du kan v\u00e6lge k\u00f8rselsretningen. Ved at holde knappen nede vil varmluftsb\u00f8rsten automatisk vikle h\u00e5ret rundt om b\u00f8rsten, og du opn\u00e5r en symmetrisk stil p\u00e5 begge sider.<\/p>\n<p>3 udskifteligt tilbeh\u00f8r medf\u00f8lger:<br \/>\u2022Paddle-b\u00f8rsten er perfekt, hvis du foretr\u00e6kker det. en mere glat frisure og hj\u00e6lper med at f\u00e5 et ensartet slutresultat med mindre krus.<br \/>\u202240 mm keramisk coated bl\u00f8d b\u00f8rste &#8211; for at skabe volumen og fylde eller for at skabe mellemstore til st\u00f8rre l\u00f8sere kr\u00f8ller og b\u00f8lger.<br \/>\u2022F\u00f8nt\u00f8rrerkoncentratoren hj\u00e6lper til at t\u00f8rre h\u00e5ret<\/p>\n<p>For de bedste resultater skal du bruge varmluftsb\u00f8rsten p\u00e5 h\u00e5ndkl\u00e6det\u00f8rt h\u00e5r.<\/p>\n<p>Den aftagelige grill er designet til at holde din varmluftb\u00f8rste fri for st\u00f8v og h\u00e5r og g\u00f8r lettere reng\u00f8ring.<\/p>\n<p>( L\u00e6ngde 41 cm H\u00f8jde; 7 cm Dybde; 7 cm)<\/p>\n<p>Funktioner<\/p>\n<p>\u20223x Stylingtilbeh\u00f8r til alle h\u00e5rl\u00e6ngder; <br \/><span id=\"isPasted\" style=\"font-family: sans-serif;font-size: 14px;font-style: normal;font-weight: 400;display: inline !important;float: none\">\u2022<\/span> Padleb\u00f8rste<br \/><span id=\"isPasted\" style=\"display: inline !important;float: none\">\u2022<\/span> 40 mm keramisk belagt bl\u00f8d b\u00f8rste<br \/><span id=\"isPasted\" style=\"display: inline !important;float: none\">\u2022<\/span> Koncentrator<br \/>\u2022Roterende bev\u00e6gelse i begge retninger, roterer med et tryk p\u00e5 en knap<br \/>\u20221000W<br \/>\u2022Ionisk konditionering for krusfrie resultater<br \/>\u20222 varme-\/hastighedsindstillinger<br \/>\u2022Kold luft<br \/>\u2022Aftagelig baggrill for nem reng\u00f8ring<br \/>\u2022Roter ledning<br \/>\u20223 \u00e5rs garanti + 1 ved tilmelding online inden for 28 dage efter k\u00f8b<\/p>\n","protected":false},"excerpt":{"rendered":"<p>AS7580 \u2013 F\u00f8nt\u00f8rring og stilplejende 1000W roterende varmluftsb\u00f8rsteGiver dig i kontrol over din stil 1000W roterende varmluftsb\u00f8rste. V\u00e6lg mellem 2 varme\/hastighedsindstillinger og koldluftfunktion til at fiksere h\u00e5ret. Varmluftsb\u00f8rsten er designet til at v\u00e6re nem at arbejde med og har en to-vejs rotation, s\u00e5 du kan v\u00e6lge k\u00f8rselsretningen. Ved at holde knappen nede vil varmluftsb\u00f8rsten automatisk [&hellip;]<\/p>\n","protected":false},"featured_media":146003,"comment_status":"open","ping_status":"closed","template":"","meta":{"_trash_the_other_posts":false},"product_brand":[],"product_cat":[652],"product_tag":[],"berocket_brand":[1272],"class_list":{"0":"post-146044","1":"product","2":"type-product","3":"status-publish","4":"has-post-thumbnail","6":"product_cat-varmeboerste","7":"pa_brand-remington","8":"berocket_brand-remington","10":"first","11":"instock","12":"sale","13":"taxable","14":"shipping-taxable","15":"purchasable","16":"product-type-simple"},"_links":{"self":[{"href":"https:\/\/stylingagenten.com\/da\/wp-json\/wp\/v2\/product\/146044","targetHints":{"allow":["GET"]}}],"collection":[{"href":"https:\/\/stylingagenten.com\/da\/wp-json\/wp\/v2\/product"}],"about":[{"href":"https:\/\/stylingagenten.com\/da\/wp-json\/wp\/v2\/types\/product"}],"replies":[{"embeddable":true,"href":"https:\/\/stylingagenten.com\/da\/wp-json\/wp\/v2\/comments?post=146044"}],"version-history":[{"count":0,"href":"https:\/\/stylingagenten.com\/da\/wp-json\/wp\/v2\/product\/146044\/revisions"}],"wp:featuredmedia":[{"embeddable":true,"href":"https:\/\/stylingagenten.com\/da\/wp-json\/wp\/v2\/media\/146003"}],"wp:attachment":[{"href":"https:\/\/stylingagenten.com\/da\/wp-json\/wp\/v2\/media?parent=146044"}],"wp:term":[{"taxonomy":"product_brand","embeddable":true,"href":"https:\/\/stylingagenten.com\/da\/wp-json\/wp\/v2\/product_brand?post=146044"},{"taxonomy":"product_cat","embeddable":true,"href":"https:\/\/stylingagenten.com\/da\/wp-json\/wp\/v2\/product_cat?post=146044"},{"taxonomy":"product_tag","embeddable":true,"href":"https:\/\/stylingagenten.com\/da\/wp-json\/wp\/v2\/product_tag?post=146044"},{"taxonomy":"berocket_brand","embeddable":true,"href":"https:\/\/stylingagenten.com\/da\/wp-json\/wp\/v2\/berocket_brand?post=146044"}],"curies":[{"name":"wp","href":"https:\/\/api.w.org\/{rel}","templated":true}]}}