{"id":146041,"date":"2025-05-18T23:33:06","date_gmt":"2025-05-18T23:33:06","guid":{"rendered":"https:\/\/staging2.stylingagenten.com\/da\/produkt\/remington-blow-dry-style-caring-400w-airstyler\/"},"modified":"2026-03-22T08:47:32","modified_gmt":"2026-03-22T08:47:32","slug":"remington-blow-dry-style-caring-400w-airstyler","status":"publish","type":"product","link":"https:\/\/stylingagenten.com\/da\/produkt\/remington-blow-dry-style-caring-400w-airstyler\/","title":{"rendered":"Remington Blow Dry &amp; Style \u2013 Caring 400W Airstyler"},"content":{"rendered":"<p>Let og fleksibel 400W varmluftsb\u00f8rste tilpasset til at forme og style kort h\u00e5r. Varmluftsb\u00f8rsten har 2 varme\/hastighedsindstillinger og 2 forskellige tilbeh\u00f8r inkluderet, 19 mm rund b\u00f8rste, der skaber mindre kr\u00f8ller og 25 mm b\u00f8rstehoved, der tilf\u00f8jer volumen ved r\u00f8dderne, men ogs\u00e5 kan skabe l\u00f8sere kr\u00f8ller og b\u00f8lger.<\/p>\n<p>For b\u00e5de b\u00f8rster: Tag en h\u00e5rl\u00f8kke og vikl enderne af h\u00e5ret rundt om b\u00f8rsten. Vend enheden, s\u00e5 h\u00e5ret er viklet op omkring b\u00f8rstespolen, og style h\u00e5ret, som du \u00f8nsker det.<\/p>\n<p>(L\u00e6ngde 35 cm H\u00f8jde; 4 cm Dybde; 4 cm)<\/p>\n<p>Funktioner: <br \/>2x stylingtilbeh\u00f8r til kort h\u00e5r;<br \/>19 mm b\u00f8rste<br \/>25 mm bl\u00f8d b\u00f8rste<br \/>400W<br \/>2 varme-\/hastighedsindstillinger<br \/>Drejelig ledning<br \/>H\u00e6ngel\u00f8kke<\/p>\n","protected":false},"excerpt":{"rendered":"<p>Let og fleksibel 400W varmluftsb\u00f8rste tilpasset til at forme og style kort h\u00e5r. Varmluftsb\u00f8rsten har 2 varme\/hastighedsindstillinger og 2 forskellige tilbeh\u00f8r inkluderet, 19 mm rund b\u00f8rste, der skaber mindre kr\u00f8ller og 25 mm b\u00f8rstehoved, der tilf\u00f8jer volumen ved r\u00f8dderne, men ogs\u00e5 kan skabe l\u00f8sere kr\u00f8ller og b\u00f8lger. For b\u00e5de b\u00f8rster: Tag en h\u00e5rl\u00f8kke og vikl [&hellip;]<\/p>\n","protected":false},"featured_media":146004,"comment_status":"open","ping_status":"closed","template":"","meta":{"_trash_the_other_posts":false},"product_brand":[],"product_cat":[652],"product_tag":[],"berocket_brand":[1272],"class_list":{"0":"post-146041","1":"product","2":"type-product","3":"status-publish","4":"has-post-thumbnail","6":"product_cat-varmeboerste","7":"pa_brand-remington","8":"berocket_brand-remington","10":"first","11":"instock","12":"sale","13":"taxable","14":"shipping-taxable","15":"purchasable","16":"product-type-simple"},"_links":{"self":[{"href":"https:\/\/stylingagenten.com\/da\/wp-json\/wp\/v2\/product\/146041","targetHints":{"allow":["GET"]}}],"collection":[{"href":"https:\/\/stylingagenten.com\/da\/wp-json\/wp\/v2\/product"}],"about":[{"href":"https:\/\/stylingagenten.com\/da\/wp-json\/wp\/v2\/types\/product"}],"replies":[{"embeddable":true,"href":"https:\/\/stylingagenten.com\/da\/wp-json\/wp\/v2\/comments?post=146041"}],"version-history":[{"count":0,"href":"https:\/\/stylingagenten.com\/da\/wp-json\/wp\/v2\/product\/146041\/revisions"}],"wp:featuredmedia":[{"embeddable":true,"href":"https:\/\/stylingagenten.com\/da\/wp-json\/wp\/v2\/media\/146004"}],"wp:attachment":[{"href":"https:\/\/stylingagenten.com\/da\/wp-json\/wp\/v2\/media?parent=146041"}],"wp:term":[{"taxonomy":"product_brand","embeddable":true,"href":"https:\/\/stylingagenten.com\/da\/wp-json\/wp\/v2\/product_brand?post=146041"},{"taxonomy":"product_cat","embeddable":true,"href":"https:\/\/stylingagenten.com\/da\/wp-json\/wp\/v2\/product_cat?post=146041"},{"taxonomy":"product_tag","embeddable":true,"href":"https:\/\/stylingagenten.com\/da\/wp-json\/wp\/v2\/product_tag?post=146041"},{"taxonomy":"berocket_brand","embeddable":true,"href":"https:\/\/stylingagenten.com\/da\/wp-json\/wp\/v2\/berocket_brand?post=146041"}],"curies":[{"name":"wp","href":"https:\/\/api.w.org\/{rel}","templated":true}]}}