{"id":145959,"date":"2025-05-18T23:32:52","date_gmt":"2025-05-18T23:32:52","guid":{"rendered":"https:\/\/staging2.stylingagenten.com\/da\/produkt\/schwarzkopf-osis-dust-it-10g\/"},"modified":"2026-04-15T04:29:42","modified_gmt":"2026-04-15T04:29:42","slug":"schwarzkopf-osis-dust-it-10g","status":"publish","type":"product","link":"https:\/\/stylingagenten.com\/da\/produkt\/schwarzkopf-osis-dust-it-10g\/","title":{"rendered":"Schwarzkopf Osis Dust It 10g"},"content":{"rendered":"<p>Schwarzkopf Osis Dust It 10g<br \/>OSiS Dust Det er et vegansk mat volumengivende pulver til va-va-voom volumen og l\u00f8ft. Giver st\u00e6rkt hold og \u00f8jeblikkeligt greb.<\/p>\n","protected":false},"excerpt":{"rendered":"<p>Schwarzkopf Osis Dust It 10gOSiS Dust Det er et vegansk mat volumengivende pulver til va-va-voom volumen og l\u00f8ft. Giver st\u00e6rkt hold og \u00f8jeblikkeligt greb.<\/p>\n","protected":false},"featured_media":145956,"comment_status":"open","ping_status":"closed","template":"","meta":{"_trash_the_other_posts":false},"product_brand":[],"product_cat":[1003,616],"product_tag":[],"berocket_brand":[1060],"class_list":{"0":"post-145959","1":"product","2":"type-product","3":"status-publish","4":"has-post-thumbnail","6":"product_cat-bestsellere","7":"product_cat-volumen-pulver","8":"pa_brand-schwarzkopf","9":"berocket_brand-schwarzkopf","11":"first","12":"instock","13":"sale","14":"taxable","15":"shipping-taxable","16":"purchasable","17":"product-type-simple"},"_links":{"self":[{"href":"https:\/\/stylingagenten.com\/da\/wp-json\/wp\/v2\/product\/145959","targetHints":{"allow":["GET"]}}],"collection":[{"href":"https:\/\/stylingagenten.com\/da\/wp-json\/wp\/v2\/product"}],"about":[{"href":"https:\/\/stylingagenten.com\/da\/wp-json\/wp\/v2\/types\/product"}],"replies":[{"embeddable":true,"href":"https:\/\/stylingagenten.com\/da\/wp-json\/wp\/v2\/comments?post=145959"}],"version-history":[{"count":0,"href":"https:\/\/stylingagenten.com\/da\/wp-json\/wp\/v2\/product\/145959\/revisions"}],"wp:featuredmedia":[{"embeddable":true,"href":"https:\/\/stylingagenten.com\/da\/wp-json\/wp\/v2\/media\/145956"}],"wp:attachment":[{"href":"https:\/\/stylingagenten.com\/da\/wp-json\/wp\/v2\/media?parent=145959"}],"wp:term":[{"taxonomy":"product_brand","embeddable":true,"href":"https:\/\/stylingagenten.com\/da\/wp-json\/wp\/v2\/product_brand?post=145959"},{"taxonomy":"product_cat","embeddable":true,"href":"https:\/\/stylingagenten.com\/da\/wp-json\/wp\/v2\/product_cat?post=145959"},{"taxonomy":"product_tag","embeddable":true,"href":"https:\/\/stylingagenten.com\/da\/wp-json\/wp\/v2\/product_tag?post=145959"},{"taxonomy":"berocket_brand","embeddable":true,"href":"https:\/\/stylingagenten.com\/da\/wp-json\/wp\/v2\/berocket_brand?post=145959"}],"curies":[{"name":"wp","href":"https:\/\/api.w.org\/{rel}","templated":true}]}}