{"id":145917,"date":"2025-05-18T23:32:44","date_gmt":"2025-05-18T23:32:44","guid":{"rendered":"https:\/\/staging2.stylingagenten.com\/da\/produkt\/toppik-hair-building-fibers-regular-12g-gray\/"},"modified":"2026-04-07T14:28:30","modified_gmt":"2026-04-07T14:28:30","slug":"toppik-hair-building-fibers-regular-12g-gray","status":"publish","type":"product","link":"https:\/\/stylingagenten.com\/da\/produkt\/toppik-hair-building-fibers-regular-12g-gray\/","title":{"rendered":"Toppik Hair Building Fibers Regular 12g &#8211; Gray"},"content":{"rendered":"<p>Toppik er et fantastisk produkt til dig med tyndt h\u00e5r. Toppik &auml; lille mikrofibre, der nemt p\u00e5f\u00f8res dit h\u00e5r, og som takket v\u00e6re en avanceret fremstillingsproces kl\u00e6ber til dine h\u00e5rstr\u00e5 ved hj\u00e6lp af dets statiske elektricitet. <br \/>Toppik er helt naturlige h\u00e5rfibre lavet af organisk keratinprotein, det samme som dit h\u00e5r.<\/p>\n<p>Produktet falder perfekt ind, det kl\u00e6ber ikke til h\u00e5ret. hovedbunden og den falder ikke af; dit t\u00f8j. Takket v\u00e6re dit h\u00e5r ser tykkere ud og f\u00e5r mere volumen, s\u00e5; det skjuler gennemsigtigheden af \u200b\u200bdin hovedbund, noget der for mange gravide m\u00e6nd og kvinder er et ubehageligt problem. F\u00e5s i 8 forskellige farver.&nbsp;<\/p>\n","protected":false},"excerpt":{"rendered":"<p>Toppik er et fantastisk produkt til dig med tyndt h\u00e5r. Toppik &auml; lille mikrofibre, der nemt p\u00e5f\u00f8res dit h\u00e5r, og som takket v\u00e6re en avanceret fremstillingsproces kl\u00e6ber til dine h\u00e5rstr\u00e5 ved hj\u00e6lp af dets statiske elektricitet. Toppik er helt naturlige h\u00e5rfibre lavet af organisk keratinprotein, det samme som dit h\u00e5r. Produktet falder perfekt ind, det [&hellip;]<\/p>\n","protected":false},"featured_media":145916,"comment_status":"open","ping_status":"closed","template":"","meta":{"_trash_the_other_posts":false},"product_brand":[],"product_cat":[640],"product_tag":[4026],"berocket_brand":[1207],"class_list":{"0":"post-145917","1":"product","2":"type-product","3":"status-publish","4":"has-post-thumbnail","6":"product_cat-roddaekke","7":"product_tag-toppik-hair-building-fibers-regular-12g","8":"pa_brand-toppik","9":"pa_variant-gray","10":"berocket_brand-toppik","12":"first","13":"instock","14":"sale","15":"taxable","16":"shipping-taxable","17":"purchasable","18":"product-type-simple"},"_links":{"self":[{"href":"https:\/\/stylingagenten.com\/da\/wp-json\/wp\/v2\/product\/145917","targetHints":{"allow":["GET"]}}],"collection":[{"href":"https:\/\/stylingagenten.com\/da\/wp-json\/wp\/v2\/product"}],"about":[{"href":"https:\/\/stylingagenten.com\/da\/wp-json\/wp\/v2\/types\/product"}],"replies":[{"embeddable":true,"href":"https:\/\/stylingagenten.com\/da\/wp-json\/wp\/v2\/comments?post=145917"}],"version-history":[{"count":0,"href":"https:\/\/stylingagenten.com\/da\/wp-json\/wp\/v2\/product\/145917\/revisions"}],"wp:featuredmedia":[{"embeddable":true,"href":"https:\/\/stylingagenten.com\/da\/wp-json\/wp\/v2\/media\/145916"}],"wp:attachment":[{"href":"https:\/\/stylingagenten.com\/da\/wp-json\/wp\/v2\/media?parent=145917"}],"wp:term":[{"taxonomy":"product_brand","embeddable":true,"href":"https:\/\/stylingagenten.com\/da\/wp-json\/wp\/v2\/product_brand?post=145917"},{"taxonomy":"product_cat","embeddable":true,"href":"https:\/\/stylingagenten.com\/da\/wp-json\/wp\/v2\/product_cat?post=145917"},{"taxonomy":"product_tag","embeddable":true,"href":"https:\/\/stylingagenten.com\/da\/wp-json\/wp\/v2\/product_tag?post=145917"},{"taxonomy":"berocket_brand","embeddable":true,"href":"https:\/\/stylingagenten.com\/da\/wp-json\/wp\/v2\/berocket_brand?post=145917"}],"curies":[{"name":"wp","href":"https:\/\/api.w.org\/{rel}","templated":true}]}}