{"id":145874,"date":"2025-05-18T23:32:35","date_gmt":"2025-05-18T23:32:35","guid":{"rendered":"https:\/\/staging2.stylingagenten.com\/da\/produkt\/toppik-hair-building-fibers-large-27-5g-auburn\/"},"modified":"2026-04-09T06:47:30","modified_gmt":"2026-04-09T06:47:30","slug":"toppik-hair-building-fibers-large-27-5g-auburn","status":"publish","type":"product","link":"https:\/\/stylingagenten.com\/da\/produkt\/toppik-hair-building-fibers-large-27-5g-auburn\/","title":{"rendered":"Toppik Hair Building Fibers Large 27.5g &#8211; Auburn"},"content":{"rendered":"<p id=\"isPasted\" style=\"line-height:normal\">Verdens bedst s\u00e6lgende stylingprodukt til tyndt h\u00e5r. Endelig er der nu en sikker, nem og naturlig m\u00e5de at skjule dit h\u00e5rtab p\u00e5.<br \/>&nbsp; Toppiks avancerede fremstillingsproces g\u00f8r det muligt for h\u00e5ret at genvinde dens t\u00e6thed og volumen, det engang havde, uden transplantation eller andre dyre behandlinger.<br \/>&nbsp;<br \/>&nbsp;Toppik er et produkt til dem med tyndt h\u00e5r. Toppik er sm\u00e5 mikrofibre, som nemt p\u00e5f\u00f8res dit h\u00e5r, og takket v\u00e6re en avanceret fremstillingsproces kl\u00e6ber de til dine h\u00e5rstr\u00e5 ved hj\u00e6lp af dets statiske elektricitet. Da Toppik er helt naturlige h\u00e5rfibre fremstillet af organisk keratinprotein, det samme som dit h\u00e5r, er det fuldst\u00e6ndig harml\u00f8st og kan ikke skade dit h\u00e5r.<\/p>\n","protected":false},"excerpt":{"rendered":"<p>Verdens bedst s\u00e6lgende stylingprodukt til tyndt h\u00e5r. Endelig er der nu en sikker, nem og naturlig m\u00e5de at skjule dit h\u00e5rtab p\u00e5.&nbsp; Toppiks avancerede fremstillingsproces g\u00f8r det muligt for h\u00e5ret at genvinde dens t\u00e6thed og volumen, det engang havde, uden transplantation eller andre dyre behandlinger.&nbsp;&nbsp;Toppik er et produkt til dem med tyndt h\u00e5r. Toppik er [&hellip;]<\/p>\n","protected":false},"featured_media":145873,"comment_status":"open","ping_status":"closed","template":"","meta":{"_trash_the_other_posts":false},"product_brand":[],"product_cat":[1003,640],"product_tag":[4025],"berocket_brand":[1207],"class_list":{"0":"post-145874","1":"product","2":"type-product","3":"status-publish","4":"has-post-thumbnail","6":"product_cat-bestsellere","7":"product_cat-roddaekke","8":"product_tag-toppik-hair-building-fibers-large-27-5g","9":"pa_brand-toppik","10":"pa_variant-auburn","11":"berocket_brand-toppik","13":"first","14":"instock","15":"sale","16":"taxable","17":"shipping-taxable","18":"purchasable","19":"product-type-simple"},"_links":{"self":[{"href":"https:\/\/stylingagenten.com\/da\/wp-json\/wp\/v2\/product\/145874","targetHints":{"allow":["GET"]}}],"collection":[{"href":"https:\/\/stylingagenten.com\/da\/wp-json\/wp\/v2\/product"}],"about":[{"href":"https:\/\/stylingagenten.com\/da\/wp-json\/wp\/v2\/types\/product"}],"replies":[{"embeddable":true,"href":"https:\/\/stylingagenten.com\/da\/wp-json\/wp\/v2\/comments?post=145874"}],"version-history":[{"count":0,"href":"https:\/\/stylingagenten.com\/da\/wp-json\/wp\/v2\/product\/145874\/revisions"}],"wp:featuredmedia":[{"embeddable":true,"href":"https:\/\/stylingagenten.com\/da\/wp-json\/wp\/v2\/media\/145873"}],"wp:attachment":[{"href":"https:\/\/stylingagenten.com\/da\/wp-json\/wp\/v2\/media?parent=145874"}],"wp:term":[{"taxonomy":"product_brand","embeddable":true,"href":"https:\/\/stylingagenten.com\/da\/wp-json\/wp\/v2\/product_brand?post=145874"},{"taxonomy":"product_cat","embeddable":true,"href":"https:\/\/stylingagenten.com\/da\/wp-json\/wp\/v2\/product_cat?post=145874"},{"taxonomy":"product_tag","embeddable":true,"href":"https:\/\/stylingagenten.com\/da\/wp-json\/wp\/v2\/product_tag?post=145874"},{"taxonomy":"berocket_brand","embeddable":true,"href":"https:\/\/stylingagenten.com\/da\/wp-json\/wp\/v2\/berocket_brand?post=145874"}],"curies":[{"name":"wp","href":"https:\/\/api.w.org\/{rel}","templated":true}]}}