{"id":145866,"date":"2025-05-18T23:32:33","date_gmt":"2025-05-18T23:32:33","guid":{"rendered":"https:\/\/staging2.stylingagenten.com\/da\/produkt\/toppik-hair-building-fibers-large-27-5g-light-blonde\/"},"modified":"2026-04-14T19:08:35","modified_gmt":"2026-04-14T19:08:35","slug":"toppik-hair-building-fibers-large-27-5g-light-blonde","status":"publish","type":"product","link":"https:\/\/stylingagenten.com\/da\/produkt\/toppik-hair-building-fibers-large-27-5g-light-blonde\/","title":{"rendered":"Toppik Hair Building Fibers Large 27.5g &#8211; Light Blonde"},"content":{"rendered":"<p>Toppik er et fantastisk produkt til dig med tyndt h\u00e5r. Toppik best\u00e5r af sm\u00e5 mikrofibre, der nemt p\u00e5f\u00f8res i dit h\u00e5r og som, takket v\u00e6re en avanceret produktionsproces, f\u00e6stner sig til dine h\u00e5rstr\u00e5 ved hj\u00e6lp af statisk elektricitet.<\/p>\n<p>Toppik er helt naturlige h\u00e5rfibre lavet af organisk keratinprotein, det samme som dit h\u00e5r.<\/p>\n<p>Produktet blender perfekt ind, s\u00e6tter sig ikke p\u00e5 hovedbunden og falder ikke af p\u00e5 dit t\u00f8j. Takket v\u00e6re det, at dit h\u00e5r ser tykkere ud og f\u00e5r mere volumen, skjuler det gennemskinneligheden af din hovedbund, hvilket for mange b\u00e5de m\u00e6nd og kvinder er et ubehageligt problem.<\/p>\n<p>Farve: Light Blonde<\/p>\n","protected":false},"excerpt":{"rendered":"<p>Toppik er et fantastisk produkt til dig med tyndt h\u00e5r. Toppik best\u00e5r af sm\u00e5 mikrofibre, der nemt p\u00e5f\u00f8res i dit h\u00e5r og som, takket v\u00e6re en avanceret produktionsproces, f\u00e6stner sig til dine h\u00e5rstr\u00e5 ved hj\u00e6lp af statisk elektricitet. Toppik er helt naturlige h\u00e5rfibre lavet af organisk keratinprotein, det samme som dit h\u00e5r. Produktet blender perfekt [&hellip;]<\/p>\n","protected":false},"featured_media":145864,"comment_status":"open","ping_status":"closed","template":"","meta":{"_trash_the_other_posts":false},"product_brand":[],"product_cat":[640],"product_tag":[4025],"berocket_brand":[1207],"class_list":{"0":"post-145866","1":"product","2":"type-product","3":"status-publish","4":"has-post-thumbnail","6":"product_cat-roddaekke","7":"product_tag-toppik-hair-building-fibers-large-27-5g","8":"pa_brand-toppik","9":"pa_variant-light-blonde","10":"berocket_brand-toppik","12":"first","13":"instock","14":"sale","15":"taxable","16":"shipping-taxable","17":"purchasable","18":"product-type-simple"},"_links":{"self":[{"href":"https:\/\/stylingagenten.com\/da\/wp-json\/wp\/v2\/product\/145866","targetHints":{"allow":["GET"]}}],"collection":[{"href":"https:\/\/stylingagenten.com\/da\/wp-json\/wp\/v2\/product"}],"about":[{"href":"https:\/\/stylingagenten.com\/da\/wp-json\/wp\/v2\/types\/product"}],"replies":[{"embeddable":true,"href":"https:\/\/stylingagenten.com\/da\/wp-json\/wp\/v2\/comments?post=145866"}],"version-history":[{"count":0,"href":"https:\/\/stylingagenten.com\/da\/wp-json\/wp\/v2\/product\/145866\/revisions"}],"wp:featuredmedia":[{"embeddable":true,"href":"https:\/\/stylingagenten.com\/da\/wp-json\/wp\/v2\/media\/145864"}],"wp:attachment":[{"href":"https:\/\/stylingagenten.com\/da\/wp-json\/wp\/v2\/media?parent=145866"}],"wp:term":[{"taxonomy":"product_brand","embeddable":true,"href":"https:\/\/stylingagenten.com\/da\/wp-json\/wp\/v2\/product_brand?post=145866"},{"taxonomy":"product_cat","embeddable":true,"href":"https:\/\/stylingagenten.com\/da\/wp-json\/wp\/v2\/product_cat?post=145866"},{"taxonomy":"product_tag","embeddable":true,"href":"https:\/\/stylingagenten.com\/da\/wp-json\/wp\/v2\/product_tag?post=145866"},{"taxonomy":"berocket_brand","embeddable":true,"href":"https:\/\/stylingagenten.com\/da\/wp-json\/wp\/v2\/berocket_brand?post=145866"}],"curies":[{"name":"wp","href":"https:\/\/api.w.org\/{rel}","templated":true}]}}