{"id":145859,"date":"2025-05-18T23:32:32","date_gmt":"2025-05-18T23:32:32","guid":{"rendered":"https:\/\/staging2.stylingagenten.com\/da\/produkt\/babyliss-for-men-multi-trimmer-nose-and-ear\/"},"modified":"2026-03-30T07:58:27","modified_gmt":"2026-03-30T07:58:27","slug":"babyliss-for-men-multi-trimmer-nose-and-ear","status":"publish","type":"product","link":"https:\/\/stylingagenten.com\/da\/produkt\/babyliss-for-men-multi-trimmer-nose-and-ear\/","title":{"rendered":"Babyliss for Men Multi Trimmer &#8211; Nose and Ear"},"content":{"rendered":"<div style=\"margin: 0px;max-width: ingen;width: 980px;float: ingen;font-family: Muli, sans-serif;font-size: 12px;font-style: normal;font-weight: 400;text-indent: 0px;text-transform: none;white-space: normal\">\n<p><strong>Fjern n\u00e6se- og brynh\u00e5r med en sikker, hurtig og sk\u00e5nsom trimmer<\/strong><\/p>\n<p>L&amp;ouml Aftageligt og vaskbart hoved, der letter reng\u00f8ringen.<\/p>\n<p>&#8211; Batteridrevet strengtrimmer<br \/>&#8211; 1 AA-batteri inkluderet<br \/>&#8211; Aftageligt hoved, der letter reng&ouml;ring<br \/>&#8211; 3 \u00e5rs garanti<\/p>\n<p><\/p>\n<\/div>\n<p><\/p>\n<div style=\"margin: 0px -0.625rem;max-width: ingen\">\n<div style=\"margin: 0px;float: left\">\n<div style=\"margin: 0px -0,625rem;max-width: none\">\n<div style=\"margin: 0px;float: left\">\n<div style=\"margin: 0px\"><\/div>\n<\/div>\n<\/div>\n<\/div>\n<\/div>\n<p><\/p>\n","protected":false},"excerpt":{"rendered":"<p>Fjern n\u00e6se- og brynh\u00e5r med en sikker, hurtig og sk\u00e5nsom trimmer L&amp;ouml Aftageligt og vaskbart hoved, der letter reng\u00f8ringen. &#8211; Batteridrevet strengtrimmer&#8211; 1 AA-batteri inkluderet&#8211; Aftageligt hoved, der letter reng&ouml;ring&#8211; 3 \u00e5rs garanti<\/p>\n","protected":false},"featured_media":145856,"comment_status":"open","ping_status":"closed","template":"","meta":{"_trash_the_other_posts":false},"product_brand":[],"product_cat":[604],"product_tag":[],"berocket_brand":[1166],"class_list":{"0":"post-145859","1":"product","2":"type-product","3":"status-publish","4":"has-post-thumbnail","6":"product_cat-trimmer","7":"pa_brand-babyliss","8":"berocket_brand-babyliss","10":"first","11":"instock","12":"sale","13":"taxable","14":"shipping-taxable","15":"purchasable","16":"product-type-simple"},"_links":{"self":[{"href":"https:\/\/stylingagenten.com\/da\/wp-json\/wp\/v2\/product\/145859","targetHints":{"allow":["GET"]}}],"collection":[{"href":"https:\/\/stylingagenten.com\/da\/wp-json\/wp\/v2\/product"}],"about":[{"href":"https:\/\/stylingagenten.com\/da\/wp-json\/wp\/v2\/types\/product"}],"replies":[{"embeddable":true,"href":"https:\/\/stylingagenten.com\/da\/wp-json\/wp\/v2\/comments?post=145859"}],"version-history":[{"count":0,"href":"https:\/\/stylingagenten.com\/da\/wp-json\/wp\/v2\/product\/145859\/revisions"}],"wp:featuredmedia":[{"embeddable":true,"href":"https:\/\/stylingagenten.com\/da\/wp-json\/wp\/v2\/media\/145856"}],"wp:attachment":[{"href":"https:\/\/stylingagenten.com\/da\/wp-json\/wp\/v2\/media?parent=145859"}],"wp:term":[{"taxonomy":"product_brand","embeddable":true,"href":"https:\/\/stylingagenten.com\/da\/wp-json\/wp\/v2\/product_brand?post=145859"},{"taxonomy":"product_cat","embeddable":true,"href":"https:\/\/stylingagenten.com\/da\/wp-json\/wp\/v2\/product_cat?post=145859"},{"taxonomy":"product_tag","embeddable":true,"href":"https:\/\/stylingagenten.com\/da\/wp-json\/wp\/v2\/product_tag?post=145859"},{"taxonomy":"berocket_brand","embeddable":true,"href":"https:\/\/stylingagenten.com\/da\/wp-json\/wp\/v2\/berocket_brand?post=145859"}],"curies":[{"name":"wp","href":"https:\/\/api.w.org\/{rel}","templated":true}]}}