{"id":145842,"date":"2025-05-18T23:32:28","date_gmt":"2025-05-18T23:32:28","guid":{"rendered":"https:\/\/staging2.stylingagenten.com\/da\/produkt\/wahl-balding-clipper\/"},"modified":"2025-11-20T16:01:37","modified_gmt":"2025-11-20T16:01:37","slug":"wahl-balding-clipper","status":"publish","type":"product","link":"https:\/\/stylingagenten.com\/da\/produkt\/wahl-balding-clipper\/","title":{"rendered":"Wahl Balding Clipper"},"content":{"rendered":"<div class=\"ajax__tab_body\" id=\"ctl00_main_ctl00_ctl00_tabContent_body\">&gt;&gt; Med en kraftig elektromagnetisk motor, der sk\u00e6rer s\u00e5 hurtigt som to; roterende motorer tilbyder Balding Clipper et t\u00e6t snit med kirurgisk pr\u00e6cision. Den er perfekt til hurtig, pr\u00e6cis og nem fade, der let sk\u00e6rer igennem alle h\u00e5rtyper. P&aring; p\u00e5 grund af den ekstra korte l\u00e6ngde af Sk\u00e6rebladet (0,4 mm) p\u00e5 Wahl Balding Clipper sk\u00e6rer virkelig t\u00e6t p\u00e5 huden.<\/p>\n<\/div>\n<\/div>\n<\/div>\n","protected":false},"excerpt":{"rendered":"<p>&gt;&gt; Med en kraftig elektromagnetisk motor, der sk\u00e6rer s\u00e5 hurtigt som to; roterende motorer tilbyder Balding Clipper et t\u00e6t snit med kirurgisk pr\u00e6cision. Den er perfekt til hurtig, pr\u00e6cis og nem fade, der let sk\u00e6rer igennem alle h\u00e5rtyper. P&aring; p\u00e5 grund af den ekstra korte l\u00e6ngde af Sk\u00e6rebladet (0,4 mm) p\u00e5 Wahl Balding Clipper sk\u00e6rer [&hellip;]<\/p>\n","protected":false},"featured_media":145839,"comment_status":"open","ping_status":"closed","template":"","meta":{"_trash_the_other_posts":false},"product_brand":[],"product_cat":[1003,604],"product_tag":[],"berocket_brand":[1145],"class_list":{"0":"post-145842","1":"product","2":"type-product","3":"status-publish","4":"has-post-thumbnail","6":"product_cat-bestsellere","7":"product_cat-trimmer","8":"pa_brand-wahl","9":"berocket_brand-wahl","11":"first","12":"outofstock","13":"sale","14":"taxable","15":"shipping-taxable","16":"purchasable","17":"product-type-simple"},"_links":{"self":[{"href":"https:\/\/stylingagenten.com\/da\/wp-json\/wp\/v2\/product\/145842","targetHints":{"allow":["GET"]}}],"collection":[{"href":"https:\/\/stylingagenten.com\/da\/wp-json\/wp\/v2\/product"}],"about":[{"href":"https:\/\/stylingagenten.com\/da\/wp-json\/wp\/v2\/types\/product"}],"replies":[{"embeddable":true,"href":"https:\/\/stylingagenten.com\/da\/wp-json\/wp\/v2\/comments?post=145842"}],"version-history":[{"count":0,"href":"https:\/\/stylingagenten.com\/da\/wp-json\/wp\/v2\/product\/145842\/revisions"}],"wp:featuredmedia":[{"embeddable":true,"href":"https:\/\/stylingagenten.com\/da\/wp-json\/wp\/v2\/media\/145839"}],"wp:attachment":[{"href":"https:\/\/stylingagenten.com\/da\/wp-json\/wp\/v2\/media?parent=145842"}],"wp:term":[{"taxonomy":"product_brand","embeddable":true,"href":"https:\/\/stylingagenten.com\/da\/wp-json\/wp\/v2\/product_brand?post=145842"},{"taxonomy":"product_cat","embeddable":true,"href":"https:\/\/stylingagenten.com\/da\/wp-json\/wp\/v2\/product_cat?post=145842"},{"taxonomy":"product_tag","embeddable":true,"href":"https:\/\/stylingagenten.com\/da\/wp-json\/wp\/v2\/product_tag?post=145842"},{"taxonomy":"berocket_brand","embeddable":true,"href":"https:\/\/stylingagenten.com\/da\/wp-json\/wp\/v2\/berocket_brand?post=145842"}],"curies":[{"name":"wp","href":"https:\/\/api.w.org\/{rel}","templated":true}]}}