{"id":145828,"date":"2025-05-18T23:32:26","date_gmt":"2025-05-18T23:32:26","guid":{"rendered":"https:\/\/staging2.stylingagenten.com\/da\/produkt\/wahl-magic-clip-cordless\/"},"modified":"2026-01-26T08:07:11","modified_gmt":"2026-01-26T08:07:11","slug":"wahl-magic-clip-cordless","status":"publish","type":"product","link":"https:\/\/stylingagenten.com\/da\/produkt\/wahl-magic-clip-cordless\/","title":{"rendered":"Wahl Magic Clip Cordless"},"content":{"rendered":"<div class=\"ajax__tab_body\" id=\"ctl00_main_ctl00_ctl00_tabContent_body\">&gt;&gt; Det 5-stjernede Cordless Magic Clip er designet til at levere den skarpe ydeevne, som eksperter kr\u00e6ver med friheden fra en tr\u00e5dl\u00f8s klipper. Magien er i bladene! Cordless Magic Clip har en h\u00f8jpr\u00e6cision stagger-tooth 2161 klinge med crunch-teknologi. Dette tr\u00e5dl\u00f8se v\u00e6rkt\u00f8j tilbyder hastighed og brugervenlighed i verdensklasse, et praktisk tilspidset h\u00e5ndtag til nem fade og et lithium-ion-batteri til 100 minutters driftstid pr. opladning. Det har ogs\u00e5&aring; en lednings\/lednings klippekapacitet.&nbsp;<\/p>\n<\/div>\n<\/div>\n<\/div>\n","protected":false},"excerpt":{"rendered":"<p>&gt;&gt; Det 5-stjernede Cordless Magic Clip er designet til at levere den skarpe ydeevne, som eksperter kr\u00e6ver med friheden fra en tr\u00e5dl\u00f8s klipper. Magien er i bladene! Cordless Magic Clip har en h\u00f8jpr\u00e6cision stagger-tooth 2161 klinge med crunch-teknologi. Dette tr\u00e5dl\u00f8se v\u00e6rkt\u00f8j tilbyder hastighed og brugervenlighed i verdensklasse, et praktisk tilspidset h\u00e5ndtag til nem fade og [&hellip;]<\/p>\n","protected":false},"featured_media":145818,"comment_status":"open","ping_status":"closed","template":"","meta":{"_trash_the_other_posts":false},"product_brand":[],"product_cat":[1003,604],"product_tag":[],"berocket_brand":[1145],"class_list":{"0":"post-145828","1":"product","2":"type-product","3":"status-publish","4":"has-post-thumbnail","6":"product_cat-bestsellere","7":"product_cat-trimmer","8":"pa_brand-wahl","9":"berocket_brand-wahl","11":"first","12":"instock","13":"sale","14":"taxable","15":"shipping-taxable","16":"purchasable","17":"product-type-simple"},"_links":{"self":[{"href":"https:\/\/stylingagenten.com\/da\/wp-json\/wp\/v2\/product\/145828","targetHints":{"allow":["GET"]}}],"collection":[{"href":"https:\/\/stylingagenten.com\/da\/wp-json\/wp\/v2\/product"}],"about":[{"href":"https:\/\/stylingagenten.com\/da\/wp-json\/wp\/v2\/types\/product"}],"replies":[{"embeddable":true,"href":"https:\/\/stylingagenten.com\/da\/wp-json\/wp\/v2\/comments?post=145828"}],"version-history":[{"count":0,"href":"https:\/\/stylingagenten.com\/da\/wp-json\/wp\/v2\/product\/145828\/revisions"}],"wp:featuredmedia":[{"embeddable":true,"href":"https:\/\/stylingagenten.com\/da\/wp-json\/wp\/v2\/media\/145818"}],"wp:attachment":[{"href":"https:\/\/stylingagenten.com\/da\/wp-json\/wp\/v2\/media?parent=145828"}],"wp:term":[{"taxonomy":"product_brand","embeddable":true,"href":"https:\/\/stylingagenten.com\/da\/wp-json\/wp\/v2\/product_brand?post=145828"},{"taxonomy":"product_cat","embeddable":true,"href":"https:\/\/stylingagenten.com\/da\/wp-json\/wp\/v2\/product_cat?post=145828"},{"taxonomy":"product_tag","embeddable":true,"href":"https:\/\/stylingagenten.com\/da\/wp-json\/wp\/v2\/product_tag?post=145828"},{"taxonomy":"berocket_brand","embeddable":true,"href":"https:\/\/stylingagenten.com\/da\/wp-json\/wp\/v2\/berocket_brand?post=145828"}],"curies":[{"name":"wp","href":"https:\/\/api.w.org\/{rel}","templated":true}]}}