{"id":145812,"date":"2025-05-18T23:32:24","date_gmt":"2025-05-18T23:32:24","guid":{"rendered":"https:\/\/staging2.stylingagenten.com\/da\/produkt\/wahl-detailer-cordless\/"},"modified":"2025-12-24T22:56:28","modified_gmt":"2025-12-24T22:56:28","slug":"wahl-detailer-cordless","status":"publish","type":"product","link":"https:\/\/stylingagenten.com\/da\/produkt\/wahl-detailer-cordless\/","title":{"rendered":"Wahl Detailer Cordless"},"content":{"rendered":"<div class=\"ajax__tab_body\" id=\"ctl00_main_ctl00_ctl00_tabContent_body\">&gt;&gt; WAHL Detailer Tr\u00e5dl\u00f8s med et t\u00e6tsk\u00e6rende, ekstra bredt T-formet blad for at muligg\u00f8re mere lige former og give hurtigere sk\u00e6reresultater end almindelige trimmerblade.<\/p>\n<p>Klingene tilbyder justering til nul overlap for super t\u00e6t trimning, konturering og pr\u00e6cist detaljearbejde.<\/p>\n<p>Den indbyggede revolutionerende lithium-ion batteriteknologi er let og kraftfuld og giver op til 100 minutters driftstid fra kun 45 minutters opladning, med mulighed for at bruge p\u00e5 ledningen til kontinuerlig str\u00f8m. En LED-lampe angiver effektniveauet s\u00e5 at du altid ved, hvor meget ladning der er tilbage.<\/p>\n<p>Det lette og stilfulde design giver dig balance og kontrol, n\u00e5r du konturerer, og giver hurtigere sk\u00e6reresultater end almindelige trimmere. Den pladsbesparende ladestander er v\u00e6gtet og griber nemt enhver overflade for sikker opladning. Den medf\u00f8lgende klingebeskyttelse, 3 frontkamme (grad 0,5 &ndash; 1,5), renseb\u00f8rste og klingeolie sikrer maksimal ydeevne.<\/p>\n<\/div>\n<\/div>\n<\/div>\n","protected":false},"excerpt":{"rendered":"<p>&gt;&gt; WAHL Detailer Tr\u00e5dl\u00f8s med et t\u00e6tsk\u00e6rende, ekstra bredt T-formet blad for at muligg\u00f8re mere lige former og give hurtigere sk\u00e6reresultater end almindelige trimmerblade. Klingene tilbyder justering til nul overlap for super t\u00e6t trimning, konturering og pr\u00e6cist detaljearbejde. Den indbyggede revolutionerende lithium-ion batteriteknologi er let og kraftfuld og giver op til 100 minutters driftstid fra [&hellip;]<\/p>\n","protected":false},"featured_media":145802,"comment_status":"open","ping_status":"closed","template":"","meta":{"_trash_the_other_posts":false},"product_brand":[],"product_cat":[1003,604],"product_tag":[],"berocket_brand":[1145],"class_list":{"0":"post-145812","1":"product","2":"type-product","3":"status-publish","4":"has-post-thumbnail","6":"product_cat-bestsellere","7":"product_cat-trimmer","8":"pa_brand-wahl","9":"berocket_brand-wahl","11":"first","12":"instock","13":"sale","14":"taxable","15":"shipping-taxable","16":"purchasable","17":"product-type-simple"},"_links":{"self":[{"href":"https:\/\/stylingagenten.com\/da\/wp-json\/wp\/v2\/product\/145812","targetHints":{"allow":["GET"]}}],"collection":[{"href":"https:\/\/stylingagenten.com\/da\/wp-json\/wp\/v2\/product"}],"about":[{"href":"https:\/\/stylingagenten.com\/da\/wp-json\/wp\/v2\/types\/product"}],"replies":[{"embeddable":true,"href":"https:\/\/stylingagenten.com\/da\/wp-json\/wp\/v2\/comments?post=145812"}],"version-history":[{"count":0,"href":"https:\/\/stylingagenten.com\/da\/wp-json\/wp\/v2\/product\/145812\/revisions"}],"wp:featuredmedia":[{"embeddable":true,"href":"https:\/\/stylingagenten.com\/da\/wp-json\/wp\/v2\/media\/145802"}],"wp:attachment":[{"href":"https:\/\/stylingagenten.com\/da\/wp-json\/wp\/v2\/media?parent=145812"}],"wp:term":[{"taxonomy":"product_brand","embeddable":true,"href":"https:\/\/stylingagenten.com\/da\/wp-json\/wp\/v2\/product_brand?post=145812"},{"taxonomy":"product_cat","embeddable":true,"href":"https:\/\/stylingagenten.com\/da\/wp-json\/wp\/v2\/product_cat?post=145812"},{"taxonomy":"product_tag","embeddable":true,"href":"https:\/\/stylingagenten.com\/da\/wp-json\/wp\/v2\/product_tag?post=145812"},{"taxonomy":"berocket_brand","embeddable":true,"href":"https:\/\/stylingagenten.com\/da\/wp-json\/wp\/v2\/berocket_brand?post=145812"}],"curies":[{"name":"wp","href":"https:\/\/api.w.org\/{rel}","templated":true}]}}