{"id":145799,"date":"2025-05-18T23:32:22","date_gmt":"2025-05-18T23:32:22","guid":{"rendered":"https:\/\/staging2.stylingagenten.com\/da\/produkt\/wahl-t-wide-detailer-trimmer-red\/"},"modified":"2026-01-14T06:56:39","modified_gmt":"2026-01-14T06:56:39","slug":"wahl-t-wide-detailer-trimmer-red","status":"publish","type":"product","link":"https:\/\/stylingagenten.com\/da\/produkt\/wahl-t-wide-detailer-trimmer-red\/","title":{"rendered":"Wahl T-Wide Detailer Trimmer Red"},"content":{"rendered":"<p>Wahl Professional Wide Detailer er en kraftfuld tr\u00e5dtrimmer, perfekt til kontinuerlig brug. <br \/>Professionel roterende motor for holdbarhed og lang levetid. H\u00f8j pr\u00e6cision ekstra bred 38mm WAHL \u00ae T-KLING. Justeret til &#8220;0&#8221; overlap (kan klippes ekstremt kort)<br \/>Vedligeholdelse:<br \/>Maskinen leveres med en lille olieflaske og en lille b\u00f8rste, der bruges til at sm\u00f8re og fjerne h\u00e5r fra maskinen efter behov.<br \/>I tilf\u00e6lde af at avisen viger efter mange \u00e5rs forbrug, er det super nemt at udskifte den.<br \/>Funktioner:<br \/>3 afstandskamme af plast nr. 1 (1,5 mm), nr. 2 (4,5 mm) og nr. 3 (6 mm)<br \/>Klinge: Fast, Chrome-klinge<br \/>Sk\u00e6rel\u00e6ngde: 0,2 mm<br \/>Sk\u00e6rebredde: 38 mm<br \/>Tekniske specifikationer:<br \/>Drev: Roterende motor, 5000 rpm<br \/>Kontinuerlig Drift<br \/>Kabell\u00e6ngde: 2,9 m<br \/>Netsp\u00e6nding: 100-240 V, 50\/60 H<\/p>\n","protected":false},"excerpt":{"rendered":"<p>Wahl Professional Wide Detailer er en kraftfuld tr\u00e5dtrimmer, perfekt til kontinuerlig brug. Professionel roterende motor for holdbarhed og lang levetid. H\u00f8j pr\u00e6cision ekstra bred 38mm WAHL \u00ae T-KLING. Justeret til &#8220;0&#8221; overlap (kan klippes ekstremt kort)Vedligeholdelse:Maskinen leveres med en lille olieflaske og en lille b\u00f8rste, der bruges til at sm\u00f8re og fjerne h\u00e5r fra maskinen [&hellip;]<\/p>\n","protected":false},"featured_media":145790,"comment_status":"open","ping_status":"closed","template":"","meta":{"_trash_the_other_posts":false},"product_brand":[],"product_cat":[1003,604],"product_tag":[],"berocket_brand":[1145],"class_list":{"0":"post-145799","1":"product","2":"type-product","3":"status-publish","4":"has-post-thumbnail","6":"product_cat-bestsellere","7":"product_cat-trimmer","8":"pa_brand-wahl","9":"berocket_brand-wahl","11":"first","12":"instock","13":"sale","14":"taxable","15":"shipping-taxable","16":"purchasable","17":"product-type-simple"},"_links":{"self":[{"href":"https:\/\/stylingagenten.com\/da\/wp-json\/wp\/v2\/product\/145799","targetHints":{"allow":["GET"]}}],"collection":[{"href":"https:\/\/stylingagenten.com\/da\/wp-json\/wp\/v2\/product"}],"about":[{"href":"https:\/\/stylingagenten.com\/da\/wp-json\/wp\/v2\/types\/product"}],"replies":[{"embeddable":true,"href":"https:\/\/stylingagenten.com\/da\/wp-json\/wp\/v2\/comments?post=145799"}],"version-history":[{"count":0,"href":"https:\/\/stylingagenten.com\/da\/wp-json\/wp\/v2\/product\/145799\/revisions"}],"wp:featuredmedia":[{"embeddable":true,"href":"https:\/\/stylingagenten.com\/da\/wp-json\/wp\/v2\/media\/145790"}],"wp:attachment":[{"href":"https:\/\/stylingagenten.com\/da\/wp-json\/wp\/v2\/media?parent=145799"}],"wp:term":[{"taxonomy":"product_brand","embeddable":true,"href":"https:\/\/stylingagenten.com\/da\/wp-json\/wp\/v2\/product_brand?post=145799"},{"taxonomy":"product_cat","embeddable":true,"href":"https:\/\/stylingagenten.com\/da\/wp-json\/wp\/v2\/product_cat?post=145799"},{"taxonomy":"product_tag","embeddable":true,"href":"https:\/\/stylingagenten.com\/da\/wp-json\/wp\/v2\/product_tag?post=145799"},{"taxonomy":"berocket_brand","embeddable":true,"href":"https:\/\/stylingagenten.com\/da\/wp-json\/wp\/v2\/berocket_brand?post=145799"}],"curies":[{"name":"wp","href":"https:\/\/api.w.org\/{rel}","templated":true}]}}