{"id":145791,"date":"2025-05-18T23:32:21","date_gmt":"2025-05-18T23:32:21","guid":{"rendered":"https:\/\/staging2.stylingagenten.com\/da\/produkt\/jean-louis-david-digital-clipper-nordic\/"},"modified":"2025-11-19T12:12:54","modified_gmt":"2025-11-19T12:12:54","slug":"jean-louis-david-digital-clipper-nordic","status":"publish","type":"product","link":"https:\/\/stylingagenten.com\/da\/produkt\/jean-louis-david-digital-clipper-nordic\/","title":{"rendered":"Jean Louis David Digital Clipper Nordic"},"content":{"rendered":"<p>JLD Digital Beard and Hair Clipper \u2013 En professionel digital h\u00e5rklipper med 37 mm aftageligt og vaskbart blad i rustfrit st\u00e5l. Klingen er belagt med en keramisk titaniumbel\u00e6gning og bliver ikke s\u00e5 varm som traditionelle st\u00e5l\/titanium klinger og giver desuden en forbedret sk\u00e6reydelse og l\u00e6ngere holdbarhed.<\/p>\n<p>V\u00e6lg mellem 4 faste kamme af 3, 6, 9, 12 mm. Uanset valg af kam, kan du justere drejeknappen i op til 25 forskellige l\u00e6ngdeindstillinger for at skr\u00e6ddersy pr\u00e6cis den l\u00e6ngde, du \u00f8nsker. Drejeknappen kan justeres i 5 niveauer mellem 0,8 til 2 mm (0,8, 1,1, 1,4, 1,7 og 2 mm). Pakken indeholder ogs\u00e5 2 vinklede kamme, en til h\u00f8jre og en til venstre side, som er perfekt til at f\u00e5 en p\u00e6n overgang fra det korte til det l\u00e6ngere h\u00e5r samt til lettere klipning af h\u00e5ret omkring \u00f8rerne.<\/p>\n<p>Med et kraftigt lithiumbatteri til langvarig ydeevne har h\u00e5rklipperen en brugstid p\u00e5 210 minutter (3,5 timer), og det digitale LED-display viser den resterende batteritid. Hvis der er behov for ekstra kraft, kan du justere sk\u00e6rehastigheden i 5 forskellige niveauer (5000, 5500, 6000, 6500, 7000rpm). En fuld opladning tager kun 120 minutter, men f\u00f8r du g\u00f8r det, kan h\u00e5rklipperen ogs\u00e5 bruges med en ledning. Pakken indeholder en olie til knivene og en renseb\u00f8rste for at holde klipperen hygiejnisk og ren.<\/p>\n<p>Teknisk information<br \/>\u2022 Kan bruges som b\u00e5de sk\u00e6gtrimmer og h\u00e5rklipper<br \/>\u2022 Vandafvisende <br \/>\u2022 Kraftig motor <br \/>\u2022 Aftagelig og vaskbar klinge<br \/>\u2022 Pr\u00e6cisionsklinge i rustfrit st\u00e5l med keramisk titaniumbel\u00e6gning.<br \/>\u2022 Mulighed for at justere sk\u00e6rehastigheden i 5 niveauer (5000, 5500, 6000, 6500, 7000 rpm)<br \/>\u2022 Klippebredde: 37 mm <br \/>\u2022 Justerbar skyder: 0,8 til 2 mm i 5 niveauer (0,8, 1,1, 1,4, 1,7 og 2 mm)<br \/>\u2022 4 faste kamme: 3, 6, 9, 12 mm og 2 kamme til venstre og h\u00f8jre \u00f8re.<br \/>\u2022 25 forskellige sk\u00e6reniveauer<br \/>\u2022 Lithiumbatteri<br \/>\u2022 Brugstid: 210 min.<br \/>\u2022 Opladningstid: 120 min.<br \/>\u2022 LED-display med hastighed (rpm) og batteriniveauindikator<br \/>\u2022 Renseb\u00f8rste, olie og oplader medf\u00f8lger<br \/>\u2022 V\u00e6gt: 496 gr.<\/p>\n","protected":false},"excerpt":{"rendered":"<p>JLD Digital Beard and Hair Clipper \u2013 En professionel digital h\u00e5rklipper med 37 mm aftageligt og vaskbart blad i rustfrit st\u00e5l. Klingen er belagt med en keramisk titaniumbel\u00e6gning og bliver ikke s\u00e5 varm som traditionelle st\u00e5l\/titanium klinger og giver desuden en forbedret sk\u00e6reydelse og l\u00e6ngere holdbarhed. V\u00e6lg mellem 4 faste kamme af 3, 6, 9, [&hellip;]<\/p>\n","protected":false},"featured_media":145768,"comment_status":"open","ping_status":"closed","template":"","meta":{"_trash_the_other_posts":false},"product_brand":[],"product_cat":[604],"product_tag":[],"berocket_brand":[1390],"class_list":{"0":"post-145791","1":"product","2":"type-product","3":"status-publish","4":"has-post-thumbnail","6":"product_cat-trimmer","7":"pa_brand-jean-louis-david","8":"berocket_brand-jean-louis-david","10":"first","11":"outofstock","12":"sale","13":"taxable","14":"shipping-taxable","15":"purchasable","16":"product-type-simple"},"_links":{"self":[{"href":"https:\/\/stylingagenten.com\/da\/wp-json\/wp\/v2\/product\/145791","targetHints":{"allow":["GET"]}}],"collection":[{"href":"https:\/\/stylingagenten.com\/da\/wp-json\/wp\/v2\/product"}],"about":[{"href":"https:\/\/stylingagenten.com\/da\/wp-json\/wp\/v2\/types\/product"}],"replies":[{"embeddable":true,"href":"https:\/\/stylingagenten.com\/da\/wp-json\/wp\/v2\/comments?post=145791"}],"version-history":[{"count":0,"href":"https:\/\/stylingagenten.com\/da\/wp-json\/wp\/v2\/product\/145791\/revisions"}],"wp:featuredmedia":[{"embeddable":true,"href":"https:\/\/stylingagenten.com\/da\/wp-json\/wp\/v2\/media\/145768"}],"wp:attachment":[{"href":"https:\/\/stylingagenten.com\/da\/wp-json\/wp\/v2\/media?parent=145791"}],"wp:term":[{"taxonomy":"product_brand","embeddable":true,"href":"https:\/\/stylingagenten.com\/da\/wp-json\/wp\/v2\/product_brand?post=145791"},{"taxonomy":"product_cat","embeddable":true,"href":"https:\/\/stylingagenten.com\/da\/wp-json\/wp\/v2\/product_cat?post=145791"},{"taxonomy":"product_tag","embeddable":true,"href":"https:\/\/stylingagenten.com\/da\/wp-json\/wp\/v2\/product_tag?post=145791"},{"taxonomy":"berocket_brand","embeddable":true,"href":"https:\/\/stylingagenten.com\/da\/wp-json\/wp\/v2\/berocket_brand?post=145791"}],"curies":[{"name":"wp","href":"https:\/\/api.w.org\/{rel}","templated":true}]}}