{"id":145784,"date":"2025-05-18T23:32:20","date_gmt":"2025-05-18T23:32:20","guid":{"rendered":"https:\/\/staging2.stylingagenten.com\/da\/produkt\/jean-louis-david-pro-hair-clipper-nordic\/"},"modified":"2026-03-27T15:08:35","modified_gmt":"2026-03-27T15:08:35","slug":"jean-louis-david-pro-hair-clipper-nordic","status":"publish","type":"product","link":"https:\/\/stylingagenten.com\/da\/produkt\/jean-louis-david-pro-hair-clipper-nordic\/","title":{"rendered":"Jean Louis David Pro Hair Clipper Nordic"},"content":{"rendered":"<p>JLD PRO H\u00c5RKLIPPER \u2013 Professionel h\u00e5rklipper med 37 mm aftageligt og vaskbart blad i rustfrit st\u00e5l med en keramisk titaniumbel\u00e6gning, der ikke bliver s\u00e5 varm som traditionelle st\u00e5lklinger eller titaniumklinger og som ogs\u00e5 giver en forbedret klippeydelse og l\u00e6ngere holdbarhed.<\/p>\n<p>V\u00e6lg mellem 4 faste kamme p\u00e5 3, 6, 9, 12 mm, og uanset valget af kam kan du justere niveauh\u00e5ndtaget til yderligere l\u00e6ngder for at skr\u00e6ddersy den l\u00e6ngde, du \u00f8nsker, og kan give op til 20 forskellige l\u00e6ngdeindstillinger. Niveaugrebet kan justeres i 4 niveauer mellem 0,5 til 2 mm (0,5, 1, 1,5 og 2 mm)<\/p>\n<p>Med et kraftigt lithiumbatteri til langvarig ydeevne har h\u00e5rklipperen en brugstid p\u00e5 120 minutter og den digitale LED-displayet viser den resterende batteritid. En fuld opladning tager kun 90 minutter og oplades bekvemt i den medf\u00f8lgende ladestation. Pakken indeholder ogs\u00e5 en olie til knivene og en renseb\u00f8rste for at holde klipperen hygiejnisk og ren.<\/p>\n<p>Teknisk information<br \/>\u2022 IPX6-beskyttelse <br \/>\u2022 Aftagelig og vaskbar klinge <br \/>\u2022 Pr\u00e6cisions rustfrit st\u00e5l klinge med keramisk titaniumbel\u00e6gning<br \/>\u2022 Sk\u00e6rebredde: 37 mm.<br \/>\u2022 Niveaugreb: 0,5 til 2 mm i 4 niveauer (0,5, 1, 1,5 og 2 mm).<br \/>\u2022 4 kamme: 3, 6, 9, 12 mm.<br \/>\u2022 Niveaugreb<br \/>\u2022 Lithiumbatteri<br \/>\u2022 Brugstid: 120 min.<br \/>\u2022 Opladningstid: 90 min.<br \/>\u2022 LED-display med batteriniveauindikator.<br \/> \u2022 Ekstra tilbeh\u00f8r : Reng\u00f8ringsb\u00f8rste, olie, oplader og ladestation.<br \/>\u2022 V\u00e6gt: 554 gr.<\/p>\n","protected":false},"excerpt":{"rendered":"<p>JLD PRO H\u00c5RKLIPPER \u2013 Professionel h\u00e5rklipper med 37 mm aftageligt og vaskbart blad i rustfrit st\u00e5l med en keramisk titaniumbel\u00e6gning, der ikke bliver s\u00e5 varm som traditionelle st\u00e5lklinger eller titaniumklinger og som ogs\u00e5 giver en forbedret klippeydelse og l\u00e6ngere holdbarhed. V\u00e6lg mellem 4 faste kamme p\u00e5 3, 6, 9, 12 mm, og uanset valget af [&hellip;]<\/p>\n","protected":false},"featured_media":145763,"comment_status":"open","ping_status":"closed","template":"","meta":{"_trash_the_other_posts":false},"product_brand":[],"product_cat":[604],"product_tag":[],"berocket_brand":[1390],"class_list":{"0":"post-145784","1":"product","2":"type-product","3":"status-publish","4":"has-post-thumbnail","6":"product_cat-trimmer","7":"pa_brand-jean-louis-david","8":"berocket_brand-jean-louis-david","10":"first","11":"instock","12":"sale","13":"taxable","14":"shipping-taxable","15":"purchasable","16":"product-type-simple"},"_links":{"self":[{"href":"https:\/\/stylingagenten.com\/da\/wp-json\/wp\/v2\/product\/145784","targetHints":{"allow":["GET"]}}],"collection":[{"href":"https:\/\/stylingagenten.com\/da\/wp-json\/wp\/v2\/product"}],"about":[{"href":"https:\/\/stylingagenten.com\/da\/wp-json\/wp\/v2\/types\/product"}],"replies":[{"embeddable":true,"href":"https:\/\/stylingagenten.com\/da\/wp-json\/wp\/v2\/comments?post=145784"}],"version-history":[{"count":0,"href":"https:\/\/stylingagenten.com\/da\/wp-json\/wp\/v2\/product\/145784\/revisions"}],"wp:featuredmedia":[{"embeddable":true,"href":"https:\/\/stylingagenten.com\/da\/wp-json\/wp\/v2\/media\/145763"}],"wp:attachment":[{"href":"https:\/\/stylingagenten.com\/da\/wp-json\/wp\/v2\/media?parent=145784"}],"wp:term":[{"taxonomy":"product_brand","embeddable":true,"href":"https:\/\/stylingagenten.com\/da\/wp-json\/wp\/v2\/product_brand?post=145784"},{"taxonomy":"product_cat","embeddable":true,"href":"https:\/\/stylingagenten.com\/da\/wp-json\/wp\/v2\/product_cat?post=145784"},{"taxonomy":"product_tag","embeddable":true,"href":"https:\/\/stylingagenten.com\/da\/wp-json\/wp\/v2\/product_tag?post=145784"},{"taxonomy":"berocket_brand","embeddable":true,"href":"https:\/\/stylingagenten.com\/da\/wp-json\/wp\/v2\/berocket_brand?post=145784"}],"curies":[{"name":"wp","href":"https:\/\/api.w.org\/{rel}","templated":true}]}}