{"id":145750,"date":"2025-05-18T23:32:15","date_gmt":"2025-05-18T23:32:15","guid":{"rendered":"https:\/\/staging2.stylingagenten.com\/da\/produkt\/remington-t-series-ultimate-precision-trimmer\/"},"modified":"2026-03-11T22:04:37","modified_gmt":"2026-03-11T22:04:37","slug":"remington-t-series-ultimate-precision-trimmer","status":"publish","type":"product","link":"https:\/\/stylingagenten.com\/da\/produkt\/remington-t-series-ultimate-precision-trimmer\/","title":{"rendered":"Remington T-Series Ultimate Precision Trimmer"},"content":{"rendered":"<p>MB7000: T-SERIEN ULTIMATE PR\u00c6CISIONSTRIMMER<br \/>Tilbyder et innovativt design, alsidigt tilbeh\u00f8r og vendbart sk\u00e6rehoved: for ultimativ pr\u00e6cision og sk\u00e6gkontrol<\/p>\n<p>Hvis du \u00f8nsker at opn\u00e5 detaljerede kanter og t\u00e6t trimning af dit sk\u00e6g, hals og h\u00e5rgr\u00e6nsen, vil du elske T Series Ultimate Precision Trimmer. De modificerede udsk\u00e5rne vendbare blade justerer nemt trimningsvinklen for forbedret klippeydelse.<\/p>\n<p>Det 30 mm brede blad sk\u00e6rer komfortabelt igennem alle h\u00e5rtyper fra 0,4 mm. Den justerbare kam kan indstilles til specifikke triml\u00e6ngder fra 1 mm til 5 mm i intervaller p\u00e5 0,5 mm. De 6 kamme med fast l\u00e6ngde er markeret fra 1,5 mm til 15 mm. Udover den brede sk\u00e6rkant, er der ogs\u00e5 inkluderet et 7 mm mikro-detaljeblad for pr\u00e6cis pr\u00e6cision og detaljering.<\/p>\n<p>En brugstid p\u00e5 60 minutter giver dig masser af tid til at rette til det \u00f8nskede resultat. Den oplades p\u00e5 4H og LED-indikatoren advarer sk\u00e6gtrimmeren, n\u00e5r den skal oplades. 100 % vandt\u00e6t giver dig mulighed for at tage din trimmer med i brusebadet og g\u00f8r derefter reng\u00f8ringen lettere.<\/p>\n<p>Specifikationer:<br \/>\u2022Selvslibende klinge i rustfrit st\u00e5l<br \/>\u2022Vendbar klinge til at forme alsidighed.<br \/>\u2022 30 mm T-formet sk\u00e6reblad, g\u00e5r ned til 0,4 mm for skarpe linjer og detaljer<br \/>\u20227 mm pr\u00e6cisionsklinge<br \/>\u20221 x justerbar kam (1 mm &#8211; 5 mm)<br \/>\u20226 faste kamme (1,5 mm &#8211; 15 mm )<br \/>\u2022Tr\u00e5dl\u00f8s op til 60 minutter<br \/>\u20224 timers opladningstid<br \/>\u2022LED-indikator<br \/>\u2022Vandt\u00e6t<br \/>\u2022Opbevaringspose<br \/>\u20223+ 1 garanti\u00e5r ved onlineregistrering<\/p>\n","protected":false},"excerpt":{"rendered":"<p>MB7000: T-SERIEN ULTIMATE PR\u00c6CISIONSTRIMMERTilbyder et innovativt design, alsidigt tilbeh\u00f8r og vendbart sk\u00e6rehoved: for ultimativ pr\u00e6cision og sk\u00e6gkontrol Hvis du \u00f8nsker at opn\u00e5 detaljerede kanter og t\u00e6t trimning af dit sk\u00e6g, hals og h\u00e5rgr\u00e6nsen, vil du elske T Series Ultimate Precision Trimmer. De modificerede udsk\u00e5rne vendbare blade justerer nemt trimningsvinklen for forbedret klippeydelse. Det 30 mm [&hellip;]<\/p>\n","protected":false},"featured_media":145719,"comment_status":"open","ping_status":"closed","template":"","meta":{"_trash_the_other_posts":false},"product_brand":[],"product_cat":[1003,604],"product_tag":[],"berocket_brand":[1272],"class_list":{"0":"post-145750","1":"product","2":"type-product","3":"status-publish","4":"has-post-thumbnail","6":"product_cat-bestsellere","7":"product_cat-trimmer","8":"pa_brand-remington","9":"berocket_brand-remington","11":"first","12":"instock","13":"sale","14":"taxable","15":"shipping-taxable","16":"purchasable","17":"product-type-simple"},"_links":{"self":[{"href":"https:\/\/stylingagenten.com\/da\/wp-json\/wp\/v2\/product\/145750","targetHints":{"allow":["GET"]}}],"collection":[{"href":"https:\/\/stylingagenten.com\/da\/wp-json\/wp\/v2\/product"}],"about":[{"href":"https:\/\/stylingagenten.com\/da\/wp-json\/wp\/v2\/types\/product"}],"replies":[{"embeddable":true,"href":"https:\/\/stylingagenten.com\/da\/wp-json\/wp\/v2\/comments?post=145750"}],"version-history":[{"count":0,"href":"https:\/\/stylingagenten.com\/da\/wp-json\/wp\/v2\/product\/145750\/revisions"}],"wp:featuredmedia":[{"embeddable":true,"href":"https:\/\/stylingagenten.com\/da\/wp-json\/wp\/v2\/media\/145719"}],"wp:attachment":[{"href":"https:\/\/stylingagenten.com\/da\/wp-json\/wp\/v2\/media?parent=145750"}],"wp:term":[{"taxonomy":"product_brand","embeddable":true,"href":"https:\/\/stylingagenten.com\/da\/wp-json\/wp\/v2\/product_brand?post=145750"},{"taxonomy":"product_cat","embeddable":true,"href":"https:\/\/stylingagenten.com\/da\/wp-json\/wp\/v2\/product_cat?post=145750"},{"taxonomy":"product_tag","embeddable":true,"href":"https:\/\/stylingagenten.com\/da\/wp-json\/wp\/v2\/product_tag?post=145750"},{"taxonomy":"berocket_brand","embeddable":true,"href":"https:\/\/stylingagenten.com\/da\/wp-json\/wp\/v2\/berocket_brand?post=145750"}],"curies":[{"name":"wp","href":"https:\/\/api.w.org\/{rel}","templated":true}]}}