{"id":145736,"date":"2025-05-18T23:32:12","date_gmt":"2025-05-18T23:32:12","guid":{"rendered":"https:\/\/staging2.stylingagenten.com\/da\/produkt\/remington-quickcut-hairclipper\/"},"modified":"2026-02-12T18:36:31","modified_gmt":"2026-02-12T18:36:31","slug":"remington-quickcut-hairclipper","status":"publish","type":"product","link":"https:\/\/stylingagenten.com\/da\/produkt\/remington-quickcut-hairclipper\/","title":{"rendered":"Remington QuickCut Hairclipper"},"content":{"rendered":"<p>Remington QuickCut har et kompakt og ergonomisk design, der g\u00f8r det b\u00e5de hurtigt, behageligt og nemt at klippe selv.<\/p>\n<p>H\u00e5rklipperen har 9 forskellige l\u00e6ngdeindstillinger mellem 1,5-15 mm. Fuld opladning giver 40 minutters brugstid og har 10 minutters hurtigopladning, der giver dig al den str\u00f8m, du skal bruge til en trimning, men ogs\u00e5 fungerer med ledningen i. Praktisk opbevaringstaske medf\u00f8lger, hvor du kan opbevare dit produkt og alt tilbeh\u00f8r.<\/p>\n<p> \u2022Klinge, der d\u00e6kker 57 % mere *<br \/>\u2022CurveCut-klingeteknologi \u2013 for et j\u00e6vnere snit<br \/>\u2022Ergonomisk design for mere behagelig brug<br \/>\u2022Design, der nemt sk\u00e6rer bakkenbarter og hals<br \/>\u2022 Klinge i rustfrit st\u00e5l<br \/>\u2022Lithiumdrevet i op til 40 minutters brugstid<br \/>\u20224 timers fuld opladningstid<br \/>\u2022Tr\u00e5dl\u00f8s\/tr\u00e5dl\u00f8s<br \/>\u202210 min hurtigopladning<br \/>\u2022Vaskbar<br \/>\u20229 kamme<br \/>\u2022Opbevaringsetui<br \/> \u2022Reng\u00f8ringsb\u00f8rste<br \/>\u20223+1 \u00e5rs garanti (registrer dig inden for 28 dage efter k\u00f8bet her for at modtage 4 \u00e5rs garanti)<\/p>\n<p>*Sammenlignet med en standard Remington-klipper<\/p>\n","protected":false},"excerpt":{"rendered":"<p>Remington QuickCut har et kompakt og ergonomisk design, der g\u00f8r det b\u00e5de hurtigt, behageligt og nemt at klippe selv. H\u00e5rklipperen har 9 forskellige l\u00e6ngdeindstillinger mellem 1,5-15 mm. Fuld opladning giver 40 minutters brugstid og har 10 minutters hurtigopladning, der giver dig al den str\u00f8m, du skal bruge til en trimning, men ogs\u00e5 fungerer med ledningen [&hellip;]<\/p>\n","protected":false},"featured_media":145726,"comment_status":"open","ping_status":"closed","template":"","meta":{"_trash_the_other_posts":false},"product_brand":[],"product_cat":[604],"product_tag":[],"berocket_brand":[1272],"class_list":{"0":"post-145736","1":"product","2":"type-product","3":"status-publish","4":"has-post-thumbnail","6":"product_cat-trimmer","7":"pa_brand-remington","8":"berocket_brand-remington","10":"first","11":"instock","12":"sale","13":"taxable","14":"shipping-taxable","15":"purchasable","16":"product-type-simple"},"_links":{"self":[{"href":"https:\/\/stylingagenten.com\/da\/wp-json\/wp\/v2\/product\/145736","targetHints":{"allow":["GET"]}}],"collection":[{"href":"https:\/\/stylingagenten.com\/da\/wp-json\/wp\/v2\/product"}],"about":[{"href":"https:\/\/stylingagenten.com\/da\/wp-json\/wp\/v2\/types\/product"}],"replies":[{"embeddable":true,"href":"https:\/\/stylingagenten.com\/da\/wp-json\/wp\/v2\/comments?post=145736"}],"version-history":[{"count":0,"href":"https:\/\/stylingagenten.com\/da\/wp-json\/wp\/v2\/product\/145736\/revisions"}],"wp:featuredmedia":[{"embeddable":true,"href":"https:\/\/stylingagenten.com\/da\/wp-json\/wp\/v2\/media\/145726"}],"wp:attachment":[{"href":"https:\/\/stylingagenten.com\/da\/wp-json\/wp\/v2\/media?parent=145736"}],"wp:term":[{"taxonomy":"product_brand","embeddable":true,"href":"https:\/\/stylingagenten.com\/da\/wp-json\/wp\/v2\/product_brand?post=145736"},{"taxonomy":"product_cat","embeddable":true,"href":"https:\/\/stylingagenten.com\/da\/wp-json\/wp\/v2\/product_cat?post=145736"},{"taxonomy":"product_tag","embeddable":true,"href":"https:\/\/stylingagenten.com\/da\/wp-json\/wp\/v2\/product_tag?post=145736"},{"taxonomy":"berocket_brand","embeddable":true,"href":"https:\/\/stylingagenten.com\/da\/wp-json\/wp\/v2\/berocket_brand?post=145736"}],"curies":[{"name":"wp","href":"https:\/\/api.w.org\/{rel}","templated":true}]}}