{"id":145735,"date":"2025-05-18T23:32:12","date_gmt":"2025-05-18T23:32:12","guid":{"rendered":"https:\/\/staging2.stylingagenten.com\/da\/produkt\/remington-x3-power-x-series-hair-clipper\/"},"modified":"2026-03-11T22:00:23","modified_gmt":"2026-03-11T22:00:23","slug":"remington-x3-power-x-series-hair-clipper","status":"publish","type":"product","link":"https:\/\/stylingagenten.com\/da\/produkt\/remington-x3-power-x-series-hair-clipper\/","title":{"rendered":"Remington X3 Power-X Series Hair Clipper"},"content":{"rendered":"<p>Remington Power X Series X3 h\u00e5rklipperen HC3000 plejer dit h\u00e5r og giver dig et godt udseende takket v\u00e6re de justerbare kamme med 22 l\u00e6ngdeindstillinger og japanske knive i rustfrit st\u00e5l. Den opladede enhed giver 45 minutters brugstid, og LED-displayet informerer dig om den aktuelle batteristatus.<\/p>\n<p>Brugstid<br \/>Du f\u00e5r 45 minutters brugstid efter blot 1 times opladning<\/p>\n<p>Japanske selvslibende klinger<br \/>Klinger i japansk rustfrit st\u00e5l sikrer langtidsholdbar kvalitet og kraftfuld ydeevne. De sk\u00e6rper sig under trimningen.<\/p>\n<p>L\u00e6ngdeindstillinger<br \/>Du kan nemt v\u00e6lge den l\u00e6ngde du \u00f8nsker med det fleksible hjul og trimme fra 1 mm op til 35 mm, n\u00e5r du styler dit sk\u00e6g og h\u00e5r, takket v\u00e6re den justerbare kamme.<\/p>\n<p>Nem at reng\u00f8re<br \/>Rens din trimmer for langvarig ydeevne. H\u00e5rklipperen er nem at reng\u00f8re.<\/p>\n<p>LED-display<br \/>Med LED-displayet kan du nemt kontrollere opladningsprocessen.<\/p>\n","protected":false},"excerpt":{"rendered":"<p>Remington Power X Series X3 h\u00e5rklipperen HC3000 plejer dit h\u00e5r og giver dig et godt udseende takket v\u00e6re de justerbare kamme med 22 l\u00e6ngdeindstillinger og japanske knive i rustfrit st\u00e5l. Den opladede enhed giver 45 minutters brugstid, og LED-displayet informerer dig om den aktuelle batteristatus. BrugstidDu f\u00e5r 45 minutters brugstid efter blot 1 times opladning [&hellip;]<\/p>\n","protected":false},"featured_media":145715,"comment_status":"open","ping_status":"closed","template":"","meta":{"_trash_the_other_posts":false},"product_brand":[],"product_cat":[604],"product_tag":[],"berocket_brand":[1272],"class_list":{"0":"post-145735","1":"product","2":"type-product","3":"status-publish","4":"has-post-thumbnail","6":"product_cat-trimmer","7":"pa_brand-remington","8":"berocket_brand-remington","10":"first","11":"instock","12":"sale","13":"taxable","14":"shipping-taxable","15":"purchasable","16":"product-type-simple"},"_links":{"self":[{"href":"https:\/\/stylingagenten.com\/da\/wp-json\/wp\/v2\/product\/145735","targetHints":{"allow":["GET"]}}],"collection":[{"href":"https:\/\/stylingagenten.com\/da\/wp-json\/wp\/v2\/product"}],"about":[{"href":"https:\/\/stylingagenten.com\/da\/wp-json\/wp\/v2\/types\/product"}],"replies":[{"embeddable":true,"href":"https:\/\/stylingagenten.com\/da\/wp-json\/wp\/v2\/comments?post=145735"}],"version-history":[{"count":0,"href":"https:\/\/stylingagenten.com\/da\/wp-json\/wp\/v2\/product\/145735\/revisions"}],"wp:featuredmedia":[{"embeddable":true,"href":"https:\/\/stylingagenten.com\/da\/wp-json\/wp\/v2\/media\/145715"}],"wp:attachment":[{"href":"https:\/\/stylingagenten.com\/da\/wp-json\/wp\/v2\/media?parent=145735"}],"wp:term":[{"taxonomy":"product_brand","embeddable":true,"href":"https:\/\/stylingagenten.com\/da\/wp-json\/wp\/v2\/product_brand?post=145735"},{"taxonomy":"product_cat","embeddable":true,"href":"https:\/\/stylingagenten.com\/da\/wp-json\/wp\/v2\/product_cat?post=145735"},{"taxonomy":"product_tag","embeddable":true,"href":"https:\/\/stylingagenten.com\/da\/wp-json\/wp\/v2\/product_tag?post=145735"},{"taxonomy":"berocket_brand","embeddable":true,"href":"https:\/\/stylingagenten.com\/da\/wp-json\/wp\/v2\/berocket_brand?post=145735"}],"curies":[{"name":"wp","href":"https:\/\/api.w.org\/{rel}","templated":true}]}}