{"id":145725,"date":"2025-05-18T23:32:11","date_gmt":"2025-05-18T23:32:11","guid":{"rendered":"https:\/\/staging2.stylingagenten.com\/da\/produkt\/remington-x4-power-x-series-hair-clipper\/"},"modified":"2026-03-11T22:01:11","modified_gmt":"2026-03-11T22:01:11","slug":"remington-x4-power-x-series-hair-clipper","status":"publish","type":"product","link":"https:\/\/stylingagenten.com\/da\/produkt\/remington-x4-power-x-series-hair-clipper\/","title":{"rendered":"Remington X4 Power-X Series Hair Clipper"},"content":{"rendered":"<p>Power X Series X4 h\u00e5rklipperen med op til 60 minutters ledningsfri brugstid kommer med tre justerbare kamme, der giver dig mulighed for at v\u00e6lge mellem 33 forskellige l\u00e6ngder med 1 mm intervaller. Den selvslibende klinge i japansk rustfrit st\u00e5l giver dig et rent og skarpt klipperesultat og den kraftige motor giver dig 3x forbedret klippeydelse sammenlignet med en standard Remington-klipper.<\/p>\n","protected":false},"excerpt":{"rendered":"<p>Power X Series X4 h\u00e5rklipperen med op til 60 minutters ledningsfri brugstid kommer med tre justerbare kamme, der giver dig mulighed for at v\u00e6lge mellem 33 forskellige l\u00e6ngder med 1 mm intervaller. Den selvslibende klinge i japansk rustfrit st\u00e5l giver dig et rent og skarpt klipperesultat og den kraftige motor giver dig 3x forbedret klippeydelse [&hellip;]<\/p>\n","protected":false},"featured_media":145714,"comment_status":"open","ping_status":"closed","template":"","meta":{"_trash_the_other_posts":false},"product_brand":[],"product_cat":[604],"product_tag":[],"berocket_brand":[1272],"class_list":{"0":"post-145725","1":"product","2":"type-product","3":"status-publish","4":"has-post-thumbnail","6":"product_cat-trimmer","7":"pa_brand-remington","8":"berocket_brand-remington","10":"first","11":"instock","12":"sale","13":"taxable","14":"shipping-taxable","15":"purchasable","16":"product-type-simple"},"_links":{"self":[{"href":"https:\/\/stylingagenten.com\/da\/wp-json\/wp\/v2\/product\/145725","targetHints":{"allow":["GET"]}}],"collection":[{"href":"https:\/\/stylingagenten.com\/da\/wp-json\/wp\/v2\/product"}],"about":[{"href":"https:\/\/stylingagenten.com\/da\/wp-json\/wp\/v2\/types\/product"}],"replies":[{"embeddable":true,"href":"https:\/\/stylingagenten.com\/da\/wp-json\/wp\/v2\/comments?post=145725"}],"version-history":[{"count":0,"href":"https:\/\/stylingagenten.com\/da\/wp-json\/wp\/v2\/product\/145725\/revisions"}],"wp:featuredmedia":[{"embeddable":true,"href":"https:\/\/stylingagenten.com\/da\/wp-json\/wp\/v2\/media\/145714"}],"wp:attachment":[{"href":"https:\/\/stylingagenten.com\/da\/wp-json\/wp\/v2\/media?parent=145725"}],"wp:term":[{"taxonomy":"product_brand","embeddable":true,"href":"https:\/\/stylingagenten.com\/da\/wp-json\/wp\/v2\/product_brand?post=145725"},{"taxonomy":"product_cat","embeddable":true,"href":"https:\/\/stylingagenten.com\/da\/wp-json\/wp\/v2\/product_cat?post=145725"},{"taxonomy":"product_tag","embeddable":true,"href":"https:\/\/stylingagenten.com\/da\/wp-json\/wp\/v2\/product_tag?post=145725"},{"taxonomy":"berocket_brand","embeddable":true,"href":"https:\/\/stylingagenten.com\/da\/wp-json\/wp\/v2\/berocket_brand?post=145725"}],"curies":[{"name":"wp","href":"https:\/\/api.w.org\/{rel}","templated":true}]}}