{"id":145701,"date":"2025-05-18T23:32:07","date_gmt":"2025-05-18T23:32:07","guid":{"rendered":"https:\/\/staging2.stylingagenten.com\/da\/produkt\/remington-graphite-series-personal-groomer-g5\/"},"modified":"2026-04-06T16:08:43","modified_gmt":"2026-04-06T16:08:43","slug":"remington-graphite-series-personal-groomer-g5","status":"publish","type":"product","link":"https:\/\/stylingagenten.com\/da\/produkt\/remington-graphite-series-personal-groomer-g5\/","title":{"rendered":"Remington Graphite Series Personal Groomer G5"},"content":{"rendered":"<p>Remington Graphite Series Personal Groomer G5<br \/>Nu bringer vi dig det optimale plejeprodukt, style dig selv til perfektion med Graphite G5 og dens ni tilbeh\u00f8r. Nu kan du have barbermaskiner, sk\u00e6gtrimmere, h\u00e5rtrimmere, n\u00e6setrimmere, bakkenbartrimmere og mere med dig, uanset hvor du g\u00e5r i verden, alt nemt opbevaret i den medf\u00f8lgende premium opbevaringstaske. <br \/>Graphite G5 har en imponerende brugstid p\u00e5 90 minutter, hvilket giver dig masser af tid til at rette dit \u00f8nskede resultat fra top til t\u00e5. Graphite G5 er 100 % vandt\u00e6t, tag din plejerutine med i bruseren for ultimativ lethed og hastighed. Vandt\u00e6tte knive g\u00f8r, at din trimmer nemt kan reng\u00f8res, og du kan holde den i top stand mellem brug. De selvslibende og grafitbelagte knive giver dig maksimal glathed og g\u00f8r alle former for barbering til en behagelig oplevelse.<\/p>\n<p>Funktioner <br \/>\u2022Grafitbelagte klinger designet til ekstra komfort<br \/>\u2022Selvslibende klinger<br \/>\u2022Tr\u00e5dl\u00f8s<br \/>\u20224 timers opladning <br \/>\u202290 min. brugstid<br \/>\u2022100 % vandt\u00e6t<br \/>\u2022 2-trins LED-indikator<br \/>\u2022Opbevaringspose<br \/>\u20223 \u00e5rs garanti + 1 \u00e5r ved tilmelding online<br \/>\u2022TILBEH\u00d8R:<br \/>\u2022H\u00e5r- og sk\u00e6gtrimmer<br \/>\u2022Lodret dobbeltsidet n\u00e6setrimmer<br \/>\u2022TST Pr\u00e6cisionstrimmer <br \/>\u2022Minifolie barberhoved <br \/>\u2022Kropstrimmer med kam 0,5,3,6,9mm<br \/>\u2022Justerbar kam (2-20mm)<br \/>\u2022Faste kamme: 1,5 &amp; 3mm<\/p>\n","protected":false},"excerpt":{"rendered":"<p>Remington Graphite Series Personal Groomer G5Nu bringer vi dig det optimale plejeprodukt, style dig selv til perfektion med Graphite G5 og dens ni tilbeh\u00f8r. Nu kan du have barbermaskiner, sk\u00e6gtrimmere, h\u00e5rtrimmere, n\u00e6setrimmere, bakkenbartrimmere og mere med dig, uanset hvor du g\u00e5r i verden, alt nemt opbevaret i den medf\u00f8lgende premium opbevaringstaske. Graphite G5 har en [&hellip;]<\/p>\n","protected":false},"featured_media":145680,"comment_status":"open","ping_status":"closed","template":"","meta":{"_trash_the_other_posts":false},"product_brand":[],"product_cat":[687],"product_tag":[],"berocket_brand":[1272],"class_list":{"0":"post-145701","1":"product","2":"type-product","3":"status-publish","4":"has-post-thumbnail","6":"product_cat-skaegvaerktoej","7":"pa_brand-remington","8":"berocket_brand-remington","10":"first","11":"instock","12":"sale","13":"taxable","14":"shipping-taxable","15":"purchasable","16":"product-type-simple"},"_links":{"self":[{"href":"https:\/\/stylingagenten.com\/da\/wp-json\/wp\/v2\/product\/145701","targetHints":{"allow":["GET"]}}],"collection":[{"href":"https:\/\/stylingagenten.com\/da\/wp-json\/wp\/v2\/product"}],"about":[{"href":"https:\/\/stylingagenten.com\/da\/wp-json\/wp\/v2\/types\/product"}],"replies":[{"embeddable":true,"href":"https:\/\/stylingagenten.com\/da\/wp-json\/wp\/v2\/comments?post=145701"}],"version-history":[{"count":0,"href":"https:\/\/stylingagenten.com\/da\/wp-json\/wp\/v2\/product\/145701\/revisions"}],"wp:featuredmedia":[{"embeddable":true,"href":"https:\/\/stylingagenten.com\/da\/wp-json\/wp\/v2\/media\/145680"}],"wp:attachment":[{"href":"https:\/\/stylingagenten.com\/da\/wp-json\/wp\/v2\/media?parent=145701"}],"wp:term":[{"taxonomy":"product_brand","embeddable":true,"href":"https:\/\/stylingagenten.com\/da\/wp-json\/wp\/v2\/product_brand?post=145701"},{"taxonomy":"product_cat","embeddable":true,"href":"https:\/\/stylingagenten.com\/da\/wp-json\/wp\/v2\/product_cat?post=145701"},{"taxonomy":"product_tag","embeddable":true,"href":"https:\/\/stylingagenten.com\/da\/wp-json\/wp\/v2\/product_tag?post=145701"},{"taxonomy":"berocket_brand","embeddable":true,"href":"https:\/\/stylingagenten.com\/da\/wp-json\/wp\/v2\/berocket_brand?post=145701"}],"curies":[{"name":"wp","href":"https:\/\/api.w.org\/{rel}","templated":true}]}}