{"id":145668,"date":"2025-05-18T23:32:03","date_gmt":"2025-05-18T23:32:03","guid":{"rendered":"https:\/\/staging2.stylingagenten.com\/da\/produkt\/remington-style-series-beard-trimmer-b3\/"},"modified":"2026-03-25T10:38:30","modified_gmt":"2026-03-25T10:38:30","slug":"remington-style-series-beard-trimmer-b3","status":"publish","type":"product","link":"https:\/\/stylingagenten.com\/da\/produkt\/remington-style-series-beard-trimmer-b3\/","title":{"rendered":"Remington Style Series Beard Trimmer B3"},"content":{"rendered":"<p>MB3000: STYLE SERIES B3 SK\u00c6GTRIMMER<\/p>\n<p>Style Series B3 sk\u00e6gtrimmeren har selvslibende knive og er designet til at f\u00f8les glat mod huden. Med 17 l\u00e6ngdeindstillinger kan du justere din l\u00e6ngde fra 0,4 mm op til 18 mm. L\u00e6ngderne er som f\u00f8lger, Uden kam: 0,4 mm, 10 trin med 0,5 mm intervaller op til 5 mm, 1 trin med 1 mm mellem 5-6 mm og 6 trin med 2 mm intervaller fra 6-18 mm.<\/p>\n<p>Aftagelig og vaskbar klinge for nem reng\u00f8ring og vedligeholdelse. Sk\u00e6gtrimmeren er batteridrevet (2 x AAA-batterier inkluderet)<\/p>\n<p>Produktinfo:<br \/>\u2022Selvslibende klinge<br \/>\u2022Komfortknive<br \/>\u20221 x justerbar kam<br \/>\u2022Triml\u00e6ngder (0,4 mm &#8211; 18 mm )<br \/>\u20220,5 trin op til 5 mm<br \/>\u20222 mm trin fra 6-18 mm<br \/>\u2022Tr\u00e5dl\u00f8s<br \/>\u2022Batteridrift inkluderer 2x AAA-batterier<br \/>\u2022Vaskbart hoved<br \/>\u2022 Zoomhjul til l\u00e6ngdejustering<br \/>\u20222 \u00e5rs garanti + 1<\/p>\n","protected":false},"excerpt":{"rendered":"<p>MB3000: STYLE SERIES B3 SK\u00c6GTRIMMER Style Series B3 sk\u00e6gtrimmeren har selvslibende knive og er designet til at f\u00f8les glat mod huden. Med 17 l\u00e6ngdeindstillinger kan du justere din l\u00e6ngde fra 0,4 mm op til 18 mm. L\u00e6ngderne er som f\u00f8lger, Uden kam: 0,4 mm, 10 trin med 0,5 mm intervaller op til 5 mm, 1 [&hellip;]<\/p>\n","protected":false},"featured_media":145649,"comment_status":"open","ping_status":"closed","template":"","meta":{"_trash_the_other_posts":false},"product_brand":[],"product_cat":[604],"product_tag":[],"berocket_brand":[1272],"class_list":{"0":"post-145668","1":"product","2":"type-product","3":"status-publish","4":"has-post-thumbnail","6":"product_cat-trimmer","7":"pa_brand-remington","8":"berocket_brand-remington","10":"first","11":"outofstock","12":"sale","13":"taxable","14":"shipping-taxable","15":"purchasable","16":"product-type-simple"},"_links":{"self":[{"href":"https:\/\/stylingagenten.com\/da\/wp-json\/wp\/v2\/product\/145668","targetHints":{"allow":["GET"]}}],"collection":[{"href":"https:\/\/stylingagenten.com\/da\/wp-json\/wp\/v2\/product"}],"about":[{"href":"https:\/\/stylingagenten.com\/da\/wp-json\/wp\/v2\/types\/product"}],"replies":[{"embeddable":true,"href":"https:\/\/stylingagenten.com\/da\/wp-json\/wp\/v2\/comments?post=145668"}],"version-history":[{"count":0,"href":"https:\/\/stylingagenten.com\/da\/wp-json\/wp\/v2\/product\/145668\/revisions"}],"wp:featuredmedia":[{"embeddable":true,"href":"https:\/\/stylingagenten.com\/da\/wp-json\/wp\/v2\/media\/145649"}],"wp:attachment":[{"href":"https:\/\/stylingagenten.com\/da\/wp-json\/wp\/v2\/media?parent=145668"}],"wp:term":[{"taxonomy":"product_brand","embeddable":true,"href":"https:\/\/stylingagenten.com\/da\/wp-json\/wp\/v2\/product_brand?post=145668"},{"taxonomy":"product_cat","embeddable":true,"href":"https:\/\/stylingagenten.com\/da\/wp-json\/wp\/v2\/product_cat?post=145668"},{"taxonomy":"product_tag","embeddable":true,"href":"https:\/\/stylingagenten.com\/da\/wp-json\/wp\/v2\/product_tag?post=145668"},{"taxonomy":"berocket_brand","embeddable":true,"href":"https:\/\/stylingagenten.com\/da\/wp-json\/wp\/v2\/berocket_brand?post=145668"}],"curies":[{"name":"wp","href":"https:\/\/api.w.org\/{rel}","templated":true}]}}