{"id":145644,"date":"2025-05-18T23:32:01","date_gmt":"2025-05-18T23:32:01","guid":{"rendered":"https:\/\/staging2.stylingagenten.com\/da\/produkt\/remington-ultimate-series-rx5-head-shaver\/"},"modified":"2026-03-31T12:27:36","modified_gmt":"2026-03-31T12:27:36","slug":"remington-ultimate-series-rx5-head-shaver","status":"publish","type":"product","link":"https:\/\/stylingagenten.com\/da\/produkt\/remington-ultimate-series-rx5-head-shaver\/","title":{"rendered":"Remington Ultimate Series RX5 Head Shaver"},"content":{"rendered":"<p>Remington Ultimate Series RX5 Head Shaver<br \/>Ultimate Series RX5 Head Shaver giver en hudn\u00e6r sk\u00e6reydelse p\u00e5 0,2 mm. En fuld opladning p\u00e5 50 minutter giver dig en m\u00e5neds brug, hvis du barberer dig hver anden dag i 3 minutter.<br \/>Det er b\u00e5de hurtigt og nemt at barbere dit hoved takket v\u00e6re de 5 sk\u00e6rehoveder p\u00e5 RX5-barbermaskinen i Ultimate-serien. Du d\u00e6kker et 60 % st\u00f8rre omr\u00e5de sammenlignet med en traditionel barbermaskine med 3 sk\u00e6rehoveder, hvilket giver dig en hurtigere barberingsoplevelse. Du kan bruge den i b\u00e5de cirkul\u00e6re og line\u00e6re bev\u00e6gelser og med de fleksible fr\u00e6sere og det fleksible hoved tilpasser enheden sig til hovedets konturer. Og med pop-up trimmeren kan du nemt trimme eller forme dit h\u00e5r.<\/p>\n<p>Ultimate Series RX5 shaver er 100 % vandt\u00e6t, hvilket g\u00f8r den ideel til b\u00e5de v\u00e5d og t\u00f8r brug og kan bruges med b\u00e5de barbergel og skum . Du kan ogs\u00e5 fjerne knivene fra enheden for lettere reng\u00f8ring.<\/p>\n<p>50 min brugstid giver mange barberinger mellem opladningerne og LED-indikatoren viser nemt hvor meget str\u00f8m der er tilbage i batteriet og en fuld opladning tager kun 2 timer. Den leveres ogs\u00e5 med en opbevaringstaske.<\/p>\n<p>Funktioner:<br \/>\u20225 sk\u00e6rehoveder, der barberer hele dit hoved p\u00e5 mindre end to minutter *<br \/>\u202260 % mere d\u00e6kning **<br \/>\u2022T\u00e6t p\u00e5 hudresultater p\u00e5 0,2 mm<br \/>\u2022Nem at reng\u00f8re<br \/>\u2022Op til 50 minutters brugstid fra 2-timers opladning<br \/>\u2022100 % vandt\u00e6t<br \/>\u2022Fleksibel sk\u00e6rer og hoved<br \/>\u2022Pop -Up detail trimmer<br \/>\u20222-trins LED-indikator<br \/>\u2022Opbevaringstaske<\/p>\n","protected":false},"excerpt":{"rendered":"<p>Remington Ultimate Series RX5 Head ShaverUltimate Series RX5 Head Shaver giver en hudn\u00e6r sk\u00e6reydelse p\u00e5 0,2 mm. En fuld opladning p\u00e5 50 minutter giver dig en m\u00e5neds brug, hvis du barberer dig hver anden dag i 3 minutter.Det er b\u00e5de hurtigt og nemt at barbere dit hoved takket v\u00e6re de 5 sk\u00e6rehoveder p\u00e5 RX5-barbermaskinen i [&hellip;]<\/p>\n","protected":false},"featured_media":145638,"comment_status":"open","ping_status":"closed","template":"","meta":{"_trash_the_other_posts":false},"product_brand":[],"product_cat":[687],"product_tag":[],"berocket_brand":[1272],"class_list":{"0":"post-145644","1":"product","2":"type-product","3":"status-publish","4":"has-post-thumbnail","6":"product_cat-skaegvaerktoej","7":"pa_brand-remington","8":"berocket_brand-remington","10":"first","11":"instock","12":"sale","13":"taxable","14":"shipping-taxable","15":"purchasable","16":"product-type-simple"},"_links":{"self":[{"href":"https:\/\/stylingagenten.com\/da\/wp-json\/wp\/v2\/product\/145644","targetHints":{"allow":["GET"]}}],"collection":[{"href":"https:\/\/stylingagenten.com\/da\/wp-json\/wp\/v2\/product"}],"about":[{"href":"https:\/\/stylingagenten.com\/da\/wp-json\/wp\/v2\/types\/product"}],"replies":[{"embeddable":true,"href":"https:\/\/stylingagenten.com\/da\/wp-json\/wp\/v2\/comments?post=145644"}],"version-history":[{"count":0,"href":"https:\/\/stylingagenten.com\/da\/wp-json\/wp\/v2\/product\/145644\/revisions"}],"wp:featuredmedia":[{"embeddable":true,"href":"https:\/\/stylingagenten.com\/da\/wp-json\/wp\/v2\/media\/145638"}],"wp:attachment":[{"href":"https:\/\/stylingagenten.com\/da\/wp-json\/wp\/v2\/media?parent=145644"}],"wp:term":[{"taxonomy":"product_brand","embeddable":true,"href":"https:\/\/stylingagenten.com\/da\/wp-json\/wp\/v2\/product_brand?post=145644"},{"taxonomy":"product_cat","embeddable":true,"href":"https:\/\/stylingagenten.com\/da\/wp-json\/wp\/v2\/product_cat?post=145644"},{"taxonomy":"product_tag","embeddable":true,"href":"https:\/\/stylingagenten.com\/da\/wp-json\/wp\/v2\/product_tag?post=145644"},{"taxonomy":"berocket_brand","embeddable":true,"href":"https:\/\/stylingagenten.com\/da\/wp-json\/wp\/v2\/berocket_brand?post=145644"}],"curies":[{"name":"wp","href":"https:\/\/api.w.org\/{rel}","templated":true}]}}