{"id":145639,"date":"2025-05-18T23:31:59","date_gmt":"2025-05-18T23:31:59","guid":{"rendered":"https:\/\/staging2.stylingagenten.com\/da\/produkt\/remington-delicates-body-hair-trimmer\/"},"modified":"2026-04-08T19:58:46","modified_gmt":"2026-04-08T19:58:46","slug":"remington-delicates-body-hair-trimmer","status":"publish","type":"product","link":"https:\/\/stylingagenten.com\/da\/produkt\/remington-delicates-body-hair-trimmer\/","title":{"rendered":"Remington Delicates &amp; Body Hair Trimmer"},"content":{"rendered":"<p>Remington Delicates &amp; Body Hair Trimmer<br \/>Remington Delicates &amp; Body Hair Trimmer er specielt designet til m\u00e6nd, der \u00f8nsker en kompakt intim l\u00f8sning til kropsh\u00e5r p\u00e5 en ubesv\u00e6ret m\u00e5de.<br \/>Trimmeren tilbyder alsidighed og kontrol med tre forskellige kaml\u00e6ngder &#8211; 2 mm , 4 mm og 6 mm, og g\u00f8r trimning af dit kropsh\u00e5r endnu nemmere. <br \/>Den slanke brusesikre finish og vaskbare port garanterer fuld kontrol over hygiejnen. Derudover har du lithium-drevne batterier med en tr\u00e5dl\u00f8s brugstid p\u00e5 60 minutter, hvilket giver dig al den tid, du har brug for til at f\u00e5 kontrol over dit kropsbeh\u00e5ring.<\/p>\n<p>Funktioner:<br \/>\u20223 kamme (2, 4,6 mm)<br \/>\u2022TST klinge: trimmer ned til 0,2 mm \u2013 giver et barberet udseende uden irritation<br \/>\u2022Komfortabel spids rundt om bladet \u2013 forhindrer hak og snit i huden<br \/>\u2022Kompakt, let design giver god h\u00e5ndtering<br \/>\u2022Klinge af rustfrit st\u00e5l<br \/>\u2022Sikker bruser sikrer v\u00e5d og t\u00f8r brug<br \/>\u2022Lithiumkraft &#8211; 60 minutters driftstid<br \/>\u2022Vaskbar port g\u00f8r reng\u00f8ring nem<br \/>\u20224 timers opladning<br \/> \u2022Tr\u00e5dl\u00f8s<br \/>\u2022H\u00e6ngesl\u00f8jfe<br \/> \u20223 \u00e5rs garanti<\/p>\n","protected":false},"excerpt":{"rendered":"<p>Remington Delicates &amp; Body Hair TrimmerRemington Delicates &amp; Body Hair Trimmer er specielt designet til m\u00e6nd, der \u00f8nsker en kompakt intim l\u00f8sning til kropsh\u00e5r p\u00e5 en ubesv\u00e6ret m\u00e5de.Trimmeren tilbyder alsidighed og kontrol med tre forskellige kaml\u00e6ngder &#8211; 2 mm , 4 mm og 6 mm, og g\u00f8r trimning af dit kropsh\u00e5r endnu nemmere. Den slanke [&hellip;]<\/p>\n","protected":false},"featured_media":145622,"comment_status":"open","ping_status":"closed","template":"","meta":{"_trash_the_other_posts":false},"product_brand":[],"product_cat":[687],"product_tag":[],"berocket_brand":[1272],"class_list":{"0":"post-145639","1":"product","2":"type-product","3":"status-publish","4":"has-post-thumbnail","6":"product_cat-skaegvaerktoej","7":"pa_brand-remington","8":"berocket_brand-remington","10":"first","11":"instock","12":"sale","13":"taxable","14":"shipping-taxable","15":"purchasable","16":"product-type-simple"},"_links":{"self":[{"href":"https:\/\/stylingagenten.com\/da\/wp-json\/wp\/v2\/product\/145639","targetHints":{"allow":["GET"]}}],"collection":[{"href":"https:\/\/stylingagenten.com\/da\/wp-json\/wp\/v2\/product"}],"about":[{"href":"https:\/\/stylingagenten.com\/da\/wp-json\/wp\/v2\/types\/product"}],"replies":[{"embeddable":true,"href":"https:\/\/stylingagenten.com\/da\/wp-json\/wp\/v2\/comments?post=145639"}],"version-history":[{"count":0,"href":"https:\/\/stylingagenten.com\/da\/wp-json\/wp\/v2\/product\/145639\/revisions"}],"wp:featuredmedia":[{"embeddable":true,"href":"https:\/\/stylingagenten.com\/da\/wp-json\/wp\/v2\/media\/145622"}],"wp:attachment":[{"href":"https:\/\/stylingagenten.com\/da\/wp-json\/wp\/v2\/media?parent=145639"}],"wp:term":[{"taxonomy":"product_brand","embeddable":true,"href":"https:\/\/stylingagenten.com\/da\/wp-json\/wp\/v2\/product_brand?post=145639"},{"taxonomy":"product_cat","embeddable":true,"href":"https:\/\/stylingagenten.com\/da\/wp-json\/wp\/v2\/product_cat?post=145639"},{"taxonomy":"product_tag","embeddable":true,"href":"https:\/\/stylingagenten.com\/da\/wp-json\/wp\/v2\/product_tag?post=145639"},{"taxonomy":"berocket_brand","embeddable":true,"href":"https:\/\/stylingagenten.com\/da\/wp-json\/wp\/v2\/berocket_brand?post=145639"}],"curies":[{"name":"wp","href":"https:\/\/api.w.org\/{rel}","templated":true}]}}