{"id":145613,"date":"2025-05-18T23:31:56","date_gmt":"2025-05-18T23:31:56","guid":{"rendered":"https:\/\/staging2.stylingagenten.com\/da\/produkt\/remington-rx7-ultimate-series-head-shaver\/"},"modified":"2026-03-20T14:01:33","modified_gmt":"2026-03-20T14:01:33","slug":"remington-rx7-ultimate-series-head-shaver","status":"publish","type":"product","link":"https:\/\/stylingagenten.com\/da\/produkt\/remington-rx7-ultimate-series-head-shaver\/","title":{"rendered":"Remington RX7 Ultimate Series Head Shaver"},"content":{"rendered":"<p>Remington RX7 Ultimate Series Head Shaver <\/p>\n<p> Ultimate Series RX7 giver en hudn\u00e6r sk\u00e6reydelse p\u00e5 0,2 mm og er perfekt til dem, der \u00f8nsker et barberet hoved. En opladning p\u00e5 hele 60 minutter vil give dig en m\u00e5neds brug, hvis du barberer dig i 3 minutter hver anden dag. <\/p>\n<p>Barbering af hovedet er b\u00e5de hurtigt og nemt takket v\u00e6re de 5 sk\u00e6rehoveder. Du d\u00e6kker et 60 % st\u00f8rre omr\u00e5de sammenlignet med en traditionel barbermaskine med 3 sk\u00e6rehoveder, hvilket giver dig en hurtigere barberingsoplevelse. Du kan bruge den i b\u00e5de cirkul\u00e6re og line\u00e6re bev\u00e6gelser og med de fleksible fr\u00e6sere og det fleksible hoved tilpasser enheden sig til hovedets konturer. Og med pop-up trimmeren kan du nemt trimme eller forme skarpe linjer. <\/p>\n<p>Ultimate Series RX7 shaver er 100 % vandt\u00e6t, hvilket g\u00f8r den ideel til b\u00e5de v\u00e5d og t\u00f8r brug og kan bruges med b\u00e5de barbergel og skum. Du kan ogs\u00e5 fjerne sk\u00e6rehovedet fra enheden for lettere reng\u00f8ring. <\/p>\n<p>LED-indikatoren viser simpelthen, hvor meget str\u00f8m der er tilbage i batteriet, og en fuld opladning tager kun 4 timer. H\u00e5rklipperen er desuden udstyret med Turbo Speed \u200b\u200b\u200b\u200bFunction, som du selv aktiverer med et tryk p\u00e5 en knap, og som giver dig ekstra kraft til at h\u00e5ndtere t\u00e6ttere h\u00e5rv\u00e6kst og tykkere h\u00e5rstr\u00e5. Den leveres ogs\u00e5 med en toilettaske, som du kan opbevare din klipper i efter brug.<\/p>\n<p>Produktegenskaber: <\/p>\n<p>\u20225 sk\u00e6rehoveder, der barberer hele dit hoved p\u00e5 mindre end to minutter *<br \/> \u202260 % mere d\u00e6kning ** <br \/>\u2022Hudt\u00e6tte resultater p\u00e5 0,2 mm<br \/>\u2022Turbofunktion<br \/>\u2022Nem at reng\u00f8re<br \/>\u2022Op til 60 minutters brugstid fra 4 timers opladning<br \/> \u2022100 % vandt\u00e6t<br \/>\u2022Fleksible klinger og hoved<br \/>\u2022Pop-Up trimmer<br \/>\u2022LED-indikator<br \/>\u2022USB-opladning<br \/>\u2022Opbevaringspose<br \/>\u20222 \u00e5rs + 1 \u00e5rs garanti, n\u00e5r du registrer dit produkt online inden for 28 dage ***<\/p>\n","protected":false},"excerpt":{"rendered":"<p>Remington RX7 Ultimate Series Head Shaver Ultimate Series RX7 giver en hudn\u00e6r sk\u00e6reydelse p\u00e5 0,2 mm og er perfekt til dem, der \u00f8nsker et barberet hoved. En opladning p\u00e5 hele 60 minutter vil give dig en m\u00e5neds brug, hvis du barberer dig i 3 minutter hver anden dag. Barbering af hovedet er b\u00e5de hurtigt og [&hellip;]<\/p>\n","protected":false},"featured_media":145608,"comment_status":"open","ping_status":"closed","template":"","meta":{"_trash_the_other_posts":false},"product_brand":[],"product_cat":[1003,687],"product_tag":[],"berocket_brand":[1272],"class_list":{"0":"post-145613","1":"product","2":"type-product","3":"status-publish","4":"has-post-thumbnail","6":"product_cat-bestsellere","7":"product_cat-skaegvaerktoej","8":"pa_brand-remington","9":"berocket_brand-remington","11":"first","12":"instock","13":"sale","14":"taxable","15":"shipping-taxable","16":"purchasable","17":"product-type-simple"},"_links":{"self":[{"href":"https:\/\/stylingagenten.com\/da\/wp-json\/wp\/v2\/product\/145613","targetHints":{"allow":["GET"]}}],"collection":[{"href":"https:\/\/stylingagenten.com\/da\/wp-json\/wp\/v2\/product"}],"about":[{"href":"https:\/\/stylingagenten.com\/da\/wp-json\/wp\/v2\/types\/product"}],"replies":[{"embeddable":true,"href":"https:\/\/stylingagenten.com\/da\/wp-json\/wp\/v2\/comments?post=145613"}],"version-history":[{"count":0,"href":"https:\/\/stylingagenten.com\/da\/wp-json\/wp\/v2\/product\/145613\/revisions"}],"wp:featuredmedia":[{"embeddable":true,"href":"https:\/\/stylingagenten.com\/da\/wp-json\/wp\/v2\/media\/145608"}],"wp:attachment":[{"href":"https:\/\/stylingagenten.com\/da\/wp-json\/wp\/v2\/media?parent=145613"}],"wp:term":[{"taxonomy":"product_brand","embeddable":true,"href":"https:\/\/stylingagenten.com\/da\/wp-json\/wp\/v2\/product_brand?post=145613"},{"taxonomy":"product_cat","embeddable":true,"href":"https:\/\/stylingagenten.com\/da\/wp-json\/wp\/v2\/product_cat?post=145613"},{"taxonomy":"product_tag","embeddable":true,"href":"https:\/\/stylingagenten.com\/da\/wp-json\/wp\/v2\/product_tag?post=145613"},{"taxonomy":"berocket_brand","embeddable":true,"href":"https:\/\/stylingagenten.com\/da\/wp-json\/wp\/v2\/berocket_brand?post=145613"}],"curies":[{"name":"wp","href":"https:\/\/api.w.org\/{rel}","templated":true}]}}