{"id":145569,"date":"2025-05-18T23:31:46","date_gmt":"2025-05-18T23:31:46","guid":{"rendered":"https:\/\/staging2.stylingagenten.com\/da\/produkt\/batiste-dry-shampoo-brilliant-blonde-200ml\/"},"modified":"2026-03-11T21:42:29","modified_gmt":"2026-03-11T21:42:29","slug":"batiste-dry-shampoo-brilliant-blonde-200ml","status":"publish","type":"product","link":"https:\/\/stylingagenten.com\/da\/produkt\/batiste-dry-shampoo-brilliant-blonde-200ml\/","title":{"rendered":"Batiste Dry Shampoo Light &amp; Blonde 200ml"},"content":{"rendered":"<p>Batiste t\u00f8rshampoo er det perfekte produkt, der straks renser og opfrisker dit h\u00e5r mellem hver vask. Batiste t\u00f8rshampoo f\u00e5s i flere forskellige varianter, er nem at p\u00e5f\u00f8re og giver dit h\u00e5r et &#8220;nyvasket&#8221; look. udseende.<\/p>\n","protected":false},"excerpt":{"rendered":"<p>Batiste t\u00f8rshampoo er det perfekte produkt, der straks renser og opfrisker dit h\u00e5r mellem hver vask. Batiste t\u00f8rshampoo f\u00e5s i flere forskellige varianter, er nem at p\u00e5f\u00f8re og giver dit h\u00e5r et &#8220;nyvasket&#8221; look. udseende.<\/p>\n","protected":false},"featured_media":145566,"comment_status":"open","ping_status":"closed","template":"","meta":{"_trash_the_other_posts":false},"product_brand":[],"product_cat":[575],"product_tag":[],"berocket_brand":[1136],"class_list":{"0":"post-145569","1":"product","2":"type-product","3":"status-publish","4":"has-post-thumbnail","6":"product_cat-toer-shampoo","7":"pa_brand-batiste","8":"berocket_brand-batiste","10":"first","11":"instock","12":"sale","13":"taxable","14":"shipping-taxable","15":"purchasable","16":"product-type-simple"},"_links":{"self":[{"href":"https:\/\/stylingagenten.com\/da\/wp-json\/wp\/v2\/product\/145569","targetHints":{"allow":["GET"]}}],"collection":[{"href":"https:\/\/stylingagenten.com\/da\/wp-json\/wp\/v2\/product"}],"about":[{"href":"https:\/\/stylingagenten.com\/da\/wp-json\/wp\/v2\/types\/product"}],"replies":[{"embeddable":true,"href":"https:\/\/stylingagenten.com\/da\/wp-json\/wp\/v2\/comments?post=145569"}],"version-history":[{"count":0,"href":"https:\/\/stylingagenten.com\/da\/wp-json\/wp\/v2\/product\/145569\/revisions"}],"wp:featuredmedia":[{"embeddable":true,"href":"https:\/\/stylingagenten.com\/da\/wp-json\/wp\/v2\/media\/145566"}],"wp:attachment":[{"href":"https:\/\/stylingagenten.com\/da\/wp-json\/wp\/v2\/media?parent=145569"}],"wp:term":[{"taxonomy":"product_brand","embeddable":true,"href":"https:\/\/stylingagenten.com\/da\/wp-json\/wp\/v2\/product_brand?post=145569"},{"taxonomy":"product_cat","embeddable":true,"href":"https:\/\/stylingagenten.com\/da\/wp-json\/wp\/v2\/product_cat?post=145569"},{"taxonomy":"product_tag","embeddable":true,"href":"https:\/\/stylingagenten.com\/da\/wp-json\/wp\/v2\/product_tag?post=145569"},{"taxonomy":"berocket_brand","embeddable":true,"href":"https:\/\/stylingagenten.com\/da\/wp-json\/wp\/v2\/berocket_brand?post=145569"}],"curies":[{"name":"wp","href":"https:\/\/api.w.org\/{rel}","templated":true}]}}