{"id":145554,"date":"2025-05-18T23:31:43","date_gmt":"2025-05-18T23:31:43","guid":{"rendered":"https:\/\/staging2.stylingagenten.com\/da\/produkt\/wella-eimi-dry-me-dry-shampoo-180ml\/"},"modified":"2026-04-01T13:57:38","modified_gmt":"2026-04-01T13:57:38","slug":"wella-eimi-dry-me-dry-shampoo-180ml","status":"publish","type":"product","link":"https:\/\/stylingagenten.com\/da\/produkt\/wella-eimi-dry-me-dry-shampoo-180ml\/","title":{"rendered":"Wella EIMI Dry Me Dry Shampoo 180ml"},"content":{"rendered":"<p>Opret volumen og f&aring; F\u00f8lelsen af \u200b\u200bnyvasket h\u00e5r kommer med Wella EIMI Dry Me Dry Shampoo. <br \/>Denne t\u00f8rshampoo indeholder tapioca-ricinusekstrakt, som absorberer overskydende olier i h\u00e5ret, mens den efterlader h\u00e5ret tykkere, lettere og renere.<\/p>\n","protected":false},"excerpt":{"rendered":"<p>Opret volumen og f&aring; F\u00f8lelsen af \u200b\u200bnyvasket h\u00e5r kommer med Wella EIMI Dry Me Dry Shampoo. Denne t\u00f8rshampoo indeholder tapioca-ricinusekstrakt, som absorberer overskydende olier i h\u00e5ret, mens den efterlader h\u00e5ret tykkere, lettere og renere.<\/p>\n","protected":false},"featured_media":145550,"comment_status":"open","ping_status":"closed","template":"","meta":{"_trash_the_other_posts":false},"product_brand":[],"product_cat":[575],"product_tag":[],"berocket_brand":[1030],"class_list":{"0":"post-145554","1":"product","2":"type-product","3":"status-publish","4":"has-post-thumbnail","6":"product_cat-toer-shampoo","7":"pa_brand-wella","8":"berocket_brand-wella","10":"first","11":"instock","12":"sale","13":"taxable","14":"shipping-taxable","15":"purchasable","16":"product-type-simple"},"_links":{"self":[{"href":"https:\/\/stylingagenten.com\/da\/wp-json\/wp\/v2\/product\/145554","targetHints":{"allow":["GET"]}}],"collection":[{"href":"https:\/\/stylingagenten.com\/da\/wp-json\/wp\/v2\/product"}],"about":[{"href":"https:\/\/stylingagenten.com\/da\/wp-json\/wp\/v2\/types\/product"}],"replies":[{"embeddable":true,"href":"https:\/\/stylingagenten.com\/da\/wp-json\/wp\/v2\/comments?post=145554"}],"version-history":[{"count":0,"href":"https:\/\/stylingagenten.com\/da\/wp-json\/wp\/v2\/product\/145554\/revisions"}],"wp:featuredmedia":[{"embeddable":true,"href":"https:\/\/stylingagenten.com\/da\/wp-json\/wp\/v2\/media\/145550"}],"wp:attachment":[{"href":"https:\/\/stylingagenten.com\/da\/wp-json\/wp\/v2\/media?parent=145554"}],"wp:term":[{"taxonomy":"product_brand","embeddable":true,"href":"https:\/\/stylingagenten.com\/da\/wp-json\/wp\/v2\/product_brand?post=145554"},{"taxonomy":"product_cat","embeddable":true,"href":"https:\/\/stylingagenten.com\/da\/wp-json\/wp\/v2\/product_cat?post=145554"},{"taxonomy":"product_tag","embeddable":true,"href":"https:\/\/stylingagenten.com\/da\/wp-json\/wp\/v2\/product_tag?post=145554"},{"taxonomy":"berocket_brand","embeddable":true,"href":"https:\/\/stylingagenten.com\/da\/wp-json\/wp\/v2\/berocket_brand?post=145554"}],"curies":[{"name":"wp","href":"https:\/\/api.w.org\/{rel}","templated":true}]}}