{"id":145540,"date":"2025-05-18T23:31:40","date_gmt":"2025-05-18T23:31:40","guid":{"rendered":"https:\/\/staging2.stylingagenten.com\/da\/produkt\/batiste-bare-dry-shampoo-200ml\/"},"modified":"2026-04-14T07:09:32","modified_gmt":"2026-04-14T07:09:32","slug":"batiste-bare-dry-shampoo-200ml","status":"publish","type":"product","link":"https:\/\/stylingagenten.com\/da\/produkt\/batiste-bare-dry-shampoo-200ml\/","title":{"rendered":"Batiste Bare Dry Shampoo 200ml"},"content":{"rendered":"<p>Batiste t\u00f8rshampoo er det perfekte produkt, der \u00f8jeblikkeligt renser og opfrisker dit h\u00e5r mellem hver vask. Batiste t\u00f8rshampoo findes i flere forskellige varianter og er nem at p\u00e5f\u00f8re.<\/p>\n<p>Har bare en lettere og afd\u00e6mpet duft, der ikke konkurrerer med din yndlingsparfume. Blide blomster, et st\u00e6nk af citrus, gr\u00f8nne blade og et strejf af vanilje.<\/p>\n<p><\/p>\n","protected":false},"excerpt":{"rendered":"<p>Batiste t\u00f8rshampoo er det perfekte produkt, der \u00f8jeblikkeligt renser og opfrisker dit h\u00e5r mellem hver vask. Batiste t\u00f8rshampoo findes i flere forskellige varianter og er nem at p\u00e5f\u00f8re. Har bare en lettere og afd\u00e6mpet duft, der ikke konkurrerer med din yndlingsparfume. Blide blomster, et st\u00e6nk af citrus, gr\u00f8nne blade og et strejf af vanilje.<\/p>\n","protected":false},"featured_media":145539,"comment_status":"open","ping_status":"closed","template":"","meta":{"_trash_the_other_posts":false},"product_brand":[],"product_cat":[575],"product_tag":[],"berocket_brand":[1136],"class_list":{"0":"post-145540","1":"product","2":"type-product","3":"status-publish","4":"has-post-thumbnail","6":"product_cat-toer-shampoo","7":"pa_brand-batiste","8":"berocket_brand-batiste","10":"first","11":"instock","12":"sale","13":"taxable","14":"shipping-taxable","15":"purchasable","16":"product-type-simple"},"_links":{"self":[{"href":"https:\/\/stylingagenten.com\/da\/wp-json\/wp\/v2\/product\/145540","targetHints":{"allow":["GET"]}}],"collection":[{"href":"https:\/\/stylingagenten.com\/da\/wp-json\/wp\/v2\/product"}],"about":[{"href":"https:\/\/stylingagenten.com\/da\/wp-json\/wp\/v2\/types\/product"}],"replies":[{"embeddable":true,"href":"https:\/\/stylingagenten.com\/da\/wp-json\/wp\/v2\/comments?post=145540"}],"version-history":[{"count":0,"href":"https:\/\/stylingagenten.com\/da\/wp-json\/wp\/v2\/product\/145540\/revisions"}],"wp:featuredmedia":[{"embeddable":true,"href":"https:\/\/stylingagenten.com\/da\/wp-json\/wp\/v2\/media\/145539"}],"wp:attachment":[{"href":"https:\/\/stylingagenten.com\/da\/wp-json\/wp\/v2\/media?parent=145540"}],"wp:term":[{"taxonomy":"product_brand","embeddable":true,"href":"https:\/\/stylingagenten.com\/da\/wp-json\/wp\/v2\/product_brand?post=145540"},{"taxonomy":"product_cat","embeddable":true,"href":"https:\/\/stylingagenten.com\/da\/wp-json\/wp\/v2\/product_cat?post=145540"},{"taxonomy":"product_tag","embeddable":true,"href":"https:\/\/stylingagenten.com\/da\/wp-json\/wp\/v2\/product_tag?post=145540"},{"taxonomy":"berocket_brand","embeddable":true,"href":"https:\/\/stylingagenten.com\/da\/wp-json\/wp\/v2\/berocket_brand?post=145540"}],"curies":[{"name":"wp","href":"https:\/\/api.w.org\/{rel}","templated":true}]}}