{"id":145535,"date":"2025-05-18T23:31:38","date_gmt":"2025-05-18T23:31:38","guid":{"rendered":"https:\/\/staging2.stylingagenten.com\/da\/produkt\/2-pack-batiste-dry-shampoo-original-stor-200ml\/"},"modified":"2025-12-18T21:32:34","modified_gmt":"2025-12-18T21:32:34","slug":"2-pack-batiste-dry-shampoo-original-stor-200ml","status":"publish","type":"product","link":"https:\/\/stylingagenten.com\/da\/produkt\/2-pack-batiste-dry-shampoo-original-stor-200ml\/","title":{"rendered":"2-pack Batiste Dry Shampoo Original 200ml"},"content":{"rendered":"<p>Batiste t\u00f8rshampoo er det perfekte produkt, der straks renser og opfrisker dit h\u00e5r mellem hver vask. Batiste t\u00f8rshampoo f\u00e5s i flere forskellige varianter, er nem at p\u00e5f\u00f8re og giver dit h\u00e5r et &#8220;nyvasket&#8221; look. udseende.<\/p>\n<p>Batiste Dry Shampoo Original har en klassisk frisk duft.<\/p>\n","protected":false},"excerpt":{"rendered":"<p>Batiste t\u00f8rshampoo er det perfekte produkt, der straks renser og opfrisker dit h\u00e5r mellem hver vask. Batiste t\u00f8rshampoo f\u00e5s i flere forskellige varianter, er nem at p\u00e5f\u00f8re og giver dit h\u00e5r et &#8220;nyvasket&#8221; look. udseende. Batiste Dry Shampoo Original har en klassisk frisk duft.<\/p>\n","protected":false},"featured_media":145534,"comment_status":"open","ping_status":"closed","template":"","meta":{"_trash_the_other_posts":false},"product_brand":[],"product_cat":[672,575],"product_tag":[],"berocket_brand":[1136],"class_list":{"0":"post-145535","1":"product","2":"type-product","3":"status-publish","4":"has-post-thumbnail","6":"product_cat-multipack-har","7":"product_cat-toer-shampoo","8":"pa_brand-batiste","9":"berocket_brand-batiste","11":"first","12":"instock","13":"sale","14":"taxable","15":"shipping-taxable","16":"purchasable","17":"product-type-simple"},"_links":{"self":[{"href":"https:\/\/stylingagenten.com\/da\/wp-json\/wp\/v2\/product\/145535","targetHints":{"allow":["GET"]}}],"collection":[{"href":"https:\/\/stylingagenten.com\/da\/wp-json\/wp\/v2\/product"}],"about":[{"href":"https:\/\/stylingagenten.com\/da\/wp-json\/wp\/v2\/types\/product"}],"replies":[{"embeddable":true,"href":"https:\/\/stylingagenten.com\/da\/wp-json\/wp\/v2\/comments?post=145535"}],"version-history":[{"count":0,"href":"https:\/\/stylingagenten.com\/da\/wp-json\/wp\/v2\/product\/145535\/revisions"}],"wp:featuredmedia":[{"embeddable":true,"href":"https:\/\/stylingagenten.com\/da\/wp-json\/wp\/v2\/media\/145534"}],"wp:attachment":[{"href":"https:\/\/stylingagenten.com\/da\/wp-json\/wp\/v2\/media?parent=145535"}],"wp:term":[{"taxonomy":"product_brand","embeddable":true,"href":"https:\/\/stylingagenten.com\/da\/wp-json\/wp\/v2\/product_brand?post=145535"},{"taxonomy":"product_cat","embeddable":true,"href":"https:\/\/stylingagenten.com\/da\/wp-json\/wp\/v2\/product_cat?post=145535"},{"taxonomy":"product_tag","embeddable":true,"href":"https:\/\/stylingagenten.com\/da\/wp-json\/wp\/v2\/product_tag?post=145535"},{"taxonomy":"berocket_brand","embeddable":true,"href":"https:\/\/stylingagenten.com\/da\/wp-json\/wp\/v2\/berocket_brand?post=145535"}],"curies":[{"name":"wp","href":"https:\/\/api.w.org\/{rel}","templated":true}]}}