{"id":145503,"date":"2025-05-18T23:31:31","date_gmt":"2025-05-18T23:31:31","guid":{"rendered":"https:\/\/staging2.stylingagenten.com\/da\/produkt\/rco-death-valley-dry-shampoo-75ml\/"},"modified":"2025-11-19T12:02:57","modified_gmt":"2025-11-19T12:02:57","slug":"rco-death-valley-dry-shampoo-75ml","status":"publish","type":"product","link":"https:\/\/stylingagenten.com\/da\/produkt\/rco-death-valley-dry-shampoo-75ml\/","title":{"rendered":"R+Co Death Valley Dry Shampoo 75ml"},"content":{"rendered":"<p>Death Valley Dry Shampoo<br \/>Ikke direkte som en almindelig t\u00f8rshampoo. Death Vally er den hurtigste m\u00e5de at skabe volumen og fylde p\u00e5. <\/p>\n<p>God til: Stort, rodet Bardot- eller Bon Jovi-h\u00e5r.<\/p>\n<p>S\u00e5dan bruges:<br \/>Spray p\u00e5 dit h\u00e5r, n\u00e5r du har lyst, og det vil \u00f8jeblikkeligt blive sjovere.<\/p>\n","protected":false},"excerpt":{"rendered":"<p>Death Valley Dry ShampooIkke direkte som en almindelig t\u00f8rshampoo. Death Vally er den hurtigste m\u00e5de at skabe volumen og fylde p\u00e5. God til: Stort, rodet Bardot- eller Bon Jovi-h\u00e5r. S\u00e5dan bruges:Spray p\u00e5 dit h\u00e5r, n\u00e5r du har lyst, og det vil \u00f8jeblikkeligt blive sjovere.<\/p>\n","protected":false},"featured_media":145501,"comment_status":"open","ping_status":"closed","template":"","meta":{"_trash_the_other_posts":false},"product_brand":[],"product_cat":[575],"product_tag":[],"berocket_brand":[1373],"class_list":{"0":"post-145503","1":"product","2":"type-product","3":"status-publish","4":"has-post-thumbnail","6":"product_cat-toer-shampoo","7":"pa_brand-rco","8":"berocket_brand-rco","10":"first","11":"outofstock","12":"sale","13":"taxable","14":"shipping-taxable","15":"purchasable","16":"product-type-simple"},"_links":{"self":[{"href":"https:\/\/stylingagenten.com\/da\/wp-json\/wp\/v2\/product\/145503","targetHints":{"allow":["GET"]}}],"collection":[{"href":"https:\/\/stylingagenten.com\/da\/wp-json\/wp\/v2\/product"}],"about":[{"href":"https:\/\/stylingagenten.com\/da\/wp-json\/wp\/v2\/types\/product"}],"replies":[{"embeddable":true,"href":"https:\/\/stylingagenten.com\/da\/wp-json\/wp\/v2\/comments?post=145503"}],"version-history":[{"count":0,"href":"https:\/\/stylingagenten.com\/da\/wp-json\/wp\/v2\/product\/145503\/revisions"}],"wp:featuredmedia":[{"embeddable":true,"href":"https:\/\/stylingagenten.com\/da\/wp-json\/wp\/v2\/media\/145501"}],"wp:attachment":[{"href":"https:\/\/stylingagenten.com\/da\/wp-json\/wp\/v2\/media?parent=145503"}],"wp:term":[{"taxonomy":"product_brand","embeddable":true,"href":"https:\/\/stylingagenten.com\/da\/wp-json\/wp\/v2\/product_brand?post=145503"},{"taxonomy":"product_cat","embeddable":true,"href":"https:\/\/stylingagenten.com\/da\/wp-json\/wp\/v2\/product_cat?post=145503"},{"taxonomy":"product_tag","embeddable":true,"href":"https:\/\/stylingagenten.com\/da\/wp-json\/wp\/v2\/product_tag?post=145503"},{"taxonomy":"berocket_brand","embeddable":true,"href":"https:\/\/stylingagenten.com\/da\/wp-json\/wp\/v2\/berocket_brand?post=145503"}],"curies":[{"name":"wp","href":"https:\/\/api.w.org\/{rel}","templated":true}]}}