{"id":145497,"date":"2025-05-18T23:31:29","date_gmt":"2025-05-18T23:31:29","guid":{"rendered":"https:\/\/staging2.stylingagenten.com\/da\/produkt\/balmain-dry-shampoo-300ml\/"},"modified":"2026-03-11T22:00:28","modified_gmt":"2026-03-11T22:00:28","slug":"balmain-dry-shampoo-300ml","status":"publish","type":"product","link":"https:\/\/stylingagenten.com\/da\/produkt\/balmain-dry-shampoo-300ml\/","title":{"rendered":"Balmain Dry Shampoo 300ml"},"content":{"rendered":"<p>Balmain Hair Couture Dry Shampoo er specielt formuleret til \u00f8jeblikkeligt at genopfriske fedtet, fedtet h\u00e5r. Beriget med signaturblandingen af \u200b\u200bArgan Elixir og Silke Protein renser dette alsidige produkt h\u00e5ret, mens det tilf\u00f8jer volumen. Produktet absorberer snavs og efterlader h\u00e5ret med en &#8220;nyvasket&#8221; f\u00f8lelse. Den lette formel l\u00f8fter h\u00e5ret fra roden for at skabe det ultimative glatte resultat. Signaturduften fjerner u\u00f8nskede lugte og efterlader h\u00e5ret med en subtil forfriskende duft.<\/p>\n","protected":false},"excerpt":{"rendered":"<p>Balmain Hair Couture Dry Shampoo er specielt formuleret til \u00f8jeblikkeligt at genopfriske fedtet, fedtet h\u00e5r. Beriget med signaturblandingen af \u200b\u200bArgan Elixir og Silke Protein renser dette alsidige produkt h\u00e5ret, mens det tilf\u00f8jer volumen. Produktet absorberer snavs og efterlader h\u00e5ret med en &#8220;nyvasket&#8221; f\u00f8lelse. Den lette formel l\u00f8fter h\u00e5ret fra roden for at skabe det ultimative [&hellip;]<\/p>\n","protected":false},"featured_media":145495,"comment_status":"open","ping_status":"closed","template":"","meta":{"_trash_the_other_posts":false},"product_brand":[],"product_cat":[575],"product_tag":[2456],"berocket_brand":[1144],"class_list":{"0":"post-145497","1":"product","2":"type-product","3":"status-publish","4":"has-post-thumbnail","6":"product_cat-toer-shampoo","7":"product_tag-balmain-dry-shampoo","8":"pa_brand-balmain","9":"pa_variant-300ml","10":"berocket_brand-balmain","12":"first","13":"instock","14":"sale","15":"taxable","16":"shipping-taxable","17":"purchasable","18":"product-type-simple"},"_links":{"self":[{"href":"https:\/\/stylingagenten.com\/da\/wp-json\/wp\/v2\/product\/145497","targetHints":{"allow":["GET"]}}],"collection":[{"href":"https:\/\/stylingagenten.com\/da\/wp-json\/wp\/v2\/product"}],"about":[{"href":"https:\/\/stylingagenten.com\/da\/wp-json\/wp\/v2\/types\/product"}],"replies":[{"embeddable":true,"href":"https:\/\/stylingagenten.com\/da\/wp-json\/wp\/v2\/comments?post=145497"}],"version-history":[{"count":0,"href":"https:\/\/stylingagenten.com\/da\/wp-json\/wp\/v2\/product\/145497\/revisions"}],"wp:featuredmedia":[{"embeddable":true,"href":"https:\/\/stylingagenten.com\/da\/wp-json\/wp\/v2\/media\/145495"}],"wp:attachment":[{"href":"https:\/\/stylingagenten.com\/da\/wp-json\/wp\/v2\/media?parent=145497"}],"wp:term":[{"taxonomy":"product_brand","embeddable":true,"href":"https:\/\/stylingagenten.com\/da\/wp-json\/wp\/v2\/product_brand?post=145497"},{"taxonomy":"product_cat","embeddable":true,"href":"https:\/\/stylingagenten.com\/da\/wp-json\/wp\/v2\/product_cat?post=145497"},{"taxonomy":"product_tag","embeddable":true,"href":"https:\/\/stylingagenten.com\/da\/wp-json\/wp\/v2\/product_tag?post=145497"},{"taxonomy":"berocket_brand","embeddable":true,"href":"https:\/\/stylingagenten.com\/da\/wp-json\/wp\/v2\/berocket_brand?post=145497"}],"curies":[{"name":"wp","href":"https:\/\/api.w.org\/{rel}","templated":true}]}}