{"id":145494,"date":"2025-05-18T23:31:28","date_gmt":"2025-05-18T23:31:28","guid":{"rendered":"https:\/\/staging2.stylingagenten.com\/da\/produkt\/olaplex-no-4d-clean-volume-detox-dry-shampoo-250ml\/"},"modified":"2026-04-08T22:08:42","modified_gmt":"2026-04-08T22:08:42","slug":"olaplex-no-4d-clean-volume-detox-dry-shampoo-250ml","status":"publish","type":"product","link":"https:\/\/stylingagenten.com\/da\/produkt\/olaplex-no-4d-clean-volume-detox-dry-shampoo-250ml\/","title":{"rendered":"Olaplex No.4D Clean Volume Detox Dry Shampoo 250ml"},"content":{"rendered":"<p>Olaplex No.4D Clean Volume Detox Dry Shampoo er en innovativ, volumengivende t\u00f8rshampoo med sk\u00e5nsomme ingredienser, der giver en sund hovedbund. Absorberer olier, fjerner \u00f8jeblikkeligt u\u00f8nskede lugte og skaber f\u00f8lelsen af \u200b\u200bnyvasket h\u00e5r uden hverken at give en produktf\u00f8lelse eller tynge h\u00e5ret ned. Med sin unikke formel beskytter den h\u00e5ret mod urenheder og forurening, samtidig med at den styrker h\u00e5ret takket v\u00e6re Olaplexs patenterede molekyle. Sammens\u00e6tningen af \u200b\u200bingredienser er med til at opretholde en frisk og sund hovedbund mellem vaskene. Det giver et \u00f8jeblikkeligt resultat med en f\u00f8lelse af bl\u00f8dt, skinnende og nyvasket h\u00e5r.<\/p>\n<p>Anvendelse:<br \/>Ryst flasken godt. Hold flasken i en afstand p\u00e5 ca. 20 cm og spray gennem h\u00e5ret med fokus p\u00e5 hovedbunden. Vent 30 sekunder og mass\u00e9r derefter produktet ind med fingrene.<\/p>\n","protected":false},"excerpt":{"rendered":"<p>Olaplex No.4D Clean Volume Detox Dry Shampoo er en innovativ, volumengivende t\u00f8rshampoo med sk\u00e5nsomme ingredienser, der giver en sund hovedbund. Absorberer olier, fjerner \u00f8jeblikkeligt u\u00f8nskede lugte og skaber f\u00f8lelsen af \u200b\u200bnyvasket h\u00e5r uden hverken at give en produktf\u00f8lelse eller tynge h\u00e5ret ned. Med sin unikke formel beskytter den h\u00e5ret mod urenheder og forurening, samtidig med [&hellip;]<\/p>\n","protected":false},"featured_media":145466,"comment_status":"open","ping_status":"closed","template":"","meta":{"_trash_the_other_posts":false},"product_brand":[],"product_cat":[575],"product_tag":[],"berocket_brand":[1023],"class_list":{"0":"post-145494","1":"product","2":"type-product","3":"status-publish","4":"has-post-thumbnail","6":"product_cat-toer-shampoo","7":"pa_brand-olaplex","8":"berocket_brand-olaplex","10":"first","11":"instock","12":"sale","13":"taxable","14":"shipping-taxable","15":"purchasable","16":"product-type-simple"},"_links":{"self":[{"href":"https:\/\/stylingagenten.com\/da\/wp-json\/wp\/v2\/product\/145494","targetHints":{"allow":["GET"]}}],"collection":[{"href":"https:\/\/stylingagenten.com\/da\/wp-json\/wp\/v2\/product"}],"about":[{"href":"https:\/\/stylingagenten.com\/da\/wp-json\/wp\/v2\/types\/product"}],"replies":[{"embeddable":true,"href":"https:\/\/stylingagenten.com\/da\/wp-json\/wp\/v2\/comments?post=145494"}],"version-history":[{"count":0,"href":"https:\/\/stylingagenten.com\/da\/wp-json\/wp\/v2\/product\/145494\/revisions"}],"wp:featuredmedia":[{"embeddable":true,"href":"https:\/\/stylingagenten.com\/da\/wp-json\/wp\/v2\/media\/145466"}],"wp:attachment":[{"href":"https:\/\/stylingagenten.com\/da\/wp-json\/wp\/v2\/media?parent=145494"}],"wp:term":[{"taxonomy":"product_brand","embeddable":true,"href":"https:\/\/stylingagenten.com\/da\/wp-json\/wp\/v2\/product_brand?post=145494"},{"taxonomy":"product_cat","embeddable":true,"href":"https:\/\/stylingagenten.com\/da\/wp-json\/wp\/v2\/product_cat?post=145494"},{"taxonomy":"product_tag","embeddable":true,"href":"https:\/\/stylingagenten.com\/da\/wp-json\/wp\/v2\/product_tag?post=145494"},{"taxonomy":"berocket_brand","embeddable":true,"href":"https:\/\/stylingagenten.com\/da\/wp-json\/wp\/v2\/berocket_brand?post=145494"}],"curies":[{"name":"wp","href":"https:\/\/api.w.org\/{rel}","templated":true}]}}