{"id":145488,"date":"2025-05-18T23:31:27","date_gmt":"2025-05-18T23:31:27","guid":{"rendered":"https:\/\/staging2.stylingagenten.com\/da\/produkt\/maria-nila-invisidry-shampoo-100ml\/"},"modified":"2026-03-11T21:48:53","modified_gmt":"2026-03-11T21:48:53","slug":"maria-nila-invisidry-shampoo-100ml","status":"publish","type":"product","link":"https:\/\/stylingagenten.com\/da\/produkt\/maria-nila-invisidry-shampoo-100ml\/","title":{"rendered":"Maria Nila Invisidry Shampoo 100ml"},"content":{"rendered":"<p>En let t\u00f8rshampoo i sprayform, der hurtigt frisker h\u00e5r og hovedbund op fra fedt og snavs mellem vaskene. Invisidry Shampoo efterlader intet synligt produkt i h\u00e5ret takket v\u00e6re dens innovative formel og er derfor perfekt til b\u00e5de blondt og m\u00f8rkt h\u00e5r. Produktet har en frugtagtig duft af passionsfrugt og \u00e6ble.<br \/>Pris 1\/5<br \/>Opfrisker h\u00e5ret mellem hver vask<br \/>Passer til b\u00e5de lyst og m\u00f8rkt h\u00e5r<br \/>100 % vegansk og dyrevenlig<\/p>\n","protected":false},"excerpt":{"rendered":"<p>En let t\u00f8rshampoo i sprayform, der hurtigt frisker h\u00e5r og hovedbund op fra fedt og snavs mellem vaskene. Invisidry Shampoo efterlader intet synligt produkt i h\u00e5ret takket v\u00e6re dens innovative formel og er derfor perfekt til b\u00e5de blondt og m\u00f8rkt h\u00e5r. Produktet har en frugtagtig duft af passionsfrugt og \u00e6ble.Pris 1\/5Opfrisker h\u00e5ret mellem hver vaskPasser [&hellip;]<\/p>\n","protected":false},"featured_media":145485,"comment_status":"open","ping_status":"closed","template":"","meta":{"_trash_the_other_posts":false},"product_brand":[],"product_cat":[575],"product_tag":[3412],"berocket_brand":[1388],"class_list":{"0":"post-145488","1":"product","2":"type-product","3":"status-publish","4":"has-post-thumbnail","6":"product_cat-toer-shampoo","7":"product_tag-maria-nila-invisidry-shampoo","8":"pa_brand-maria-nila","9":"pa_variant-100ml","10":"berocket_brand-maria-nila","12":"first","13":"instock","14":"sale","15":"taxable","16":"shipping-taxable","17":"purchasable","18":"product-type-simple"},"_links":{"self":[{"href":"https:\/\/stylingagenten.com\/da\/wp-json\/wp\/v2\/product\/145488","targetHints":{"allow":["GET"]}}],"collection":[{"href":"https:\/\/stylingagenten.com\/da\/wp-json\/wp\/v2\/product"}],"about":[{"href":"https:\/\/stylingagenten.com\/da\/wp-json\/wp\/v2\/types\/product"}],"replies":[{"embeddable":true,"href":"https:\/\/stylingagenten.com\/da\/wp-json\/wp\/v2\/comments?post=145488"}],"version-history":[{"count":0,"href":"https:\/\/stylingagenten.com\/da\/wp-json\/wp\/v2\/product\/145488\/revisions"}],"wp:featuredmedia":[{"embeddable":true,"href":"https:\/\/stylingagenten.com\/da\/wp-json\/wp\/v2\/media\/145485"}],"wp:attachment":[{"href":"https:\/\/stylingagenten.com\/da\/wp-json\/wp\/v2\/media?parent=145488"}],"wp:term":[{"taxonomy":"product_brand","embeddable":true,"href":"https:\/\/stylingagenten.com\/da\/wp-json\/wp\/v2\/product_brand?post=145488"},{"taxonomy":"product_cat","embeddable":true,"href":"https:\/\/stylingagenten.com\/da\/wp-json\/wp\/v2\/product_cat?post=145488"},{"taxonomy":"product_tag","embeddable":true,"href":"https:\/\/stylingagenten.com\/da\/wp-json\/wp\/v2\/product_tag?post=145488"},{"taxonomy":"berocket_brand","embeddable":true,"href":"https:\/\/stylingagenten.com\/da\/wp-json\/wp\/v2\/berocket_brand?post=145488"}],"curies":[{"name":"wp","href":"https:\/\/api.w.org\/{rel}","templated":true}]}}