{"id":145487,"date":"2025-05-18T23:31:27","date_gmt":"2025-05-18T23:31:27","guid":{"rendered":"https:\/\/staging2.stylingagenten.com\/da\/produkt\/living-proof-perfect-hair-day-advanced-clean-dry-shampoo-198ml\/"},"modified":"2026-04-08T15:29:31","modified_gmt":"2026-04-08T15:29:31","slug":"living-proof-perfect-hair-day-advanced-clean-dry-shampoo-198ml","status":"publish","type":"product","link":"https:\/\/stylingagenten.com\/da\/produkt\/living-proof-perfect-hair-day-advanced-clean-dry-shampoo-198ml\/","title":{"rendered":"Living Proof Perfect Hair Day Advanced Clean Dry Shampoo 198ml"},"content":{"rendered":"<p>Living Proof har gjort det umulige muligt. En t\u00f8rshampoo, der giver dig h\u00e5r lige s\u00e5 rent som med traditionel shampoo. Men uden vand. Med den nye Advanced Clean Dry Shampoo slipper du nemt af med olie, sved og lugt, samtidig med at den tilf\u00f8rer bl\u00f8dhed, glans og en nyvasket f\u00f8lelse.<\/p>\n<p>\u2022 Renser som traditionel shampoo<br \/>\n<br \/>\u2022 Giver samme f\u00f8lelse og udseende som nyvasket h\u00e5r<br \/>\n<br \/>\u2022 Renser virkelig h\u00e5ret og fjerner olie, sved og lugt<br \/>\n<br \/>\u2022 Plejende egenskaber, der g\u00f8r h\u00e5ret bl\u00f8dt, blankt og h\u00e5ndterbart<br \/>\n<br \/>\u2022 Balancerer sebumniveauerne, s\u00e5 du kan vente endnu l\u00e6ngere mellem h\u00e5rvaskene<br \/>\n<br \/>\u2022 Efterlader ingen synlige eller teksturerede rester<br \/>\n<br \/>\u2022 Frisker hovedbunden op<\/p>\n<p>198 ml<\/p>\n","protected":false},"excerpt":{"rendered":"<p>Living Proof har gjort det umulige muligt. En t\u00f8rshampoo, der giver dig h\u00e5r lige s\u00e5 rent som med traditionel shampoo. Men uden vand. Med den nye Advanced Clean Dry Shampoo slipper du nemt af med olie, sved og lugt, samtidig med at den tilf\u00f8rer bl\u00f8dhed, glans og en nyvasket f\u00f8lelse. \u2022 Renser som traditionel shampoo [&hellip;]<\/p>\n","protected":false},"featured_media":145467,"comment_status":"open","ping_status":"closed","template":"","meta":{"_trash_the_other_posts":false},"product_brand":[],"product_cat":[575],"product_tag":[3224],"berocket_brand":[1392],"class_list":{"0":"post-145487","1":"product","2":"type-product","3":"status-publish","4":"has-post-thumbnail","6":"product_cat-toer-shampoo","7":"product_tag-living-proof-perfect-hair-day-advanced-clean-dry-shampoo","8":"pa_brand-living-proof","9":"pa_variant-198ml","10":"berocket_brand-living-proof","12":"first","13":"instock","14":"sale","15":"taxable","16":"shipping-taxable","17":"purchasable","18":"product-type-simple"},"_links":{"self":[{"href":"https:\/\/stylingagenten.com\/da\/wp-json\/wp\/v2\/product\/145487","targetHints":{"allow":["GET"]}}],"collection":[{"href":"https:\/\/stylingagenten.com\/da\/wp-json\/wp\/v2\/product"}],"about":[{"href":"https:\/\/stylingagenten.com\/da\/wp-json\/wp\/v2\/types\/product"}],"replies":[{"embeddable":true,"href":"https:\/\/stylingagenten.com\/da\/wp-json\/wp\/v2\/comments?post=145487"}],"version-history":[{"count":0,"href":"https:\/\/stylingagenten.com\/da\/wp-json\/wp\/v2\/product\/145487\/revisions"}],"wp:featuredmedia":[{"embeddable":true,"href":"https:\/\/stylingagenten.com\/da\/wp-json\/wp\/v2\/media\/145467"}],"wp:attachment":[{"href":"https:\/\/stylingagenten.com\/da\/wp-json\/wp\/v2\/media?parent=145487"}],"wp:term":[{"taxonomy":"product_brand","embeddable":true,"href":"https:\/\/stylingagenten.com\/da\/wp-json\/wp\/v2\/product_brand?post=145487"},{"taxonomy":"product_cat","embeddable":true,"href":"https:\/\/stylingagenten.com\/da\/wp-json\/wp\/v2\/product_cat?post=145487"},{"taxonomy":"product_tag","embeddable":true,"href":"https:\/\/stylingagenten.com\/da\/wp-json\/wp\/v2\/product_tag?post=145487"},{"taxonomy":"berocket_brand","embeddable":true,"href":"https:\/\/stylingagenten.com\/da\/wp-json\/wp\/v2\/berocket_brand?post=145487"}],"curies":[{"name":"wp","href":"https:\/\/api.w.org\/{rel}","templated":true}]}}