{"id":145453,"date":"2025-05-18T23:31:20","date_gmt":"2025-05-18T23:31:20","guid":{"rendered":"https:\/\/staging2.stylingagenten.com\/da\/produkt\/eleven-australia-give-me-clean-hair-dry-shampoo-130g\/"},"modified":"2026-03-11T21:49:25","modified_gmt":"2026-03-11T21:49:25","slug":"eleven-australia-give-me-clean-hair-dry-shampoo-130g","status":"publish","type":"product","link":"https:\/\/stylingagenten.com\/da\/produkt\/eleven-australia-give-me-clean-hair-dry-shampoo-130g\/","title":{"rendered":"Eleven Australia Give Me Clean Hair Dry Shampoo 130g"},"content":{"rendered":"<p>Vi g\u00e5r l\u00e6ngere end nogensinde mellem vaskene. Give Me Clean Hair Dry Shampoo er et quick-fix for en \u00f8jeblikkelig frisk f\u00f8lelse uden at fugte h\u00e5ret. Den er nem at p\u00e5f\u00f8re, og den neutraliserer olier og lugte samtidig med, at den bevarer h\u00e5rets naturlige tekstur og volumen. Ryst godt f\u00f8r brug og spray fra en afstand p\u00e5 25 cm ind i t\u00f8rt h\u00e5r p\u00e5 fedtede dele. B\u00f8rst ud eller spred med fingrene.<\/p>\n","protected":false},"excerpt":{"rendered":"<p>Vi g\u00e5r l\u00e6ngere end nogensinde mellem vaskene. Give Me Clean Hair Dry Shampoo er et quick-fix for en \u00f8jeblikkelig frisk f\u00f8lelse uden at fugte h\u00e5ret. Den er nem at p\u00e5f\u00f8re, og den neutraliserer olier og lugte samtidig med, at den bevarer h\u00e5rets naturlige tekstur og volumen. Ryst godt f\u00f8r brug og spray fra en afstand [&hellip;]<\/p>\n","protected":false},"featured_media":145443,"comment_status":"open","ping_status":"closed","template":"","meta":{"_trash_the_other_posts":false},"product_brand":[],"product_cat":[575],"product_tag":[],"berocket_brand":[1386],"class_list":{"0":"post-145453","1":"product","2":"type-product","3":"status-publish","4":"has-post-thumbnail","6":"product_cat-toer-shampoo","7":"pa_brand-eleven-australia","8":"berocket_brand-eleven-australia","10":"first","11":"instock","12":"sale","13":"taxable","14":"shipping-taxable","15":"purchasable","16":"product-type-simple"},"_links":{"self":[{"href":"https:\/\/stylingagenten.com\/da\/wp-json\/wp\/v2\/product\/145453","targetHints":{"allow":["GET"]}}],"collection":[{"href":"https:\/\/stylingagenten.com\/da\/wp-json\/wp\/v2\/product"}],"about":[{"href":"https:\/\/stylingagenten.com\/da\/wp-json\/wp\/v2\/types\/product"}],"replies":[{"embeddable":true,"href":"https:\/\/stylingagenten.com\/da\/wp-json\/wp\/v2\/comments?post=145453"}],"version-history":[{"count":0,"href":"https:\/\/stylingagenten.com\/da\/wp-json\/wp\/v2\/product\/145453\/revisions"}],"wp:featuredmedia":[{"embeddable":true,"href":"https:\/\/stylingagenten.com\/da\/wp-json\/wp\/v2\/media\/145443"}],"wp:attachment":[{"href":"https:\/\/stylingagenten.com\/da\/wp-json\/wp\/v2\/media?parent=145453"}],"wp:term":[{"taxonomy":"product_brand","embeddable":true,"href":"https:\/\/stylingagenten.com\/da\/wp-json\/wp\/v2\/product_brand?post=145453"},{"taxonomy":"product_cat","embeddable":true,"href":"https:\/\/stylingagenten.com\/da\/wp-json\/wp\/v2\/product_cat?post=145453"},{"taxonomy":"product_tag","embeddable":true,"href":"https:\/\/stylingagenten.com\/da\/wp-json\/wp\/v2\/product_tag?post=145453"},{"taxonomy":"berocket_brand","embeddable":true,"href":"https:\/\/stylingagenten.com\/da\/wp-json\/wp\/v2\/berocket_brand?post=145453"}],"curies":[{"name":"wp","href":"https:\/\/api.w.org\/{rel}","templated":true}]}}