{"id":145449,"date":"2025-05-18T23:31:20","date_gmt":"2025-05-18T23:31:20","guid":{"rendered":"https:\/\/staging2.stylingagenten.com\/da\/produkt\/maria-nila-soothing-dry-shampoo-250ml\/"},"modified":"2026-03-11T21:57:40","modified_gmt":"2026-03-11T21:57:40","slug":"maria-nila-soothing-dry-shampoo-250ml","status":"publish","type":"product","link":"https:\/\/stylingagenten.com\/da\/produkt\/maria-nila-soothing-dry-shampoo-250ml\/","title":{"rendered":"Maria Nila Soothing Dry Shampoo 250ml"},"content":{"rendered":"<p>Soothing Dry Shampoo er en k\u00f8lende t\u00f8rshampoo, der opfrisker h\u00e5ret fra fedt og snavs p\u00e5 f\u00e5 sekunder og lindrer en kl\u00f8ende hovedbund. Indeholder aktive beroligende ingredienser som Aloe Vera og Niacinamid, der fremmer hovedbundens sundhed. Giver et let hold for en luftig og ren fornemmelse. Soothing Dry shampoo har en frisk blomsterduft af iris, hvid jasmin og ambra.<\/p>\n<p>Med sine blide og n\u00f8je udvalgte ingredienser er Soothing Dry Shampoo det perfekte produkt til dig, der er p\u00e5 farten og ikke vil g\u00e5 p\u00e5 kompromis med pleje af din hovedbund.<\/p>\n<p>Soothing Dry Shampoo indeholder 250 ml.<\/p>\n","protected":false},"excerpt":{"rendered":"<p>Soothing Dry Shampoo er en k\u00f8lende t\u00f8rshampoo, der opfrisker h\u00e5ret fra fedt og snavs p\u00e5 f\u00e5 sekunder og lindrer en kl\u00f8ende hovedbund. Indeholder aktive beroligende ingredienser som Aloe Vera og Niacinamid, der fremmer hovedbundens sundhed. Giver et let hold for en luftig og ren fornemmelse. Soothing Dry shampoo har en frisk blomsterduft af iris, hvid [&hellip;]<\/p>\n","protected":false},"featured_media":145440,"comment_status":"open","ping_status":"closed","template":"","meta":{"_trash_the_other_posts":false},"product_brand":[],"product_cat":[575],"product_tag":[],"berocket_brand":[1388],"class_list":{"0":"post-145449","1":"product","2":"type-product","3":"status-publish","4":"has-post-thumbnail","6":"product_cat-toer-shampoo","7":"pa_brand-maria-nila","8":"berocket_brand-maria-nila","10":"first","11":"instock","12":"taxable","13":"shipping-taxable","14":"purchasable","15":"product-type-simple"},"_links":{"self":[{"href":"https:\/\/stylingagenten.com\/da\/wp-json\/wp\/v2\/product\/145449","targetHints":{"allow":["GET"]}}],"collection":[{"href":"https:\/\/stylingagenten.com\/da\/wp-json\/wp\/v2\/product"}],"about":[{"href":"https:\/\/stylingagenten.com\/da\/wp-json\/wp\/v2\/types\/product"}],"replies":[{"embeddable":true,"href":"https:\/\/stylingagenten.com\/da\/wp-json\/wp\/v2\/comments?post=145449"}],"version-history":[{"count":0,"href":"https:\/\/stylingagenten.com\/da\/wp-json\/wp\/v2\/product\/145449\/revisions"}],"wp:featuredmedia":[{"embeddable":true,"href":"https:\/\/stylingagenten.com\/da\/wp-json\/wp\/v2\/media\/145440"}],"wp:attachment":[{"href":"https:\/\/stylingagenten.com\/da\/wp-json\/wp\/v2\/media?parent=145449"}],"wp:term":[{"taxonomy":"product_brand","embeddable":true,"href":"https:\/\/stylingagenten.com\/da\/wp-json\/wp\/v2\/product_brand?post=145449"},{"taxonomy":"product_cat","embeddable":true,"href":"https:\/\/stylingagenten.com\/da\/wp-json\/wp\/v2\/product_cat?post=145449"},{"taxonomy":"product_tag","embeddable":true,"href":"https:\/\/stylingagenten.com\/da\/wp-json\/wp\/v2\/product_tag?post=145449"},{"taxonomy":"berocket_brand","embeddable":true,"href":"https:\/\/stylingagenten.com\/da\/wp-json\/wp\/v2\/berocket_brand?post=145449"}],"curies":[{"name":"wp","href":"https:\/\/api.w.org\/{rel}","templated":true}]}}